{"id":2248,"date":"2018-01-02T14:17:05","date_gmt":"2018-01-02T14:17:05","guid":{"rendered":"http:\/\/www.jesuitasrioja.org\/aviso-legal\/"},"modified":"2019-02-20T14:56:40","modified_gmt":"2019-02-20T14:56:40","slug":"legal-disclaimer","status":"publish","type":"page","link":"https:\/\/www.jesuitasrioja.org\/en\/legal-disclaimer\/","title":{"rendered":"Legal disclaimer"},"content":{"rendered":"<p>The purpose of these General Terms and Conditions (hereinafter, T&amp;C) is to regulate the use of the website \u201chttp:\/\/ http:\/\/www.jesuitasrioja.org\/\u201d (hereinafter, \u201cthe website\u201d), owned by the school COLEGIO Y ESCUELA PROFESIONAL<\/p>\n<p>SAGRADO CORAZ\u00d3N (hereinafter, C.E.P SAGRADO CORAZ\u00d3N), holder of Spanish Tax Number (CIF) R2600007E, with registered address at DUQUES DE N\u00c1JERA, 19 \u2013 26002 LOGRO\u00d1O \u2013 LA RIOJA (SPAIN). The school is duly recorded<br \/>\nIn the Register of Religious Entities under number 004221.<br \/>\nThis educational centre is a vocational college, as authorised by a Spanish Ministerial Order of 17 May 1962 \u2013 published in the Official State Gazette (BOE) on 1 June 1962, and a school as authorised by a Spanish Ministerial Order<br \/>\nof 5 March 1964 \u2013 published in the BOE on 16 March 1964. C.E.P SAGRADO CORAZ\u00d3N may be contacted at the email address csc@jesuitasrioja.org, or by phoning +34 941 221 700.<\/p>\n<p>1. Terms and Conditions of Access<br \/>\nThe purpose of this website is to provide information on the school and college and the services it offers. Its use entails full acceptance of these T&amp;C by the User,<br \/>\nwhereby if you do not agree with the content of the same you are to refrain from using the website, as well as the services provided on it.<\/p>\n<p>C.E.P SAGRADO CORAZ\u00d3N reserves the right to make whatsoever changes it deems convenient, being entitled to modify, remove or include, with no prior warning, any content and\/or services, as well as the manner in which<br \/>\nthese are displayed and located, including the website\u2019s T&amp;C.<br \/>\nUsers accept that any access and use of the website and of the content included on the same that they may make are undertaken in a free and voluntary manner, under their sole responsibility, and they therefore agree to the following:<br \/>\n\uf0b7 Not to use the website for any activities that are contrary to the law, morals, and public order, in general, and to make due and proper use of it according to these T&amp;C,<br \/>\nas well as refrain from undertaking any act that might damage, disable, overload or impair the website and\/or impede its normal use and enjoyment by other Users.<br \/>\n\uf0b7 Not to manipulate or alter any of the website\u2019s content without the owner\u2019s express written consent. Whatsoever alteration, modification or manipulation without the owner\u2019s consent shall fully exempt the latter from all responsibility.<br \/>\n\uf0b7 Not to reproduce, copy, distribute, publicly disclose, transform or modify the content, unless the preceptive permission to do so is given by the holder of the corresponding rights<br \/>\nor it is legally permitted to do so; or to remove, elude or manipulate the Copyright and other data identifying the rights of C.E.P SAGRADO CORAZ\u00d3N or of its holders as included in the content,<br \/>\nas well as the technical security devices, or whatsoever information mechanisms said content may contain.<br \/>\n\uf0b7 No to use the website to introduce or spread software programs (viruses or any other kind of malware) that may compromise the website.<br \/>\nC.E.P SAGRADO CORAZ\u00d3N does not guarantee the website\u2019s availability and continuity, nor does it accept any liability for whatsoever losses and damages that may arise, or any technical malfunctions,<br \/>\nincluding viruses or other harmful elements, whatsoever their nature, arising from the use of the information and the website\u2019s content.<\/p>\n<p>2. Use of cookies<br \/>\nWith a view to providing a better service, C.E.P SAGRADO CORAZ\u00d3N may store small data files called cookies on the User\u2019s computer. These are used for the proper provision of some of the services provided, as well as for compiling<br \/>\nstatistics on the use of the website, diagnosing any problems that may arise, and administrating the services provided. In order to limit or restrict the acceptance of cookies on their equipment,<br \/>\nthe User may change the settings on their browser for this purpose. For more information, please visit our policy on cookies.<\/p>\n<p>3. Liability<br \/>\nThe User is liable for the losses and damages of all kinds that C.E.P SAGRADO CORAZ\u00d3N or any third party may incur due to any breach of the obligations they are subject to by these T&amp;C.<br \/>\nC.E.P SAGRADO CORAZ\u00d3N does not accept any liability nor exercise any control over any possible hyperlinks the website may have to any third-party content;<br \/>\nNevertheless, it will remove those links that include inappropriate content as soon as this comes to its attention.<\/p>\n<p>4. Intellectual and Industrial Property<br \/>\nThe User acknowledges that all the website\u2019s content, and specifically all its information and materials, the structure, selection, and provision of its content, programs and the development of apps used in<br \/>\nrelation to them, are protected by the intellectual and industrial rights held by the website\u2019s owner or, as appropriate, by third parties.<\/p>\n<p>Under no circumstances shall a User\u2019s access to or use of the website involve any kind of waiver, conveyance or assignment, either in part or in full, of those rights, nor confer any right to use, alter, exploit, reproduce, distribute or publicly disclose<br \/>\nsaid content without the express prior permission specifically granted accordingly by C.E.P SAGRADO CORAZ\u00d3N or by the third party holding the rights affected.<br \/>\nC.E.P SAGRADO CORAZ\u00d3N is the owner of the features that make up its website\u2019s graphic design, the menus, browser buttons, the code, texts, images, textures, graphics and any other content on the website<br \/>\nor, otherwise, it has the corresponding permission to use those features.<br \/>\nAll the brands, trademarks or distinctive signs displayed on this website are the property of C.E.P SAGRADO CORAZ\u00d3N and\/or of third parties. It is forbidden to use them or permanently download them, copy or distribute<br \/>\nthem by whatsoever means without their holder\u2019s preceptive consent. In the event that any User or a third party should consider that any content has been posted on the website in breach of their Intellectual or Industrial property rights,<br \/>\nthey should inform C.E.P SAGRADO CORAZ\u00d3N identifying both themselves and the holder of the intellectual or industrial property rights allegedly breached, specifying the holder or providing proof of representation<br \/>\nof said rights.<\/p>\n<p>&nbsp;<\/p>\n<p>5. Data protection<br \/>\nFor more information on the processing of your data, please read our Privacy Policy.<\/p>\n<p>6. Confidentiality<br \/>\nWhatsoever information that either of the parties provides or discloses to the other or which either of them have access to, shall be treated as confidential and may not be divulged, revealed, reproduced, copied, discussed with third parties,<br \/>\nor used by either of the parties for any purpose other than that for which it was provided.<\/p>\n<p>7. Applicable legislation and jurisdiction<br \/>\nThese T&amp;C are governed by the provision of Spanish Law. Concerning any matters that may arise between the parties regarding the interpretation and observance of this document, both parties expressly agree,<br \/>\nwith waiver of any other legal ambit to which they may be entitled, to the Courts and Tribunals of Logro\u00f1o (Spain).<\/p>","protected":false},"excerpt":{"rendered":"<p>The purpose of these General Terms and Conditions (hereinafter, T&amp;C) is to regulate the use of the website \u201chttp:\/\/ http:\/\/www.jesuitasrioja.org\/\u201d (hereinafter, \u201cthe website\u201d), owned by the school COLEGIO Y ESCUELA PROFESIONAL SAGRADO CORAZ\u00d3N (hereinafter, C.E.P SAGRADO CORAZ\u00d3N), holder of Spanish Tax Number (CIF) R2600007E, with registered address at DUQUES DE N\u00c1JERA, 19 \u2013 26002 LOGRO\u00d1O [&hellip;]<\/p>\n","protected":false},"author":1,"featured_media":2115,"parent":0,"menu_order":1000,"comment_status":"open","ping_status":"open","template":"","meta":{"_acf_changed":false,"footnotes":""},"acf":[],"yoast_head":"<!-- This site is optimized with the Yoast SEO Premium plugin v23.4 (Yoast SEO v24.2) - https:\/\/yoast.com\/wordpress\/plugins\/seo\/ -->\n<title>Legal disclaimer - Jesuitas Logro\u00f1o<\/title>\n<meta name=\"robots\" content=\"index, follow, max-snippet:-1, max-image-preview:large, max-video-preview:-1\" \/>\n<link rel=\"canonical\" href=\"https:\/\/www.jesuitasrioja.org\/en\/legal-disclaimer\/\" \/>\n<meta property=\"og:locale\" content=\"en_US\" \/>\n<meta property=\"og:type\" content=\"article\" \/>\n<meta property=\"og:title\" content=\"Legal disclaimer\" \/>\n<meta property=\"og:description\" content=\"The purpose of these General Terms and Conditions (hereinafter, T&amp;C) is to regulate the use of the website \u201chttp:\/\/ http:\/\/www.jesuitasrioja.org\/\u201d (hereinafter, \u201cthe website\u201d), owned by the school COLEGIO Y ESCUELA PROFESIONAL SAGRADO CORAZ\u00d3N (hereinafter, C.E.P SAGRADO CORAZ\u00d3N), holder of Spanish Tax Number (CIF) R2600007E, with registered address at DUQUES DE N\u00c1JERA, 19 \u2013 26002 LOGRO\u00d1O [&hellip;]\" \/>\n<meta property=\"og:url\" content=\"https:\/\/www.jesuitasrioja.org\/en\/legal-disclaimer\/\" \/>\n<meta property=\"og:site_name\" content=\"Jesuitas Logro\u00f1o\" \/>\n<meta property=\"article:publisher\" content=\"https:\/\/www.facebook.com\/jesuitasrioja?locale=es_ES\" \/>\n<meta property=\"article:modified_time\" content=\"2019-02-20T14:56:40+00:00\" \/>\n<meta property=\"og:image\" content=\"https:\/\/www.jesuitasrioja.org\/wp-content\/uploads\/2018\/01\/B_Documentos.jpg\" \/>\n\t<meta property=\"og:image:width\" content=\"2257\" \/>\n\t<meta property=\"og:image:height\" content=\"340\" \/>\n\t<meta property=\"og:image:type\" content=\"image\/jpeg\" \/>\n<meta name=\"twitter:card\" content=\"summary_large_image\" \/>\n<meta name=\"twitter:site\" content=\"@jesuitasrioja\" \/>\n<meta name=\"twitter:label1\" content=\"Est. reading time\" \/>\n\t<meta name=\"twitter:data1\" content=\"12 minutes\" \/>\n<script type=\"application\/ld+json\" class=\"yoast-schema-graph\">{\"@context\":\"https:\/\/schema.org\",\"@graph\":[{\"@type\":\"WebPage\",\"@id\":\"https:\/\/www.jesuitasrioja.org\/en\/legal-disclaimer\/\",\"url\":\"https:\/\/www.jesuitasrioja.org\/en\/legal-disclaimer\/\",\"name\":\"Legal disclaimer - Jesuitas Logro\u00f1o\",\"isPartOf\":{\"@id\":\"https:\/\/www.jesuitasrioja.org\/#website\"},\"primaryImageOfPage\":{\"@id\":\"https:\/\/www.jesuitasrioja.org\/en\/legal-disclaimer\/#primaryimage\"},\"image\":{\"@id\":\"https:\/\/www.jesuitasrioja.org\/en\/legal-disclaimer\/#primaryimage\"},\"thumbnailUrl\":\"https:\/\/www.jesuitasrioja.org\/wp-content\/uploads\/2018\/01\/B_Documentos.jpg\",\"datePublished\":\"2018-01-02T14:17:05+00:00\",\"dateModified\":\"2019-02-20T14:56:40+00:00\",\"breadcrumb\":{\"@id\":\"https:\/\/www.jesuitasrioja.org\/en\/legal-disclaimer\/#breadcrumb\"},\"inLanguage\":\"en-US\",\"potentialAction\":[{\"@type\":\"ReadAction\",\"target\":[\"https:\/\/www.jesuitasrioja.org\/en\/legal-disclaimer\/\"]}]},{\"@type\":\"ImageObject\",\"inLanguage\":\"en-US\",\"@id\":\"https:\/\/www.jesuitasrioja.org\/en\/legal-disclaimer\/#primaryimage\",\"url\":\"https:\/\/www.jesuitasrioja.org\/wp-content\/uploads\/2018\/01\/B_Documentos.jpg\",\"contentUrl\":\"https:\/\/www.jesuitasrioja.org\/wp-content\/uploads\/2018\/01\/B_Documentos.jpg\",\"width\":2257,\"height\":340},{\"@type\":\"BreadcrumbList\",\"@id\":\"https:\/\/www.jesuitasrioja.org\/en\/legal-disclaimer\/#breadcrumb\",\"itemListElement\":[{\"@type\":\"ListItem\",\"position\":1,\"name\":\"Portada\",\"item\":\"https:\/\/www.jesuitasrioja.org\/en\/inicio\/\"},{\"@type\":\"ListItem\",\"position\":2,\"name\":\"Legal disclaimer\"}]},{\"@type\":\"WebSite\",\"@id\":\"https:\/\/www.jesuitasrioja.org\/#website\",\"url\":\"https:\/\/www.jesuitasrioja.org\/\",\"name\":\"Jesuitas Logro\u00f1o\",\"description\":\"Centro Sagrado Coraz\u00f3n - Jesuitas Logro\u00f1o\",\"publisher\":{\"@id\":\"https:\/\/www.jesuitasrioja.org\/#organization\"},\"potentialAction\":[{\"@type\":\"SearchAction\",\"target\":{\"@type\":\"EntryPoint\",\"urlTemplate\":\"https:\/\/www.jesuitasrioja.org\/?s={search_term_string}\"},\"query-input\":{\"@type\":\"PropertyValueSpecification\",\"valueRequired\":true,\"valueName\":\"search_term_string\"}}],\"inLanguage\":\"en-US\"},{\"@type\":\"Organization\",\"@id\":\"https:\/\/www.jesuitasrioja.org\/#organization\",\"name\":\"Centro Sagrado Coraz\u00f3n Jesuitas\",\"url\":\"https:\/\/www.jesuitasrioja.org\/\",\"logo\":{\"@type\":\"ImageObject\",\"inLanguage\":\"en-US\",\"@id\":\"https:\/\/www.jesuitasrioja.org\/#\/schema\/logo\/image\/\",\"url\":\"https:\/\/www.jesuitasrioja.org\/wp-content\/uploads\/2020\/09\/Logo-completo-peque\u00f1o.png\",\"contentUrl\":\"https:\/\/www.jesuitasrioja.org\/wp-content\/uploads\/2020\/09\/Logo-completo-peque\u00f1o.png\",\"width\":300,\"height\":300,\"caption\":\"Centro Sagrado Coraz\u00f3n Jesuitas\"},\"image\":{\"@id\":\"https:\/\/www.jesuitasrioja.org\/#\/schema\/logo\/image\/\"},\"sameAs\":[\"https:\/\/www.facebook.com\/jesuitasrioja?locale=es_ES\",\"https:\/\/x.com\/jesuitasrioja\",\"https:\/\/www.instagram.com\/jesuitasrioja\/\"]}]}<\/script>\n<!-- \/ Yoast SEO Premium plugin. -->","yoast_head_json":{"title":"Legal disclaimer - Jesuitas Logro\u00f1o","robots":{"index":"index","follow":"follow","max-snippet":"max-snippet:-1","max-image-preview":"max-image-preview:large","max-video-preview":"max-video-preview:-1"},"canonical":"https:\/\/www.jesuitasrioja.org\/en\/legal-disclaimer\/","og_locale":"en_US","og_type":"article","og_title":"Legal disclaimer","og_description":"The purpose of these General Terms and Conditions (hereinafter, T&amp;C) is to regulate the use of the website \u201chttp:\/\/ http:\/\/www.jesuitasrioja.org\/\u201d (hereinafter, \u201cthe website\u201d), owned by the school COLEGIO Y ESCUELA PROFESIONAL SAGRADO CORAZ\u00d3N (hereinafter, C.E.P SAGRADO CORAZ\u00d3N), holder of Spanish Tax Number (CIF) R2600007E, with registered address at DUQUES DE N\u00c1JERA, 19 \u2013 26002 LOGRO\u00d1O [&hellip;]","og_url":"https:\/\/www.jesuitasrioja.org\/en\/legal-disclaimer\/","og_site_name":"Jesuitas Logro\u00f1o","article_publisher":"https:\/\/www.facebook.com\/jesuitasrioja?locale=es_ES","article_modified_time":"2019-02-20T14:56:40+00:00","og_image":[{"width":2257,"height":340,"url":"https:\/\/www.jesuitasrioja.org\/wp-content\/uploads\/2018\/01\/B_Documentos.jpg","type":"image\/jpeg"}],"twitter_card":"summary_large_image","twitter_site":"@jesuitasrioja","twitter_misc":{"Est. reading time":"12 minutes"},"schema":{"@context":"https:\/\/schema.org","@graph":[{"@type":"WebPage","@id":"https:\/\/www.jesuitasrioja.org\/en\/legal-disclaimer\/","url":"https:\/\/www.jesuitasrioja.org\/en\/legal-disclaimer\/","name":"Legal disclaimer - Jesuitas Logro\u00f1o","isPartOf":{"@id":"https:\/\/www.jesuitasrioja.org\/#website"},"primaryImageOfPage":{"@id":"https:\/\/www.jesuitasrioja.org\/en\/legal-disclaimer\/#primaryimage"},"image":{"@id":"https:\/\/www.jesuitasrioja.org\/en\/legal-disclaimer\/#primaryimage"},"thumbnailUrl":"https:\/\/www.jesuitasrioja.org\/wp-content\/uploads\/2018\/01\/B_Documentos.jpg","datePublished":"2018-01-02T14:17:05+00:00","dateModified":"2019-02-20T14:56:40+00:00","breadcrumb":{"@id":"https:\/\/www.jesuitasrioja.org\/en\/legal-disclaimer\/#breadcrumb"},"inLanguage":"en-US","potentialAction":[{"@type":"ReadAction","target":["https:\/\/www.jesuitasrioja.org\/en\/legal-disclaimer\/"]}]},{"@type":"ImageObject","inLanguage":"en-US","@id":"https:\/\/www.jesuitasrioja.org\/en\/legal-disclaimer\/#primaryimage","url":"https:\/\/www.jesuitasrioja.org\/wp-content\/uploads\/2018\/01\/B_Documentos.jpg","contentUrl":"https:\/\/www.jesuitasrioja.org\/wp-content\/uploads\/2018\/01\/B_Documentos.jpg","width":2257,"height":340},{"@type":"BreadcrumbList","@id":"https:\/\/www.jesuitasrioja.org\/en\/legal-disclaimer\/#breadcrumb","itemListElement":[{"@type":"ListItem","position":1,"name":"Portada","item":"https:\/\/www.jesuitasrioja.org\/en\/inicio\/"},{"@type":"ListItem","position":2,"name":"Legal disclaimer"}]},{"@type":"WebSite","@id":"https:\/\/www.jesuitasrioja.org\/#website","url":"https:\/\/www.jesuitasrioja.org\/","name":"Jesuitas Logro\u00f1o","description":"Centro Sagrado Coraz\u00f3n - Jesuitas Logro\u00f1o","publisher":{"@id":"https:\/\/www.jesuitasrioja.org\/#organization"},"potentialAction":[{"@type":"SearchAction","target":{"@type":"EntryPoint","urlTemplate":"https:\/\/www.jesuitasrioja.org\/?s={search_term_string}"},"query-input":{"@type":"PropertyValueSpecification","valueRequired":true,"valueName":"search_term_string"}}],"inLanguage":"en-US"},{"@type":"Organization","@id":"https:\/\/www.jesuitasrioja.org\/#organization","name":"Centro Sagrado Coraz\u00f3n Jesuitas","url":"https:\/\/www.jesuitasrioja.org\/","logo":{"@type":"ImageObject","inLanguage":"en-US","@id":"https:\/\/www.jesuitasrioja.org\/#\/schema\/logo\/image\/","url":"https:\/\/www.jesuitasrioja.org\/wp-content\/uploads\/2020\/09\/Logo-completo-peque\u00f1o.png","contentUrl":"https:\/\/www.jesuitasrioja.org\/wp-content\/uploads\/2020\/09\/Logo-completo-peque\u00f1o.png","width":300,"height":300,"caption":"Centro Sagrado Coraz\u00f3n Jesuitas"},"image":{"@id":"https:\/\/www.jesuitasrioja.org\/#\/schema\/logo\/image\/"},"sameAs":["https:\/\/www.facebook.com\/jesuitasrioja?locale=es_ES","https:\/\/x.com\/jesuitasrioja","https:\/\/www.instagram.com\/jesuitasrioja\/"]}]}},"_links":{"self":[{"href":"https:\/\/www.jesuitasrioja.org\/en\/wp-json\/wp\/v2\/pages\/2248"}],"collection":[{"href":"https:\/\/www.jesuitasrioja.org\/en\/wp-json\/wp\/v2\/pages"}],"about":[{"href":"https:\/\/www.jesuitasrioja.org\/en\/wp-json\/wp\/v2\/types\/page"}],"author":[{"embeddable":true,"href":"https:\/\/www.jesuitasrioja.org\/en\/wp-json\/wp\/v2\/users\/1"}],"replies":[{"embeddable":true,"href":"https:\/\/www.jesuitasrioja.org\/en\/wp-json\/wp\/v2\/comments?post=2248"}],"version-history":[{"count":2,"href":"https:\/\/www.jesuitasrioja.org\/en\/wp-json\/wp\/v2\/pages\/2248\/revisions"}],"predecessor-version":[{"id":2680,"href":"https:\/\/www.jesuitasrioja.org\/en\/wp-json\/wp\/v2\/pages\/2248\/revisions\/2680"}],"wp:featuredmedia":[{"embeddable":true,"href":"https:\/\/www.jesuitasrioja.org\/en\/wp-json\/wp\/v2\/media\/2115"}],"wp:attachment":[{"href":"https:\/\/www.jesuitasrioja.org\/en\/wp-json\/wp\/v2\/media?parent=2248"}],"curies":[{"name":"wp","href":"https:\/\/api.w.org\/{rel}","templated":true}]}}