{"id":2240,"date":"2018-01-02T15:42:14","date_gmt":"2018-01-02T15:42:14","guid":{"rendered":"http:\/\/www.jesuitasrioja.org\/admision\/"},"modified":"2019-02-20T14:44:27","modified_gmt":"2019-02-20T14:44:27","slug":"admission","status":"publish","type":"page","link":"https:\/\/www.jesuitasrioja.org\/en\/admission\/","title":{"rendered":"Admission"},"content":{"rendered":"<p>This section provides the necessary information on our school admission process:<\/p>\n<ol>\n<li><a href=\"http:\/\/www.jesuitasrioja.org\/wp-content\/uploads\/2018\/03\/1-Qu\u00e9-hay-que-saber.pdf\">What you need to know<\/a><\/li>\n<li>Enrolment process\n<ul>\n<li><a href=\"http:\/\/www.jesuitasrioja.org\/wp-content\/uploads\/2018\/03\/2-Proceso-de-escolarizaci\u00f3n.pdf\">Nursery School, Primary, CSE and Sixth Form<\/a><\/li>\n<li><strong>Basic Vocational Training and Intermediate and Advanced Vocational Training<\/strong>: all the necessary information is available in our <a href=\"\/wp-content\/uploads\/2018\/01\/Triptico-fp.pdf\">information brochure<\/a><\/li>\n<\/ul>\n<\/li>\n<li>Admissions\/enrolment calendar\n<ul>\n<li><a href=\"http:\/\/www.jesuitasrioja.org\/wp-content\/uploads\/2018\/03\/3-Calendario-de-escolarizaci\u00f3n.pdf\">Nursery School, Primary, CSE and Sixth Form<\/a><\/li>\n<li>Basic Vocational Training and Intermediate and Advanced Vocational Training: all the necessary information is available in our\u00a0\u00a0<a href=\"\/wp-content\/uploads\/2018\/01\/Triptico-fp.pdf\">information brochure<\/a><\/li>\n<\/ul>\n<\/li>\n<li>Admission criteria\n<ul>\n<li><a href=\"http:\/\/www.jesuitasrioja.org\/wp-content\/uploads\/2018\/03\/4-Criterios-de-admisi\u00f3n.pdf\">Nursery School, Primary, CSE and Sixth Form<\/a><\/li>\n<li><strong>Basic Vocational Training and Intermediate and Advanced Vocational Training<\/strong>: all the necessary information is available in our <a href=\"\/wp-content\/uploads\/2018\/01\/Triptico-fp.pdf\">information brochure<\/a><\/li>\n<\/ul>\n<\/li>\n<li><a href=\"http:\/\/www.jesuitasrioja.org\/wp-content\/uploads\/2018\/03\/5-Punto-complementario.pdf\">Specific enrolment privileges<\/a><\/li>\n<li><a href=\"http:\/\/www.jesuitasrioja.org\/wp-content\/uploads\/2018\/03\/6.-Zonas-de-escolarizaci\u00f3n.docx.pdf\">Zones<\/a><\/li>\n<li><a href=\"http:\/\/www.jesuitasrioja.org\/wp-content\/uploads\/2018\/03\/7-Jornadas-de-Puertas-Abiertas.pdf\">Open-days<\/a><\/li>\n<\/ol>\n<p>For more information, please call the Secretary\u2019s office at +34 \u00a0<a href=\"tel:941221700\">941 22 17 00<\/a>.<\/p>","protected":false},"excerpt":{"rendered":"<p>This section provides the necessary information on our school admission process: What you need to know Enrolment process Nursery School, Primary, CSE and Sixth Form Basic Vocational Training and Intermediate and Advanced Vocational Training: all the necessary information is available in our information brochure Admissions\/enrolment calendar Nursery School, Primary, CSE and Sixth Form Basic Vocational [&hellip;]<\/p>\n","protected":false},"author":1,"featured_media":2115,"parent":0,"menu_order":810,"comment_status":"closed","ping_status":"closed","template":"","meta":{"_acf_changed":false,"footnotes":""},"acf":[],"yoast_head":"<!-- This site is optimized with the Yoast SEO Premium plugin v23.4 (Yoast SEO v24.2) - https:\/\/yoast.com\/wordpress\/plugins\/seo\/ -->\n<title>Admission - Jesuitas Logro\u00f1o<\/title>\n<meta name=\"robots\" content=\"index, follow, max-snippet:-1, max-image-preview:large, max-video-preview:-1\" \/>\n<link rel=\"canonical\" href=\"https:\/\/www.jesuitasrioja.org\/en\/admission\/\" \/>\n<meta property=\"og:locale\" content=\"en_US\" \/>\n<meta property=\"og:type\" content=\"article\" \/>\n<meta property=\"og:title\" content=\"Admission\" \/>\n<meta property=\"og:description\" content=\"This section provides the necessary information on our school admission process: What you need to know Enrolment process Nursery School, Primary, CSE and Sixth Form Basic Vocational Training and Intermediate and Advanced Vocational Training: all the necessary information is available in our information brochure Admissions\/enrolment calendar Nursery School, Primary, CSE and Sixth Form Basic Vocational [&hellip;]\" \/>\n<meta property=\"og:url\" content=\"https:\/\/www.jesuitasrioja.org\/en\/admission\/\" \/>\n<meta property=\"og:site_name\" content=\"Jesuitas Logro\u00f1o\" \/>\n<meta property=\"article:publisher\" content=\"https:\/\/www.facebook.com\/jesuitasrioja?locale=es_ES\" \/>\n<meta property=\"article:modified_time\" content=\"2019-02-20T14:44:27+00:00\" \/>\n<meta property=\"og:image\" content=\"https:\/\/www.jesuitasrioja.org\/wp-content\/uploads\/2018\/01\/B_Documentos.jpg\" \/>\n\t<meta property=\"og:image:width\" content=\"2257\" \/>\n\t<meta property=\"og:image:height\" content=\"340\" \/>\n\t<meta property=\"og:image:type\" content=\"image\/jpeg\" \/>\n<meta name=\"twitter:card\" content=\"summary_large_image\" \/>\n<meta name=\"twitter:site\" content=\"@jesuitasrioja\" \/>\n<meta name=\"twitter:label1\" content=\"Est. reading time\" \/>\n\t<meta name=\"twitter:data1\" content=\"1 minute\" \/>\n<script type=\"application\/ld+json\" class=\"yoast-schema-graph\">{\"@context\":\"https:\/\/schema.org\",\"@graph\":[{\"@type\":\"WebPage\",\"@id\":\"https:\/\/www.jesuitasrioja.org\/en\/admission\/\",\"url\":\"https:\/\/www.jesuitasrioja.org\/en\/admission\/\",\"name\":\"Admission - Jesuitas Logro\u00f1o\",\"isPartOf\":{\"@id\":\"https:\/\/www.jesuitasrioja.org\/#website\"},\"primaryImageOfPage\":{\"@id\":\"https:\/\/www.jesuitasrioja.org\/en\/admission\/#primaryimage\"},\"image\":{\"@id\":\"https:\/\/www.jesuitasrioja.org\/en\/admission\/#primaryimage\"},\"thumbnailUrl\":\"https:\/\/www.jesuitasrioja.org\/wp-content\/uploads\/2018\/01\/B_Documentos.jpg\",\"datePublished\":\"2018-01-02T15:42:14+00:00\",\"dateModified\":\"2019-02-20T14:44:27+00:00\",\"breadcrumb\":{\"@id\":\"https:\/\/www.jesuitasrioja.org\/en\/admission\/#breadcrumb\"},\"inLanguage\":\"en-US\",\"potentialAction\":[{\"@type\":\"ReadAction\",\"target\":[\"https:\/\/www.jesuitasrioja.org\/en\/admission\/\"]}]},{\"@type\":\"ImageObject\",\"inLanguage\":\"en-US\",\"@id\":\"https:\/\/www.jesuitasrioja.org\/en\/admission\/#primaryimage\",\"url\":\"https:\/\/www.jesuitasrioja.org\/wp-content\/uploads\/2018\/01\/B_Documentos.jpg\",\"contentUrl\":\"https:\/\/www.jesuitasrioja.org\/wp-content\/uploads\/2018\/01\/B_Documentos.jpg\",\"width\":2257,\"height\":340},{\"@type\":\"BreadcrumbList\",\"@id\":\"https:\/\/www.jesuitasrioja.org\/en\/admission\/#breadcrumb\",\"itemListElement\":[{\"@type\":\"ListItem\",\"position\":1,\"name\":\"Portada\",\"item\":\"https:\/\/www.jesuitasrioja.org\/en\/inicio\/\"},{\"@type\":\"ListItem\",\"position\":2,\"name\":\"Admission\"}]},{\"@type\":\"WebSite\",\"@id\":\"https:\/\/www.jesuitasrioja.org\/#website\",\"url\":\"https:\/\/www.jesuitasrioja.org\/\",\"name\":\"Jesuitas Logro\u00f1o\",\"description\":\"Centro Sagrado Coraz\u00f3n - Jesuitas Logro\u00f1o\",\"publisher\":{\"@id\":\"https:\/\/www.jesuitasrioja.org\/#organization\"},\"potentialAction\":[{\"@type\":\"SearchAction\",\"target\":{\"@type\":\"EntryPoint\",\"urlTemplate\":\"https:\/\/www.jesuitasrioja.org\/?s={search_term_string}\"},\"query-input\":{\"@type\":\"PropertyValueSpecification\",\"valueRequired\":true,\"valueName\":\"search_term_string\"}}],\"inLanguage\":\"en-US\"},{\"@type\":\"Organization\",\"@id\":\"https:\/\/www.jesuitasrioja.org\/#organization\",\"name\":\"Centro Sagrado Coraz\u00f3n Jesuitas\",\"url\":\"https:\/\/www.jesuitasrioja.org\/\",\"logo\":{\"@type\":\"ImageObject\",\"inLanguage\":\"en-US\",\"@id\":\"https:\/\/www.jesuitasrioja.org\/#\/schema\/logo\/image\/\",\"url\":\"https:\/\/www.jesuitasrioja.org\/wp-content\/uploads\/2020\/09\/Logo-completo-peque\u00f1o.png\",\"contentUrl\":\"https:\/\/www.jesuitasrioja.org\/wp-content\/uploads\/2020\/09\/Logo-completo-peque\u00f1o.png\",\"width\":300,\"height\":300,\"caption\":\"Centro Sagrado Coraz\u00f3n Jesuitas\"},\"image\":{\"@id\":\"https:\/\/www.jesuitasrioja.org\/#\/schema\/logo\/image\/\"},\"sameAs\":[\"https:\/\/www.facebook.com\/jesuitasrioja?locale=es_ES\",\"https:\/\/x.com\/jesuitasrioja\",\"https:\/\/www.instagram.com\/jesuitasrioja\/\"]}]}<\/script>\n<!-- \/ Yoast SEO Premium plugin. -->","yoast_head_json":{"title":"Admission - Jesuitas Logro\u00f1o","robots":{"index":"index","follow":"follow","max-snippet":"max-snippet:-1","max-image-preview":"max-image-preview:large","max-video-preview":"max-video-preview:-1"},"canonical":"https:\/\/www.jesuitasrioja.org\/en\/admission\/","og_locale":"en_US","og_type":"article","og_title":"Admission","og_description":"This section provides the necessary information on our school admission process: What you need to know Enrolment process Nursery School, Primary, CSE and Sixth Form Basic Vocational Training and Intermediate and Advanced Vocational Training: all the necessary information is available in our information brochure Admissions\/enrolment calendar Nursery School, Primary, CSE and Sixth Form Basic Vocational [&hellip;]","og_url":"https:\/\/www.jesuitasrioja.org\/en\/admission\/","og_site_name":"Jesuitas Logro\u00f1o","article_publisher":"https:\/\/www.facebook.com\/jesuitasrioja?locale=es_ES","article_modified_time":"2019-02-20T14:44:27+00:00","og_image":[{"width":2257,"height":340,"url":"https:\/\/www.jesuitasrioja.org\/wp-content\/uploads\/2018\/01\/B_Documentos.jpg","type":"image\/jpeg"}],"twitter_card":"summary_large_image","twitter_site":"@jesuitasrioja","twitter_misc":{"Est. reading time":"1 minute"},"schema":{"@context":"https:\/\/schema.org","@graph":[{"@type":"WebPage","@id":"https:\/\/www.jesuitasrioja.org\/en\/admission\/","url":"https:\/\/www.jesuitasrioja.org\/en\/admission\/","name":"Admission - Jesuitas Logro\u00f1o","isPartOf":{"@id":"https:\/\/www.jesuitasrioja.org\/#website"},"primaryImageOfPage":{"@id":"https:\/\/www.jesuitasrioja.org\/en\/admission\/#primaryimage"},"image":{"@id":"https:\/\/www.jesuitasrioja.org\/en\/admission\/#primaryimage"},"thumbnailUrl":"https:\/\/www.jesuitasrioja.org\/wp-content\/uploads\/2018\/01\/B_Documentos.jpg","datePublished":"2018-01-02T15:42:14+00:00","dateModified":"2019-02-20T14:44:27+00:00","breadcrumb":{"@id":"https:\/\/www.jesuitasrioja.org\/en\/admission\/#breadcrumb"},"inLanguage":"en-US","potentialAction":[{"@type":"ReadAction","target":["https:\/\/www.jesuitasrioja.org\/en\/admission\/"]}]},{"@type":"ImageObject","inLanguage":"en-US","@id":"https:\/\/www.jesuitasrioja.org\/en\/admission\/#primaryimage","url":"https:\/\/www.jesuitasrioja.org\/wp-content\/uploads\/2018\/01\/B_Documentos.jpg","contentUrl":"https:\/\/www.jesuitasrioja.org\/wp-content\/uploads\/2018\/01\/B_Documentos.jpg","width":2257,"height":340},{"@type":"BreadcrumbList","@id":"https:\/\/www.jesuitasrioja.org\/en\/admission\/#breadcrumb","itemListElement":[{"@type":"ListItem","position":1,"name":"Portada","item":"https:\/\/www.jesuitasrioja.org\/en\/inicio\/"},{"@type":"ListItem","position":2,"name":"Admission"}]},{"@type":"WebSite","@id":"https:\/\/www.jesuitasrioja.org\/#website","url":"https:\/\/www.jesuitasrioja.org\/","name":"Jesuitas Logro\u00f1o","description":"Centro Sagrado Coraz\u00f3n - Jesuitas Logro\u00f1o","publisher":{"@id":"https:\/\/www.jesuitasrioja.org\/#organization"},"potentialAction":[{"@type":"SearchAction","target":{"@type":"EntryPoint","urlTemplate":"https:\/\/www.jesuitasrioja.org\/?s={search_term_string}"},"query-input":{"@type":"PropertyValueSpecification","valueRequired":true,"valueName":"search_term_string"}}],"inLanguage":"en-US"},{"@type":"Organization","@id":"https:\/\/www.jesuitasrioja.org\/#organization","name":"Centro Sagrado Coraz\u00f3n Jesuitas","url":"https:\/\/www.jesuitasrioja.org\/","logo":{"@type":"ImageObject","inLanguage":"en-US","@id":"https:\/\/www.jesuitasrioja.org\/#\/schema\/logo\/image\/","url":"https:\/\/www.jesuitasrioja.org\/wp-content\/uploads\/2020\/09\/Logo-completo-peque\u00f1o.png","contentUrl":"https:\/\/www.jesuitasrioja.org\/wp-content\/uploads\/2020\/09\/Logo-completo-peque\u00f1o.png","width":300,"height":300,"caption":"Centro Sagrado Coraz\u00f3n Jesuitas"},"image":{"@id":"https:\/\/www.jesuitasrioja.org\/#\/schema\/logo\/image\/"},"sameAs":["https:\/\/www.facebook.com\/jesuitasrioja?locale=es_ES","https:\/\/x.com\/jesuitasrioja","https:\/\/www.instagram.com\/jesuitasrioja\/"]}]}},"_links":{"self":[{"href":"https:\/\/www.jesuitasrioja.org\/en\/wp-json\/wp\/v2\/pages\/2240"}],"collection":[{"href":"https:\/\/www.jesuitasrioja.org\/en\/wp-json\/wp\/v2\/pages"}],"about":[{"href":"https:\/\/www.jesuitasrioja.org\/en\/wp-json\/wp\/v2\/types\/page"}],"author":[{"embeddable":true,"href":"https:\/\/www.jesuitasrioja.org\/en\/wp-json\/wp\/v2\/users\/1"}],"replies":[{"embeddable":true,"href":"https:\/\/www.jesuitasrioja.org\/en\/wp-json\/wp\/v2\/comments?post=2240"}],"version-history":[{"count":1,"href":"https:\/\/www.jesuitasrioja.org\/en\/wp-json\/wp\/v2\/pages\/2240\/revisions"}],"predecessor-version":[{"id":2651,"href":"https:\/\/www.jesuitasrioja.org\/en\/wp-json\/wp\/v2\/pages\/2240\/revisions\/2651"}],"wp:featuredmedia":[{"embeddable":true,"href":"https:\/\/www.jesuitasrioja.org\/en\/wp-json\/wp\/v2\/media\/2115"}],"wp:attachment":[{"href":"https:\/\/www.jesuitasrioja.org\/en\/wp-json\/wp\/v2\/media?parent=2240"}],"curies":[{"name":"wp","href":"https:\/\/api.w.org\/{rel}","templated":true}]}}