{"id":2228,"date":"2018-01-02T16:25:51","date_gmt":"2018-01-02T16:25:51","guid":{"rendered":"http:\/\/www.jesuitasrioja.org\/mision-vision-valores\/"},"modified":"2019-02-19T12:34:48","modified_gmt":"2019-02-19T12:34:48","slug":"mission-vision-values","status":"publish","type":"page","link":"https:\/\/www.jesuitasrioja.org\/en\/the-school\/mission-vision-values\/","title":{"rendered":"Mission, Vision and Values"},"content":{"rendered":"<p><img loading=\"lazy\" decoding=\"async\" class=\"aligncenter size-full wp-image-360\" src=\"\/wp-content\/uploads\/2018\/01\/mision-vision-valores.jpg\" alt=\"\" width=\"1000\" height=\"345\" srcset=\"https:\/\/www.jesuitasrioja.org\/wp-content\/uploads\/2018\/01\/mision-vision-valores.jpg 1000w, https:\/\/www.jesuitasrioja.org\/wp-content\/uploads\/2018\/01\/mision-vision-valores-300x104.jpg 300w, https:\/\/www.jesuitasrioja.org\/wp-content\/uploads\/2018\/01\/mision-vision-valores-768x265.jpg 768w\" sizes=\"(max-width: 1000px) 100vw, 1000px\" \/><\/p>\n<h2>Mission<\/h2>\n<p>Our direct-grant school belongs to the Society of Jesus (Jesuits) and is run in conjunction with the regional government of La Rioja. Inspired by the precepts and teachings of Saint Ignatius,<br \/>\nit is open to society, with its pupils being the architects of their own learning process and living their lives with a wholesome commitment to building a better world.<\/p>\n<p>Our mission is to prepare individuals to be competent, compassionate, conscientious and committed, and as a Christian school we do so by providing an education that focuses on each pupil\u2019s personal and<br \/>\nspiritual development in Christian values.<\/p>\n<h2>Visinn<\/h2>\n<p>Our School has the following goals for 2020:<\/p>\n<ul>\n<li>To have a clearly Christian identity..<\/li>\n<li>To deploy the latest teaching approaches and methods.<\/li>\n<li>To be immersed in continuous improvement projects.<\/li>\n<li>To ensure pupils are actively involved in their own schooling.<\/li>\n<li>To employ teaching staff who identify with our Mission.<\/li>\n<li>\u00a0To work hand-in-hand with families, institutions, businesses and other social partners.<\/li>\n<li>To be financially sustainable.<\/li>\n<\/ul>\n<h2>Values<\/h2>\n<ul>\n<li>A close relationship with pupils, families and businesses.<\/li>\n<li>Foster teamwork and a responsible approach to studying.<\/li>\n<li>Foster teamwork and a responsible approach to studying.<\/li>\n<li>Caring for all the pupils according to their needs.<\/li>\n<li>Spiritual development following the teachings of St. Ignatius.<\/li>\n<li>Commitment to education according to the Christian faith.<\/li>\n<\/ul>\n","protected":false},"excerpt":{"rendered":"<p>Mission Our direct-grant school belongs to the Society of Jesus (Jesuits) and is run in conjunction with the regional government of La Rioja. Inspired by the precepts and teachings of Saint Ignatius, it is open to society, with its pupils being the architects of their own learning process and living their lives with a wholesome [&hellip;]<\/p>\n","protected":false},"author":1,"featured_media":2217,"parent":2230,"menu_order":10,"comment_status":"closed","ping_status":"closed","template":"","meta":{"_acf_changed":false,"footnotes":""},"acf":[],"yoast_head":"<!-- This site is optimized with the Yoast SEO Premium plugin v23.4 (Yoast SEO v24.2) - https:\/\/yoast.com\/wordpress\/plugins\/seo\/ -->\n<title>Mission, Vision and Values - Jesuitas Logro\u00f1o<\/title>\n<meta name=\"robots\" content=\"index, follow, max-snippet:-1, max-image-preview:large, max-video-preview:-1\" \/>\n<link rel=\"canonical\" href=\"https:\/\/www.jesuitasrioja.org\/en\/the-school\/mission-vision-values\/\" \/>\n<meta property=\"og:locale\" content=\"en_US\" \/>\n<meta property=\"og:type\" content=\"article\" \/>\n<meta property=\"og:title\" content=\"Mission, Vision and Values\" \/>\n<meta property=\"og:description\" content=\"Mission Our direct-grant school belongs to the Society of Jesus (Jesuits) and is run in conjunction with the regional government of La Rioja. Inspired by the precepts and teachings of Saint Ignatius, it is open to society, with its pupils being the architects of their own learning process and living their lives with a wholesome [&hellip;]\" \/>\n<meta property=\"og:url\" content=\"https:\/\/www.jesuitasrioja.org\/en\/the-school\/mission-vision-values\/\" \/>\n<meta property=\"og:site_name\" content=\"Jesuitas Logro\u00f1o\" \/>\n<meta property=\"article:publisher\" content=\"https:\/\/www.facebook.com\/jesuitasrioja?locale=es_ES\" \/>\n<meta property=\"article:modified_time\" content=\"2019-02-19T12:34:48+00:00\" \/>\n<meta property=\"og:image\" content=\"https:\/\/www.jesuitasrioja.org\/wp-content\/uploads\/2018\/01\/B_Plan-Estrategico.jpg\" \/>\n\t<meta property=\"og:image:width\" content=\"2257\" \/>\n\t<meta property=\"og:image:height\" content=\"340\" \/>\n\t<meta property=\"og:image:type\" content=\"image\/jpeg\" \/>\n<meta name=\"twitter:card\" content=\"summary_large_image\" \/>\n<meta name=\"twitter:site\" content=\"@jesuitasrioja\" \/>\n<meta name=\"twitter:label1\" content=\"Est. reading time\" \/>\n\t<meta name=\"twitter:data1\" content=\"1 minute\" \/>\n<script type=\"application\/ld+json\" class=\"yoast-schema-graph\">{\"@context\":\"https:\/\/schema.org\",\"@graph\":[{\"@type\":\"WebPage\",\"@id\":\"https:\/\/www.jesuitasrioja.org\/en\/the-school\/mission-vision-values\/\",\"url\":\"https:\/\/www.jesuitasrioja.org\/en\/the-school\/mission-vision-values\/\",\"name\":\"Mission, Vision and Values - Jesuitas Logro\u00f1o\",\"isPartOf\":{\"@id\":\"https:\/\/www.jesuitasrioja.org\/#website\"},\"primaryImageOfPage\":{\"@id\":\"https:\/\/www.jesuitasrioja.org\/en\/the-school\/mission-vision-values\/#primaryimage\"},\"image\":{\"@id\":\"https:\/\/www.jesuitasrioja.org\/en\/the-school\/mission-vision-values\/#primaryimage\"},\"thumbnailUrl\":\"https:\/\/www.jesuitasrioja.org\/wp-content\/uploads\/2018\/01\/B_Plan-Estrategico.jpg\",\"datePublished\":\"2018-01-02T16:25:51+00:00\",\"dateModified\":\"2019-02-19T12:34:48+00:00\",\"breadcrumb\":{\"@id\":\"https:\/\/www.jesuitasrioja.org\/en\/the-school\/mission-vision-values\/#breadcrumb\"},\"inLanguage\":\"en-US\",\"potentialAction\":[{\"@type\":\"ReadAction\",\"target\":[\"https:\/\/www.jesuitasrioja.org\/en\/the-school\/mission-vision-values\/\"]}]},{\"@type\":\"ImageObject\",\"inLanguage\":\"en-US\",\"@id\":\"https:\/\/www.jesuitasrioja.org\/en\/the-school\/mission-vision-values\/#primaryimage\",\"url\":\"https:\/\/www.jesuitasrioja.org\/wp-content\/uploads\/2018\/01\/B_Plan-Estrategico.jpg\",\"contentUrl\":\"https:\/\/www.jesuitasrioja.org\/wp-content\/uploads\/2018\/01\/B_Plan-Estrategico.jpg\",\"width\":2257,\"height\":340},{\"@type\":\"BreadcrumbList\",\"@id\":\"https:\/\/www.jesuitasrioja.org\/en\/the-school\/mission-vision-values\/#breadcrumb\",\"itemListElement\":[{\"@type\":\"ListItem\",\"position\":1,\"name\":\"Portada\",\"item\":\"https:\/\/www.jesuitasrioja.org\/en\/inicio\/\"},{\"@type\":\"ListItem\",\"position\":2,\"name\":\"The school\",\"item\":\"https:\/\/www.jesuitasrioja.org\/en\/the-school\/\"},{\"@type\":\"ListItem\",\"position\":3,\"name\":\"Mission, Vision and Values\"}]},{\"@type\":\"WebSite\",\"@id\":\"https:\/\/www.jesuitasrioja.org\/#website\",\"url\":\"https:\/\/www.jesuitasrioja.org\/\",\"name\":\"Jesuitas Logro\u00f1o\",\"description\":\"Centro Sagrado Coraz\u00f3n - Jesuitas Logro\u00f1o\",\"publisher\":{\"@id\":\"https:\/\/www.jesuitasrioja.org\/#organization\"},\"potentialAction\":[{\"@type\":\"SearchAction\",\"target\":{\"@type\":\"EntryPoint\",\"urlTemplate\":\"https:\/\/www.jesuitasrioja.org\/?s={search_term_string}\"},\"query-input\":{\"@type\":\"PropertyValueSpecification\",\"valueRequired\":true,\"valueName\":\"search_term_string\"}}],\"inLanguage\":\"en-US\"},{\"@type\":\"Organization\",\"@id\":\"https:\/\/www.jesuitasrioja.org\/#organization\",\"name\":\"Centro Sagrado Coraz\u00f3n Jesuitas\",\"url\":\"https:\/\/www.jesuitasrioja.org\/\",\"logo\":{\"@type\":\"ImageObject\",\"inLanguage\":\"en-US\",\"@id\":\"https:\/\/www.jesuitasrioja.org\/#\/schema\/logo\/image\/\",\"url\":\"https:\/\/www.jesuitasrioja.org\/wp-content\/uploads\/2020\/09\/Logo-completo-peque\u00f1o.png\",\"contentUrl\":\"https:\/\/www.jesuitasrioja.org\/wp-content\/uploads\/2020\/09\/Logo-completo-peque\u00f1o.png\",\"width\":300,\"height\":300,\"caption\":\"Centro Sagrado Coraz\u00f3n Jesuitas\"},\"image\":{\"@id\":\"https:\/\/www.jesuitasrioja.org\/#\/schema\/logo\/image\/\"},\"sameAs\":[\"https:\/\/www.facebook.com\/jesuitasrioja?locale=es_ES\",\"https:\/\/x.com\/jesuitasrioja\",\"https:\/\/www.instagram.com\/jesuitasrioja\/\"]}]}<\/script>\n<!-- \/ Yoast SEO Premium plugin. -->","yoast_head_json":{"title":"Mission, Vision and Values - Jesuitas Logro\u00f1o","robots":{"index":"index","follow":"follow","max-snippet":"max-snippet:-1","max-image-preview":"max-image-preview:large","max-video-preview":"max-video-preview:-1"},"canonical":"https:\/\/www.jesuitasrioja.org\/en\/the-school\/mission-vision-values\/","og_locale":"en_US","og_type":"article","og_title":"Mission, Vision and Values","og_description":"Mission Our direct-grant school belongs to the Society of Jesus (Jesuits) and is run in conjunction with the regional government of La Rioja. Inspired by the precepts and teachings of Saint Ignatius, it is open to society, with its pupils being the architects of their own learning process and living their lives with a wholesome [&hellip;]","og_url":"https:\/\/www.jesuitasrioja.org\/en\/the-school\/mission-vision-values\/","og_site_name":"Jesuitas Logro\u00f1o","article_publisher":"https:\/\/www.facebook.com\/jesuitasrioja?locale=es_ES","article_modified_time":"2019-02-19T12:34:48+00:00","og_image":[{"width":2257,"height":340,"url":"https:\/\/www.jesuitasrioja.org\/wp-content\/uploads\/2018\/01\/B_Plan-Estrategico.jpg","type":"image\/jpeg"}],"twitter_card":"summary_large_image","twitter_site":"@jesuitasrioja","twitter_misc":{"Est. reading time":"1 minute"},"schema":{"@context":"https:\/\/schema.org","@graph":[{"@type":"WebPage","@id":"https:\/\/www.jesuitasrioja.org\/en\/the-school\/mission-vision-values\/","url":"https:\/\/www.jesuitasrioja.org\/en\/the-school\/mission-vision-values\/","name":"Mission, Vision and Values - Jesuitas Logro\u00f1o","isPartOf":{"@id":"https:\/\/www.jesuitasrioja.org\/#website"},"primaryImageOfPage":{"@id":"https:\/\/www.jesuitasrioja.org\/en\/the-school\/mission-vision-values\/#primaryimage"},"image":{"@id":"https:\/\/www.jesuitasrioja.org\/en\/the-school\/mission-vision-values\/#primaryimage"},"thumbnailUrl":"https:\/\/www.jesuitasrioja.org\/wp-content\/uploads\/2018\/01\/B_Plan-Estrategico.jpg","datePublished":"2018-01-02T16:25:51+00:00","dateModified":"2019-02-19T12:34:48+00:00","breadcrumb":{"@id":"https:\/\/www.jesuitasrioja.org\/en\/the-school\/mission-vision-values\/#breadcrumb"},"inLanguage":"en-US","potentialAction":[{"@type":"ReadAction","target":["https:\/\/www.jesuitasrioja.org\/en\/the-school\/mission-vision-values\/"]}]},{"@type":"ImageObject","inLanguage":"en-US","@id":"https:\/\/www.jesuitasrioja.org\/en\/the-school\/mission-vision-values\/#primaryimage","url":"https:\/\/www.jesuitasrioja.org\/wp-content\/uploads\/2018\/01\/B_Plan-Estrategico.jpg","contentUrl":"https:\/\/www.jesuitasrioja.org\/wp-content\/uploads\/2018\/01\/B_Plan-Estrategico.jpg","width":2257,"height":340},{"@type":"BreadcrumbList","@id":"https:\/\/www.jesuitasrioja.org\/en\/the-school\/mission-vision-values\/#breadcrumb","itemListElement":[{"@type":"ListItem","position":1,"name":"Portada","item":"https:\/\/www.jesuitasrioja.org\/en\/inicio\/"},{"@type":"ListItem","position":2,"name":"The school","item":"https:\/\/www.jesuitasrioja.org\/en\/the-school\/"},{"@type":"ListItem","position":3,"name":"Mission, Vision and Values"}]},{"@type":"WebSite","@id":"https:\/\/www.jesuitasrioja.org\/#website","url":"https:\/\/www.jesuitasrioja.org\/","name":"Jesuitas Logro\u00f1o","description":"Centro Sagrado Coraz\u00f3n - Jesuitas Logro\u00f1o","publisher":{"@id":"https:\/\/www.jesuitasrioja.org\/#organization"},"potentialAction":[{"@type":"SearchAction","target":{"@type":"EntryPoint","urlTemplate":"https:\/\/www.jesuitasrioja.org\/?s={search_term_string}"},"query-input":{"@type":"PropertyValueSpecification","valueRequired":true,"valueName":"search_term_string"}}],"inLanguage":"en-US"},{"@type":"Organization","@id":"https:\/\/www.jesuitasrioja.org\/#organization","name":"Centro Sagrado Coraz\u00f3n Jesuitas","url":"https:\/\/www.jesuitasrioja.org\/","logo":{"@type":"ImageObject","inLanguage":"en-US","@id":"https:\/\/www.jesuitasrioja.org\/#\/schema\/logo\/image\/","url":"https:\/\/www.jesuitasrioja.org\/wp-content\/uploads\/2020\/09\/Logo-completo-peque\u00f1o.png","contentUrl":"https:\/\/www.jesuitasrioja.org\/wp-content\/uploads\/2020\/09\/Logo-completo-peque\u00f1o.png","width":300,"height":300,"caption":"Centro Sagrado Coraz\u00f3n Jesuitas"},"image":{"@id":"https:\/\/www.jesuitasrioja.org\/#\/schema\/logo\/image\/"},"sameAs":["https:\/\/www.facebook.com\/jesuitasrioja?locale=es_ES","https:\/\/x.com\/jesuitasrioja","https:\/\/www.instagram.com\/jesuitasrioja\/"]}]}},"_links":{"self":[{"href":"https:\/\/www.jesuitasrioja.org\/en\/wp-json\/wp\/v2\/pages\/2228"}],"collection":[{"href":"https:\/\/www.jesuitasrioja.org\/en\/wp-json\/wp\/v2\/pages"}],"about":[{"href":"https:\/\/www.jesuitasrioja.org\/en\/wp-json\/wp\/v2\/types\/page"}],"author":[{"embeddable":true,"href":"https:\/\/www.jesuitasrioja.org\/en\/wp-json\/wp\/v2\/users\/1"}],"replies":[{"embeddable":true,"href":"https:\/\/www.jesuitasrioja.org\/en\/wp-json\/wp\/v2\/comments?post=2228"}],"version-history":[{"count":2,"href":"https:\/\/www.jesuitasrioja.org\/en\/wp-json\/wp\/v2\/pages\/2228\/revisions"}],"predecessor-version":[{"id":2315,"href":"https:\/\/www.jesuitasrioja.org\/en\/wp-json\/wp\/v2\/pages\/2228\/revisions\/2315"}],"up":[{"embeddable":true,"href":"https:\/\/www.jesuitasrioja.org\/en\/wp-json\/wp\/v2\/pages\/2230"}],"wp:featuredmedia":[{"embeddable":true,"href":"https:\/\/www.jesuitasrioja.org\/en\/wp-json\/wp\/v2\/media\/2217"}],"wp:attachment":[{"href":"https:\/\/www.jesuitasrioja.org\/en\/wp-json\/wp\/v2\/media?parent=2228"}],"curies":[{"name":"wp","href":"https:\/\/api.w.org\/{rel}","templated":true}]}}