{"id":2205,"date":"2018-01-03T10:37:01","date_gmt":"2018-01-03T10:37:01","guid":{"rendered":"http:\/\/www.jesuitasrioja.org\/compania-jesus-red\/"},"modified":"2019-02-20T11:55:23","modified_gmt":"2019-02-20T11:55:23","slug":"society-of-jesus-network","status":"publish","type":"page","link":"https:\/\/www.jesuitasrioja.org\/en\/the-school\/society-of-jesus-network\/","title":{"rendered":"Society of Jesus"},"content":{"rendered":"<p>The Order was founded in 1540 as the dream of seven students at Paris University who a few years earlier had decided to travel to the Holy Land. If they failed to reach their final destination,<br \/>\nthey would place themselves at the Pope\u2019s service. The Society of Jesus grew rapidly. At the time of the death of its founder, Ignatius, it already had almost a thousand members. A century later they had reached 13,000.<\/p>\n<p>The Jesuits have had to face many hardships over time: the Society was outlawed for several years and subsequently reinstated, the persecution of several of its members\u2026 Yet thanks to the leadership of the Superior<br \/>\nGeneral Father Pedro Arrupe and the Jesuit belief that faith should go hand-in-hand with the pursuit of justice, the Jesuits have managed to carry out their intense Apostolic work involving the education of young people,<br \/>\nworking in all fields of learning, tackling injustice, and defending human rights.<br \/>\nThere are now 17,000 Jesuits throughout the world, of whom almost a thousand are in Spain. Thanks to them, more than 3,000,000 pupils and students are developing and learning at a Jesuit school.<\/p>\n<p>In Spain, we run 68 educational centres that are open, participative and places of dialogue in which 75,000 pupils and students receive face-to-face classes.<br \/>\nOur mission is shared with the laymen and laywomen with whom we work, and who make up most of our staff. Many of these people share the spirituality that informs our projects and others are attracted by our mission.<br \/>\nTogether, we form a single Apostolic body.<br \/>\nFor further information, visit the website by clicking on the following link \u21d2 \u00a0<a href=\"https:\/\/jesuitas.es\/es\/\" target=\"_blank\" rel=\"noopener\">Compa\u00f1\u00eda de Jes\u00fas<\/a><\/p>","protected":false},"excerpt":{"rendered":"<p>The Order was founded in 1540 as the dream of seven students at Paris University who a few years earlier had decided to travel to the Holy Land. If they failed to reach their final destination, they would place themselves at the Pope\u2019s service. The Society of Jesus grew rapidly. At the time of the [&hellip;]<\/p>\n","protected":false},"author":1,"featured_media":2207,"parent":2230,"menu_order":60,"comment_status":"closed","ping_status":"closed","template":"","meta":{"_acf_changed":false,"footnotes":""},"acf":[],"yoast_head":"<!-- This site is optimized with the Yoast SEO Premium plugin v23.4 (Yoast SEO v24.2) - https:\/\/yoast.com\/wordpress\/plugins\/seo\/ -->\n<title>Society of Jesus - Jesuitas Logro\u00f1o<\/title>\n<meta name=\"robots\" content=\"index, follow, max-snippet:-1, max-image-preview:large, max-video-preview:-1\" \/>\n<link rel=\"canonical\" href=\"https:\/\/www.jesuitasrioja.org\/en\/the-school\/society-of-jesus-network\/\" \/>\n<meta property=\"og:locale\" content=\"en_US\" \/>\n<meta property=\"og:type\" content=\"article\" \/>\n<meta property=\"og:title\" content=\"Society of Jesus\" \/>\n<meta property=\"og:description\" content=\"The Order was founded in 1540 as the dream of seven students at Paris University who a few years earlier had decided to travel to the Holy Land. If they failed to reach their final destination, they would place themselves at the Pope\u2019s service. The Society of Jesus grew rapidly. At the time of the [&hellip;]\" \/>\n<meta property=\"og:url\" content=\"https:\/\/www.jesuitasrioja.org\/en\/the-school\/society-of-jesus-network\/\" \/>\n<meta property=\"og:site_name\" content=\"Jesuitas Logro\u00f1o\" \/>\n<meta property=\"article:publisher\" content=\"https:\/\/www.facebook.com\/jesuitasrioja?locale=es_ES\" \/>\n<meta property=\"article:modified_time\" content=\"2019-02-20T11:55:23+00:00\" \/>\n<meta property=\"og:image\" content=\"https:\/\/www.jesuitasrioja.org\/wp-content\/uploads\/2018\/01\/B_Compan\u0303i\u0301a-de-Jesus.jpg\" \/>\n\t<meta property=\"og:image:width\" content=\"2257\" \/>\n\t<meta property=\"og:image:height\" content=\"340\" \/>\n\t<meta property=\"og:image:type\" content=\"image\/jpeg\" \/>\n<meta name=\"twitter:card\" content=\"summary_large_image\" \/>\n<meta name=\"twitter:site\" content=\"@jesuitasrioja\" \/>\n<meta name=\"twitter:label1\" content=\"Est. reading time\" \/>\n\t<meta name=\"twitter:data1\" content=\"3 minutes\" \/>\n<script type=\"application\/ld+json\" class=\"yoast-schema-graph\">{\"@context\":\"https:\/\/schema.org\",\"@graph\":[{\"@type\":\"WebPage\",\"@id\":\"https:\/\/www.jesuitasrioja.org\/en\/the-school\/society-of-jesus-network\/\",\"url\":\"https:\/\/www.jesuitasrioja.org\/en\/the-school\/society-of-jesus-network\/\",\"name\":\"Society of Jesus - Jesuitas Logro\u00f1o\",\"isPartOf\":{\"@id\":\"https:\/\/www.jesuitasrioja.org\/#website\"},\"primaryImageOfPage\":{\"@id\":\"https:\/\/www.jesuitasrioja.org\/en\/the-school\/society-of-jesus-network\/#primaryimage\"},\"image\":{\"@id\":\"https:\/\/www.jesuitasrioja.org\/en\/the-school\/society-of-jesus-network\/#primaryimage\"},\"thumbnailUrl\":\"https:\/\/www.jesuitasrioja.org\/wp-content\/uploads\/2018\/01\/B_Compan\u0303i\u0301a-de-Jesus.jpg\",\"datePublished\":\"2018-01-03T10:37:01+00:00\",\"dateModified\":\"2019-02-20T11:55:23+00:00\",\"breadcrumb\":{\"@id\":\"https:\/\/www.jesuitasrioja.org\/en\/the-school\/society-of-jesus-network\/#breadcrumb\"},\"inLanguage\":\"en-US\",\"potentialAction\":[{\"@type\":\"ReadAction\",\"target\":[\"https:\/\/www.jesuitasrioja.org\/en\/the-school\/society-of-jesus-network\/\"]}]},{\"@type\":\"ImageObject\",\"inLanguage\":\"en-US\",\"@id\":\"https:\/\/www.jesuitasrioja.org\/en\/the-school\/society-of-jesus-network\/#primaryimage\",\"url\":\"https:\/\/www.jesuitasrioja.org\/wp-content\/uploads\/2018\/01\/B_Compan\u0303i\u0301a-de-Jesus.jpg\",\"contentUrl\":\"https:\/\/www.jesuitasrioja.org\/wp-content\/uploads\/2018\/01\/B_Compan\u0303i\u0301a-de-Jesus.jpg\",\"width\":2257,\"height\":340},{\"@type\":\"BreadcrumbList\",\"@id\":\"https:\/\/www.jesuitasrioja.org\/en\/the-school\/society-of-jesus-network\/#breadcrumb\",\"itemListElement\":[{\"@type\":\"ListItem\",\"position\":1,\"name\":\"Portada\",\"item\":\"https:\/\/www.jesuitasrioja.org\/en\/inicio\/\"},{\"@type\":\"ListItem\",\"position\":2,\"name\":\"The school\",\"item\":\"https:\/\/www.jesuitasrioja.org\/en\/the-school\/\"},{\"@type\":\"ListItem\",\"position\":3,\"name\":\"Society of Jesus\"}]},{\"@type\":\"WebSite\",\"@id\":\"https:\/\/www.jesuitasrioja.org\/#website\",\"url\":\"https:\/\/www.jesuitasrioja.org\/\",\"name\":\"Jesuitas Logro\u00f1o\",\"description\":\"Centro Sagrado Coraz\u00f3n - Jesuitas Logro\u00f1o\",\"publisher\":{\"@id\":\"https:\/\/www.jesuitasrioja.org\/#organization\"},\"potentialAction\":[{\"@type\":\"SearchAction\",\"target\":{\"@type\":\"EntryPoint\",\"urlTemplate\":\"https:\/\/www.jesuitasrioja.org\/?s={search_term_string}\"},\"query-input\":{\"@type\":\"PropertyValueSpecification\",\"valueRequired\":true,\"valueName\":\"search_term_string\"}}],\"inLanguage\":\"en-US\"},{\"@type\":\"Organization\",\"@id\":\"https:\/\/www.jesuitasrioja.org\/#organization\",\"name\":\"Centro Sagrado Coraz\u00f3n Jesuitas\",\"url\":\"https:\/\/www.jesuitasrioja.org\/\",\"logo\":{\"@type\":\"ImageObject\",\"inLanguage\":\"en-US\",\"@id\":\"https:\/\/www.jesuitasrioja.org\/#\/schema\/logo\/image\/\",\"url\":\"https:\/\/www.jesuitasrioja.org\/wp-content\/uploads\/2020\/09\/Logo-completo-peque\u00f1o.png\",\"contentUrl\":\"https:\/\/www.jesuitasrioja.org\/wp-content\/uploads\/2020\/09\/Logo-completo-peque\u00f1o.png\",\"width\":300,\"height\":300,\"caption\":\"Centro Sagrado Coraz\u00f3n Jesuitas\"},\"image\":{\"@id\":\"https:\/\/www.jesuitasrioja.org\/#\/schema\/logo\/image\/\"},\"sameAs\":[\"https:\/\/www.facebook.com\/jesuitasrioja?locale=es_ES\",\"https:\/\/x.com\/jesuitasrioja\",\"https:\/\/www.instagram.com\/jesuitasrioja\/\"]}]}<\/script>\n<!-- \/ Yoast SEO Premium plugin. -->","yoast_head_json":{"title":"Society of Jesus - Jesuitas Logro\u00f1o","robots":{"index":"index","follow":"follow","max-snippet":"max-snippet:-1","max-image-preview":"max-image-preview:large","max-video-preview":"max-video-preview:-1"},"canonical":"https:\/\/www.jesuitasrioja.org\/en\/the-school\/society-of-jesus-network\/","og_locale":"en_US","og_type":"article","og_title":"Society of Jesus","og_description":"The Order was founded in 1540 as the dream of seven students at Paris University who a few years earlier had decided to travel to the Holy Land. If they failed to reach their final destination, they would place themselves at the Pope\u2019s service. The Society of Jesus grew rapidly. At the time of the [&hellip;]","og_url":"https:\/\/www.jesuitasrioja.org\/en\/the-school\/society-of-jesus-network\/","og_site_name":"Jesuitas Logro\u00f1o","article_publisher":"https:\/\/www.facebook.com\/jesuitasrioja?locale=es_ES","article_modified_time":"2019-02-20T11:55:23+00:00","og_image":[{"width":2257,"height":340,"url":"https:\/\/www.jesuitasrioja.org\/wp-content\/uploads\/2018\/01\/B_Compan\u0303i\u0301a-de-Jesus.jpg","type":"image\/jpeg"}],"twitter_card":"summary_large_image","twitter_site":"@jesuitasrioja","twitter_misc":{"Est. reading time":"3 minutes"},"schema":{"@context":"https:\/\/schema.org","@graph":[{"@type":"WebPage","@id":"https:\/\/www.jesuitasrioja.org\/en\/the-school\/society-of-jesus-network\/","url":"https:\/\/www.jesuitasrioja.org\/en\/the-school\/society-of-jesus-network\/","name":"Society of Jesus - Jesuitas Logro\u00f1o","isPartOf":{"@id":"https:\/\/www.jesuitasrioja.org\/#website"},"primaryImageOfPage":{"@id":"https:\/\/www.jesuitasrioja.org\/en\/the-school\/society-of-jesus-network\/#primaryimage"},"image":{"@id":"https:\/\/www.jesuitasrioja.org\/en\/the-school\/society-of-jesus-network\/#primaryimage"},"thumbnailUrl":"https:\/\/www.jesuitasrioja.org\/wp-content\/uploads\/2018\/01\/B_Compan\u0303i\u0301a-de-Jesus.jpg","datePublished":"2018-01-03T10:37:01+00:00","dateModified":"2019-02-20T11:55:23+00:00","breadcrumb":{"@id":"https:\/\/www.jesuitasrioja.org\/en\/the-school\/society-of-jesus-network\/#breadcrumb"},"inLanguage":"en-US","potentialAction":[{"@type":"ReadAction","target":["https:\/\/www.jesuitasrioja.org\/en\/the-school\/society-of-jesus-network\/"]}]},{"@type":"ImageObject","inLanguage":"en-US","@id":"https:\/\/www.jesuitasrioja.org\/en\/the-school\/society-of-jesus-network\/#primaryimage","url":"https:\/\/www.jesuitasrioja.org\/wp-content\/uploads\/2018\/01\/B_Compan\u0303i\u0301a-de-Jesus.jpg","contentUrl":"https:\/\/www.jesuitasrioja.org\/wp-content\/uploads\/2018\/01\/B_Compan\u0303i\u0301a-de-Jesus.jpg","width":2257,"height":340},{"@type":"BreadcrumbList","@id":"https:\/\/www.jesuitasrioja.org\/en\/the-school\/society-of-jesus-network\/#breadcrumb","itemListElement":[{"@type":"ListItem","position":1,"name":"Portada","item":"https:\/\/www.jesuitasrioja.org\/en\/inicio\/"},{"@type":"ListItem","position":2,"name":"The school","item":"https:\/\/www.jesuitasrioja.org\/en\/the-school\/"},{"@type":"ListItem","position":3,"name":"Society of Jesus"}]},{"@type":"WebSite","@id":"https:\/\/www.jesuitasrioja.org\/#website","url":"https:\/\/www.jesuitasrioja.org\/","name":"Jesuitas Logro\u00f1o","description":"Centro Sagrado Coraz\u00f3n - Jesuitas Logro\u00f1o","publisher":{"@id":"https:\/\/www.jesuitasrioja.org\/#organization"},"potentialAction":[{"@type":"SearchAction","target":{"@type":"EntryPoint","urlTemplate":"https:\/\/www.jesuitasrioja.org\/?s={search_term_string}"},"query-input":{"@type":"PropertyValueSpecification","valueRequired":true,"valueName":"search_term_string"}}],"inLanguage":"en-US"},{"@type":"Organization","@id":"https:\/\/www.jesuitasrioja.org\/#organization","name":"Centro Sagrado Coraz\u00f3n Jesuitas","url":"https:\/\/www.jesuitasrioja.org\/","logo":{"@type":"ImageObject","inLanguage":"en-US","@id":"https:\/\/www.jesuitasrioja.org\/#\/schema\/logo\/image\/","url":"https:\/\/www.jesuitasrioja.org\/wp-content\/uploads\/2020\/09\/Logo-completo-peque\u00f1o.png","contentUrl":"https:\/\/www.jesuitasrioja.org\/wp-content\/uploads\/2020\/09\/Logo-completo-peque\u00f1o.png","width":300,"height":300,"caption":"Centro Sagrado Coraz\u00f3n Jesuitas"},"image":{"@id":"https:\/\/www.jesuitasrioja.org\/#\/schema\/logo\/image\/"},"sameAs":["https:\/\/www.facebook.com\/jesuitasrioja?locale=es_ES","https:\/\/x.com\/jesuitasrioja","https:\/\/www.instagram.com\/jesuitasrioja\/"]}]}},"_links":{"self":[{"href":"https:\/\/www.jesuitasrioja.org\/en\/wp-json\/wp\/v2\/pages\/2205"}],"collection":[{"href":"https:\/\/www.jesuitasrioja.org\/en\/wp-json\/wp\/v2\/pages"}],"about":[{"href":"https:\/\/www.jesuitasrioja.org\/en\/wp-json\/wp\/v2\/types\/page"}],"author":[{"embeddable":true,"href":"https:\/\/www.jesuitasrioja.org\/en\/wp-json\/wp\/v2\/users\/1"}],"replies":[{"embeddable":true,"href":"https:\/\/www.jesuitasrioja.org\/en\/wp-json\/wp\/v2\/comments?post=2205"}],"version-history":[{"count":1,"href":"https:\/\/www.jesuitasrioja.org\/en\/wp-json\/wp\/v2\/pages\/2205\/revisions"}],"predecessor-version":[{"id":2630,"href":"https:\/\/www.jesuitasrioja.org\/en\/wp-json\/wp\/v2\/pages\/2205\/revisions\/2630"}],"up":[{"embeddable":true,"href":"https:\/\/www.jesuitasrioja.org\/en\/wp-json\/wp\/v2\/pages\/2230"}],"wp:featuredmedia":[{"embeddable":true,"href":"https:\/\/www.jesuitasrioja.org\/en\/wp-json\/wp\/v2\/media\/2207"}],"wp:attachment":[{"href":"https:\/\/www.jesuitasrioja.org\/en\/wp-json\/wp\/v2\/media?parent=2205"}],"curies":[{"name":"wp","href":"https:\/\/api.w.org\/{rel}","templated":true}]}}