{"id":2194,"date":"2018-01-03T10:41:58","date_gmt":"2018-01-03T10:41:58","guid":{"rendered":"http:\/\/www.jesuitasrioja.org\/educacion-infantil\/"},"modified":"2019-02-19T14:19:09","modified_gmt":"2019-02-19T14:19:09","slug":"nursery-school","status":"publish","type":"page","link":"https:\/\/www.jesuitasrioja.org\/en\/education\/training-and-employment\/nursery-school\/","title":{"rendered":"Nursery school"},"content":{"rendered":"<p>Our children use play and experimentation to gradually discover their physical selves, and at this stage of Nursery School they learn to relate to themselves and to others, communicating<br \/>\nthrough different languages.<\/p>\n<section id='proslider-5154171' class='proslider educacion-infantil'><div class='row'><\/p>\n<p><div id='proslide-11' class='large-12 columns nopadding proslide' style='background-image: url(\"\/wp-content\/themes\/jesuitak\/img\/carrusel\/descubrir-el-mundo.jpg\");'><div class='textbox'><h4>Discovering the world<\/h4><\/p>\n<p class=\"text-left\">The world is very different when seen through the eyes of a child. Children in Nursery School discover this world through visits, excursions and trips related to the subjects taught in class.<\/p>\n<p><\/div><\/div><\/p>\n<p><div id='proslide-12' class='large-12 columns nopadding proslide' style='background-image: url(\"\/wp-content\/themes\/jesuitak\/img\/carrusel\/formacion-en-valores.jpg\");'><div class='textbox'><h4>Instruction in values (Pastoral Care)<\/h4><\/p>\n<p class=\"text-left\">The foundations are laid at this stage for their religious awakening based on St. Ignatius\u2019s values of respect, compassion and solidarity, which are taught and conveyed from the first years of schooling.<\/p>\n<p><\/div><\/div><\/p>\n<p><div id='proslide-13' class='large-12 columns nopadding proslide' style='background-image: url(\"\/wp-content\/themes\/jesuitak\/img\/carrusel\/autonomia-personal.jpg\");'><div class='textbox'><h4>Personal autonomy<\/h4><\/p>\n<p class=\"text-left\">The world is very different when seen through the eyes of a child. Children in Nursery School discover this world through visits, excursions and trips related to the subjects taught in class.<\/p>\n<p><\/div><\/div><\/p>\n<p><div id='proslide-14' class='large-12 columns nopadding proslide' style='background-image: url(\"\/wp-content\/themes\/jesuitak\/img\/carrusel\/enfoque-global.jpg\");'><div class='textbox'><h4>Comprehensive approach<\/h4><\/p>\n<p class=\"text-left\">Our approach to education stimulates different ways of learning and activates all our pupil\u2019s capabilities. We use project-based learning, as well as DSM &#8211; a proprietary method whereby a third<br \/>\nof the learning process involves textbooks and another third uses worksheets to pave the way for new methodologies.<\/p>\n<p><\/div><\/div><\/p>\n<p><div id='proslide-15' class='large-12 columns nopadding proslide' style='background-image: url(\"\/wp-content\/themes\/jesuitak\/img\/carrusel\/el-alumno-protagonista.jpg\");'><div class='textbox'><h4>Pupils as the architects of their own learning process<\/h4><\/p>\n<p class=\"text-left\">We prompt pupils to learn through their own personal experiences. An education that focuses on hands, hearts and minds. We encourage our children to discover their abilities and express them,<br \/>\ndeveloping multiple intelligences through creative action and the expression of emotion.<\/p>\n<p><\/div><\/div><\/p>\n<p><div id='proslide-16' class='large-12 columns nopadding proslide' style='background-image: url(\"\/wp-content\/themes\/jesuitak\/img\/carrusel\/desde-la-diversidad.jpg\");'><div class='textbox'><h4>Diversity<\/h4><\/p>\n<p class=\"text-left\">We are an inclusive school that responds to each pupil\u2019s needs. We strive daily to ensure each child feels welcome, respected, appreciated and loved.<br \/>\nOur staff members include specialists in therapeutic pedagogy, hearing and language, and school counselling.<\/p>\n<p><\/div><\/div><\/p>\n<p><div id='proslide-17' class='large-12 columns nopadding proslide' style='background-image: url(\"\/wp-content\/themes\/jesuitak\/img\/carrusel\/competencia-linguistica-en-ingles.jpg\");'><div class='textbox'><h4>Learning English<\/h4><\/p>\n<p class=\"text-left\">We favour the early learning of a second language. Our native English teachers spend two hours a week with our pupils as from the age of three.<\/p>\n<p><\/div><\/div><\/p>\n<p><div id='proslide-18' class='large-12 columns nopadding proslide' style='background-image: url(\"\/wp-content\/themes\/jesuitak\/img\/carrusel\/psicomotricidad.jpg\");'><div class='textbox'><h4>Psychomotor skills<\/h4><\/p>\n<p class=\"text-left\">We stimulate each child\u2019s perceptive abilities through movement and corporal expression. To do so, we have two dedicated facilities that the children attend four times a week.<\/p>\n<p><\/div><\/div><\/p>\n<p><div id='proslide-19' class='large-12 columns nopadding proslide' style='background-image: url(\"\/wp-content\/themes\/jesuitak\/img\/carrusel\/biblioteca.jpg\");'><div class='textbox'><h4>Library<\/h4><\/p>\n<p class=\"text-left\">We have a lending library specifically dedicated to children of this age, where we are assisted by parents.<br \/>\nWe encourage children to discover the wonder of books and reading in a setting that is magical, motivating and suited to their world.<\/p>\n<p><\/div><\/div><\/p>\n<p><div id='proslide-20' class='large-12 columns nopadding proslide' style='background-image: url(\"\/wp-content\/themes\/jesuitak\/img\/carrusel\/aula-digital.jpg\");'><div class='textbox'><h4>Digital classrooms<\/h4><\/p>\n<p class=\"text-left\">The pupils have interactive whiteboards in their classrooms. Technology is part of the school landscape and an essential teaching aid.<\/p>\n<p><\/div><\/div><\/p>\n<p><div class='controls'><span id='proslide-control-11' class='proslide-control'>&#9673;<\/span><span id='proslide-control-12' class='proslide-control'>&#9673;<\/span><span id='proslide-control-13' class='proslide-control'>&#9673;<\/span><span id='proslide-control-14' class='proslide-control'>&#9673;<\/span><span id='proslide-control-15' class='proslide-control'>&#9673;<\/span><span id='proslide-control-16' class='proslide-control'>&#9673;<\/span><span id='proslide-control-17' class='proslide-control'>&#9673;<\/span><span id='proslide-control-18' class='proslide-control'>&#9673;<\/span><span id='proslide-control-19' class='proslide-control'>&#9673;<\/span><span id='proslide-control-20' class='proslide-control'>&#9673;<\/span><\/div><div  class='select'><select><option value='proslide-11'>Discovering the world<\/option><option value='proslide-12'>Instruction in values (Pastoral Care)<\/option><option value='proslide-13'>Personal autonomy<\/option><option value='proslide-14'>Comprehensive approach<\/option><option value='proslide-15'>Pupils as the architects of their own learning process<\/option><option value='proslide-16'>Diversity<\/option><option value='proslide-17'>Learning English<\/option><option value='proslide-18'>Psychomotor skills<\/option><option value='proslide-19'>Library<\/option><option value='proslide-20'>Digital classrooms<\/option><\/select> \/ Choose<\/div><\/div><\/section>\n<h2><\/h2>\n<h2>Timetable in Nursery School<\/h2>\n<table style=\"width: 291.078125px;\">\n<tbody>\n<tr>\n<td style=\"background-color: white; width: 136px;\"><\/td>\n<th style=\"width: 35px; text-align: center;\">MORNING<\/th>\n<th style=\"width: 99.078125px; text-align: center;\">AFTERNOON<\/th>\n<\/tr>\n<tr>\n<th style=\"width: 136px;\">START<\/th>\n<td style=\"width: 35px; text-align: center;\">9,00<\/td>\n<td style=\"width: 99.078125px; text-align: center;\">15,00<\/td>\n<\/tr>\n<tr>\n<th style=\"width: 136px;\">FINISH<\/th>\n<td style=\"width: 35px; text-align: center;\">12,30<\/td>\n<td style=\"width: 99.078125px; text-align: center;\">17:00<\/td>\n<\/tr>\n<\/tbody>\n<\/table>\n<h2>Teaching Staff in Nursery School<\/h2>\n<p><img loading=\"lazy\" decoding=\"async\" class=\"aligncenter size-large wp-image-1202\" src=\"http:\/\/www.jesuitasrioja.org\/wp-content\/uploads\/2018\/02\/Maestras-Infantil-1024x768.jpg\" alt=\"\" width=\"1024\" height=\"768\" srcset=\"https:\/\/www.jesuitasrioja.org\/wp-content\/uploads\/2018\/02\/Maestras-Infantil-1024x768.jpg 1024w, https:\/\/www.jesuitasrioja.org\/wp-content\/uploads\/2018\/02\/Maestras-Infantil-300x225.jpg 300w, https:\/\/www.jesuitasrioja.org\/wp-content\/uploads\/2018\/02\/Maestras-Infantil-768x576.jpg 768w, https:\/\/www.jesuitasrioja.org\/wp-content\/uploads\/2018\/02\/Maestras-Infantil.jpg 1632w\" sizes=\"(max-width: 1024px) 100vw, 1024px\" \/><\/p>\n<h2>Management Structure in Nursery School<\/h2>\n<table style=\"width: 550px;\">\n<tbody>\n<tr>\n<th style=\"width: 365px;\">Head<\/th>\n<td style=\"width: 172px;\">Rub\u00e9n P\u00e9rez L\u00e1zaro<\/td>\n<\/tr>\n<tr>\n<th style=\"width: 365px;\">Director of Studies<\/th>\n<td style=\"width: 172px;\">M\u00f3nica Corral<\/td>\n<\/tr>\n<tr>\n<th style=\"width: 365px;\">Counsellor<\/th>\n<td style=\"width: 172px;\">Teresa Fudio<\/td>\n<\/tr>\n<tr>\n<th style=\"width: 365px;\">Coordinator<\/th>\n<td style=\"width: 172px;\">Ana Rosa Calleja<\/td>\n<\/tr>\n<tr>\n<th style=\"width: 365px;\">Coordinator of Bilingual Studies<\/th>\n<td style=\"width: 172px;\">Laura Robledo<\/td>\n<\/tr>\n<tr>\n<th style=\"width: 365px;\">Coordinator of Out-of-School Activities<\/th>\n<td style=\"width: 172px;\">Israel Ajamil<\/td>\n<\/tr>\n<\/tbody>\n<\/table>\n<p><\/p>","protected":false},"excerpt":{"rendered":"<p>Our children use play and experimentation to gradually discover their physical selves, and at this stage of Nursery School they learn to relate to themselves and to others, communicating through different languages. Timetable in Nursery School MORNING AFTERNOON START 9,00 15,00 FINISH 12,30 17:00 Teaching Staff in Nursery School Management Structure in Nursery School Head [&hellip;]<\/p>\n","protected":false},"author":1,"featured_media":2196,"parent":2197,"menu_order":10,"comment_status":"closed","ping_status":"closed","template":"","meta":{"_acf_changed":false,"footnotes":""},"acf":[],"yoast_head":"<!-- This site is optimized with the Yoast SEO Premium plugin v23.4 (Yoast SEO v24.2) - https:\/\/yoast.com\/wordpress\/plugins\/seo\/ -->\n<title>Nursery school - Jesuitas Logro\u00f1o<\/title>\n<meta name=\"robots\" content=\"index, follow, max-snippet:-1, max-image-preview:large, max-video-preview:-1\" \/>\n<link rel=\"canonical\" href=\"https:\/\/www.jesuitasrioja.org\/en\/education\/training-and-employment\/nursery-school\/\" \/>\n<meta property=\"og:locale\" content=\"en_US\" \/>\n<meta property=\"og:type\" content=\"article\" \/>\n<meta property=\"og:title\" content=\"Nursery school\" \/>\n<meta property=\"og:description\" content=\"Our children use play and experimentation to gradually discover their physical selves, and at this stage of Nursery School they learn to relate to themselves and to others, communicating through different languages. Timetable in Nursery School MORNING AFTERNOON START 9,00 15,00 FINISH 12,30 17:00 Teaching Staff in Nursery School Management Structure in Nursery School Head [&hellip;]\" \/>\n<meta property=\"og:url\" content=\"https:\/\/www.jesuitasrioja.org\/en\/education\/training-and-employment\/nursery-school\/\" \/>\n<meta property=\"og:site_name\" content=\"Jesuitas Logro\u00f1o\" \/>\n<meta property=\"article:publisher\" content=\"https:\/\/www.facebook.com\/jesuitasrioja?locale=es_ES\" \/>\n<meta property=\"article:modified_time\" content=\"2019-02-19T14:19:09+00:00\" \/>\n<meta property=\"og:image\" content=\"https:\/\/www.jesuitasrioja.org\/wp-content\/uploads\/2018\/01\/B_Educacio\u0301n-Infantil.jpg\" \/>\n\t<meta property=\"og:image:width\" content=\"2257\" \/>\n\t<meta property=\"og:image:height\" content=\"340\" \/>\n\t<meta property=\"og:image:type\" content=\"image\/jpeg\" \/>\n<meta name=\"twitter:card\" content=\"summary_large_image\" \/>\n<meta name=\"twitter:site\" content=\"@jesuitasrioja\" \/>\n<meta name=\"twitter:label1\" content=\"Est. reading time\" \/>\n\t<meta name=\"twitter:data1\" content=\"6 minutes\" \/>\n<script type=\"application\/ld+json\" class=\"yoast-schema-graph\">{\"@context\":\"https:\/\/schema.org\",\"@graph\":[{\"@type\":\"WebPage\",\"@id\":\"https:\/\/www.jesuitasrioja.org\/en\/education\/training-and-employment\/nursery-school\/\",\"url\":\"https:\/\/www.jesuitasrioja.org\/en\/education\/training-and-employment\/nursery-school\/\",\"name\":\"Nursery school - Jesuitas Logro\u00f1o\",\"isPartOf\":{\"@id\":\"https:\/\/www.jesuitasrioja.org\/#website\"},\"primaryImageOfPage\":{\"@id\":\"https:\/\/www.jesuitasrioja.org\/en\/education\/training-and-employment\/nursery-school\/#primaryimage\"},\"image\":{\"@id\":\"https:\/\/www.jesuitasrioja.org\/en\/education\/training-and-employment\/nursery-school\/#primaryimage\"},\"thumbnailUrl\":\"https:\/\/www.jesuitasrioja.org\/wp-content\/uploads\/2018\/01\/B_Educacio\u0301n-Infantil.jpg\",\"datePublished\":\"2018-01-03T10:41:58+00:00\",\"dateModified\":\"2019-02-19T14:19:09+00:00\",\"breadcrumb\":{\"@id\":\"https:\/\/www.jesuitasrioja.org\/en\/education\/training-and-employment\/nursery-school\/#breadcrumb\"},\"inLanguage\":\"en-US\",\"potentialAction\":[{\"@type\":\"ReadAction\",\"target\":[\"https:\/\/www.jesuitasrioja.org\/en\/education\/training-and-employment\/nursery-school\/\"]}]},{\"@type\":\"ImageObject\",\"inLanguage\":\"en-US\",\"@id\":\"https:\/\/www.jesuitasrioja.org\/en\/education\/training-and-employment\/nursery-school\/#primaryimage\",\"url\":\"https:\/\/www.jesuitasrioja.org\/wp-content\/uploads\/2018\/01\/B_Educacio\u0301n-Infantil.jpg\",\"contentUrl\":\"https:\/\/www.jesuitasrioja.org\/wp-content\/uploads\/2018\/01\/B_Educacio\u0301n-Infantil.jpg\",\"width\":2257,\"height\":340},{\"@type\":\"BreadcrumbList\",\"@id\":\"https:\/\/www.jesuitasrioja.org\/en\/education\/training-and-employment\/nursery-school\/#breadcrumb\",\"itemListElement\":[{\"@type\":\"ListItem\",\"position\":1,\"name\":\"Portada\",\"item\":\"https:\/\/www.jesuitasrioja.org\/en\/inicio\/\"},{\"@type\":\"ListItem\",\"position\":2,\"name\":\"Education\",\"item\":\"https:\/\/www.jesuitasrioja.org\/en\/education\/\"},{\"@type\":\"ListItem\",\"position\":3,\"name\":\"Training and employment\",\"item\":\"https:\/\/www.jesuitasrioja.org\/en\/education\/training-and-employment\/\"},{\"@type\":\"ListItem\",\"position\":4,\"name\":\"Nursery school\"}]},{\"@type\":\"WebSite\",\"@id\":\"https:\/\/www.jesuitasrioja.org\/#website\",\"url\":\"https:\/\/www.jesuitasrioja.org\/\",\"name\":\"Jesuitas Logro\u00f1o\",\"description\":\"Centro Sagrado Coraz\u00f3n - Jesuitas Logro\u00f1o\",\"publisher\":{\"@id\":\"https:\/\/www.jesuitasrioja.org\/#organization\"},\"potentialAction\":[{\"@type\":\"SearchAction\",\"target\":{\"@type\":\"EntryPoint\",\"urlTemplate\":\"https:\/\/www.jesuitasrioja.org\/?s={search_term_string}\"},\"query-input\":{\"@type\":\"PropertyValueSpecification\",\"valueRequired\":true,\"valueName\":\"search_term_string\"}}],\"inLanguage\":\"en-US\"},{\"@type\":\"Organization\",\"@id\":\"https:\/\/www.jesuitasrioja.org\/#organization\",\"name\":\"Centro Sagrado Coraz\u00f3n Jesuitas\",\"url\":\"https:\/\/www.jesuitasrioja.org\/\",\"logo\":{\"@type\":\"ImageObject\",\"inLanguage\":\"en-US\",\"@id\":\"https:\/\/www.jesuitasrioja.org\/#\/schema\/logo\/image\/\",\"url\":\"https:\/\/www.jesuitasrioja.org\/wp-content\/uploads\/2020\/09\/Logo-completo-peque\u00f1o.png\",\"contentUrl\":\"https:\/\/www.jesuitasrioja.org\/wp-content\/uploads\/2020\/09\/Logo-completo-peque\u00f1o.png\",\"width\":300,\"height\":300,\"caption\":\"Centro Sagrado Coraz\u00f3n Jesuitas\"},\"image\":{\"@id\":\"https:\/\/www.jesuitasrioja.org\/#\/schema\/logo\/image\/\"},\"sameAs\":[\"https:\/\/www.facebook.com\/jesuitasrioja?locale=es_ES\",\"https:\/\/x.com\/jesuitasrioja\",\"https:\/\/www.instagram.com\/jesuitasrioja\/\"]}]}<\/script>\n<!-- \/ Yoast SEO Premium plugin. -->","yoast_head_json":{"title":"Nursery school - Jesuitas Logro\u00f1o","robots":{"index":"index","follow":"follow","max-snippet":"max-snippet:-1","max-image-preview":"max-image-preview:large","max-video-preview":"max-video-preview:-1"},"canonical":"https:\/\/www.jesuitasrioja.org\/en\/education\/training-and-employment\/nursery-school\/","og_locale":"en_US","og_type":"article","og_title":"Nursery school","og_description":"Our children use play and experimentation to gradually discover their physical selves, and at this stage of Nursery School they learn to relate to themselves and to others, communicating through different languages. Timetable in Nursery School MORNING AFTERNOON START 9,00 15,00 FINISH 12,30 17:00 Teaching Staff in Nursery School Management Structure in Nursery School Head [&hellip;]","og_url":"https:\/\/www.jesuitasrioja.org\/en\/education\/training-and-employment\/nursery-school\/","og_site_name":"Jesuitas Logro\u00f1o","article_publisher":"https:\/\/www.facebook.com\/jesuitasrioja?locale=es_ES","article_modified_time":"2019-02-19T14:19:09+00:00","og_image":[{"width":2257,"height":340,"url":"https:\/\/www.jesuitasrioja.org\/wp-content\/uploads\/2018\/01\/B_Educacio\u0301n-Infantil.jpg","type":"image\/jpeg"}],"twitter_card":"summary_large_image","twitter_site":"@jesuitasrioja","twitter_misc":{"Est. reading time":"6 minutes"},"schema":{"@context":"https:\/\/schema.org","@graph":[{"@type":"WebPage","@id":"https:\/\/www.jesuitasrioja.org\/en\/education\/training-and-employment\/nursery-school\/","url":"https:\/\/www.jesuitasrioja.org\/en\/education\/training-and-employment\/nursery-school\/","name":"Nursery school - Jesuitas Logro\u00f1o","isPartOf":{"@id":"https:\/\/www.jesuitasrioja.org\/#website"},"primaryImageOfPage":{"@id":"https:\/\/www.jesuitasrioja.org\/en\/education\/training-and-employment\/nursery-school\/#primaryimage"},"image":{"@id":"https:\/\/www.jesuitasrioja.org\/en\/education\/training-and-employment\/nursery-school\/#primaryimage"},"thumbnailUrl":"https:\/\/www.jesuitasrioja.org\/wp-content\/uploads\/2018\/01\/B_Educacio\u0301n-Infantil.jpg","datePublished":"2018-01-03T10:41:58+00:00","dateModified":"2019-02-19T14:19:09+00:00","breadcrumb":{"@id":"https:\/\/www.jesuitasrioja.org\/en\/education\/training-and-employment\/nursery-school\/#breadcrumb"},"inLanguage":"en-US","potentialAction":[{"@type":"ReadAction","target":["https:\/\/www.jesuitasrioja.org\/en\/education\/training-and-employment\/nursery-school\/"]}]},{"@type":"ImageObject","inLanguage":"en-US","@id":"https:\/\/www.jesuitasrioja.org\/en\/education\/training-and-employment\/nursery-school\/#primaryimage","url":"https:\/\/www.jesuitasrioja.org\/wp-content\/uploads\/2018\/01\/B_Educacio\u0301n-Infantil.jpg","contentUrl":"https:\/\/www.jesuitasrioja.org\/wp-content\/uploads\/2018\/01\/B_Educacio\u0301n-Infantil.jpg","width":2257,"height":340},{"@type":"BreadcrumbList","@id":"https:\/\/www.jesuitasrioja.org\/en\/education\/training-and-employment\/nursery-school\/#breadcrumb","itemListElement":[{"@type":"ListItem","position":1,"name":"Portada","item":"https:\/\/www.jesuitasrioja.org\/en\/inicio\/"},{"@type":"ListItem","position":2,"name":"Education","item":"https:\/\/www.jesuitasrioja.org\/en\/education\/"},{"@type":"ListItem","position":3,"name":"Training and employment","item":"https:\/\/www.jesuitasrioja.org\/en\/education\/training-and-employment\/"},{"@type":"ListItem","position":4,"name":"Nursery school"}]},{"@type":"WebSite","@id":"https:\/\/www.jesuitasrioja.org\/#website","url":"https:\/\/www.jesuitasrioja.org\/","name":"Jesuitas Logro\u00f1o","description":"Centro Sagrado Coraz\u00f3n - Jesuitas Logro\u00f1o","publisher":{"@id":"https:\/\/www.jesuitasrioja.org\/#organization"},"potentialAction":[{"@type":"SearchAction","target":{"@type":"EntryPoint","urlTemplate":"https:\/\/www.jesuitasrioja.org\/?s={search_term_string}"},"query-input":{"@type":"PropertyValueSpecification","valueRequired":true,"valueName":"search_term_string"}}],"inLanguage":"en-US"},{"@type":"Organization","@id":"https:\/\/www.jesuitasrioja.org\/#organization","name":"Centro Sagrado Coraz\u00f3n Jesuitas","url":"https:\/\/www.jesuitasrioja.org\/","logo":{"@type":"ImageObject","inLanguage":"en-US","@id":"https:\/\/www.jesuitasrioja.org\/#\/schema\/logo\/image\/","url":"https:\/\/www.jesuitasrioja.org\/wp-content\/uploads\/2020\/09\/Logo-completo-peque\u00f1o.png","contentUrl":"https:\/\/www.jesuitasrioja.org\/wp-content\/uploads\/2020\/09\/Logo-completo-peque\u00f1o.png","width":300,"height":300,"caption":"Centro Sagrado Coraz\u00f3n Jesuitas"},"image":{"@id":"https:\/\/www.jesuitasrioja.org\/#\/schema\/logo\/image\/"},"sameAs":["https:\/\/www.facebook.com\/jesuitasrioja?locale=es_ES","https:\/\/x.com\/jesuitasrioja","https:\/\/www.instagram.com\/jesuitasrioja\/"]}]}},"_links":{"self":[{"href":"https:\/\/www.jesuitasrioja.org\/en\/wp-json\/wp\/v2\/pages\/2194"}],"collection":[{"href":"https:\/\/www.jesuitasrioja.org\/en\/wp-json\/wp\/v2\/pages"}],"about":[{"href":"https:\/\/www.jesuitasrioja.org\/en\/wp-json\/wp\/v2\/types\/page"}],"author":[{"embeddable":true,"href":"https:\/\/www.jesuitasrioja.org\/en\/wp-json\/wp\/v2\/users\/1"}],"replies":[{"embeddable":true,"href":"https:\/\/www.jesuitasrioja.org\/en\/wp-json\/wp\/v2\/comments?post=2194"}],"version-history":[{"count":4,"href":"https:\/\/www.jesuitasrioja.org\/en\/wp-json\/wp\/v2\/pages\/2194\/revisions"}],"predecessor-version":[{"id":2324,"href":"https:\/\/www.jesuitasrioja.org\/en\/wp-json\/wp\/v2\/pages\/2194\/revisions\/2324"}],"up":[{"embeddable":true,"href":"https:\/\/www.jesuitasrioja.org\/en\/wp-json\/wp\/v2\/pages\/2197"}],"wp:featuredmedia":[{"embeddable":true,"href":"https:\/\/www.jesuitasrioja.org\/en\/wp-json\/wp\/v2\/media\/2196"}],"wp:attachment":[{"href":"https:\/\/www.jesuitasrioja.org\/en\/wp-json\/wp\/v2\/media?parent=2194"}],"curies":[{"name":"wp","href":"https:\/\/api.w.org\/{rel}","templated":true}]}}