{"id":2189,"date":"2018-01-03T10:42:40","date_gmt":"2018-01-03T10:42:40","guid":{"rendered":"http:\/\/www.jesuitasrioja.org\/eso\/"},"modified":"2019-02-20T09:04:42","modified_gmt":"2019-02-20T09:04:42","slug":"cse","status":"publish","type":"page","link":"https:\/\/www.jesuitasrioja.org\/en\/education\/training-and-employment\/cse\/","title":{"rendered":"Compulsory Secondary Education"},"content":{"rendered":"<p>We mentor each pupil as they mature and grow to help them acquire social and emotional competencies and develop learning strategies that enable each child to learn in a comprehensive and individual manner.<\/p>\n<section id='proslider-8898354' class='proslider eso'><div class='row'><\/p>\n<p><div id='proslide-10' class='large-12 columns nopadding proslide' style='background-image: url(\"\/wp-content\/themes\/jesuitak\/img\/carrusel\/atencion-personal.jpg\");'><div class='textbox'><h4>Personal care<\/h4><\/p>\n<p class=\"text-left\">Our hallmark is to treat each pupil and their families in a direct and approachable manner. Personal care is an inseparable part of our approach. Tutors monitor their pupils and meet them individually on several occasions to guide them both personally and academically.<\/p>\n<p><\/div><\/div><\/p>\n<p><div id='proslide-11' class='large-12 columns nopadding proslide' style='background-image: url(\"\/wp-content\/themes\/jesuitak\/img\/carrusel\/aprendizaje-activo.jpg\");'><div class='textbox'><h4>Hands-on learning<\/h4><\/p>\n<p>Pupils are the focal point of the teaching-learning process and its main protagonists. We seek their active engagement and nurture their critical and creative thinking through<br \/>\nthe ongoing review of the pedagogical model. We use methods such as Problem-based Learning, Flipped Classroom, Project-based Learning, Teamwork, videos and roleplay.<\/p>\n<p><\/div><\/div><\/p>\n<p><div id='proslide-12' class='large-12 columns nopadding proslide' style='background-image: url(\"\/wp-content\/themes\/jesuitak\/img\/carrusel\/tutoriass.jpg\");'><div class='textbox'><h4>Tutorials<\/h4><\/p>\n<p>We mentor our pupils as they mature and develop academically through personal care and the pursuit of an Individual Development Plan adapted to each school year.<\/p>\n<p><\/div><\/div><\/p>\n<p><div id='proslide-13' class='large-12 columns nopadding proslide' style='background-image: url(\"\/wp-content\/themes\/jesuitak\/img\/carrusel\/interioridad.jpg\");'><div class='textbox'><h4>Personal development<\/h4><\/p>\n<p>We help our pupils to grow through personal awareness of their own individual potential, understanding the keys that enable them to interrelate with other, with reality and transcendence.<br \/>\nWe hold oral and written reflections in the morning, which pupils record in the diary \u201cCamino de ruta\u201d [Route Map].<\/p>\n<p><\/div><\/div><\/p>\n<p><div id='proslide-14' class='large-12 columns nopadding proslide' style='background-image: url(\"\/wp-content\/themes\/jesuitak\/img\/carrusel\/renovacion-educativa.jpg\");'><div class='textbox'><h4>Hands-on learning<\/h4><\/p>\n<p>Pupils are the focal point of the teaching-learning process and its main protagonists. We seek their active engagement and nurture their critical and creative thinking through<br \/>\nthe ongoing review of the pedagogical model. We use methods such as Problem-based Learning, Flipped Classroom, Project-based Learning, Teamwork, videos and roleplay.<\/p>\n<p><\/div><\/div><\/p>\n<p><div id='proslide-15' class='large-12 columns nopadding proslide' style='background-image: url(\"\/wp-content\/themes\/jesuitak\/img\/carrusel\/atencion-a-la-diversidad.jpg\");'><div class='textbox'><h4>Review of teaching methods<\/h4><\/p>\n<p>Our pupils\u2019 diversity is a reality at our school. We have a care plan based on normalisation, personal attention and inclusion.<\/p>\n<p><\/div><\/div><\/p>\n<p><div id='proslide-16' class='large-12 columns nopadding proslide' style='background-image: url(\"\/wp-content\/themes\/jesuitak\/img\/carrusel\/competencia-linguistica.jpg\");'><div class='textbox'><h4>Language skills<\/h4><\/p>\n<p>We organise a wide range of activities designed to improve our pupils\u2019 communication skills. We have both French and English native teachers, and we take part in international exchanges and experiences.<br \/>\nWe are an official examination centre for Oxford and Cambridge qualifications, so we can help our pupils to obtain certificates within the Common European Framework of Reference for Languages.<\/p>\n<p><\/div><\/div><\/p>\n<p><div id='proslide-17' class='large-12 columns nopadding proslide' style='background-image: url(\"\/wp-content\/themes\/jesuitak\/img\/carrusel\/centro-joven.jpg\");'><div class='textbox'><h4>Youth Centre<\/h4><\/p>\n<p>Every day, except Sundays, we provide a place for meetings and activities where our pupils and students can share experiences, work in a team, help each other, and take part in charity work<br \/>\n(Red Solidaria de J\u00f3venes-Youth Solidarity Network) and enjoy their free time in a wholesome manner.<br \/>\nA pastoral mentor, a teacher or older students perform the duties of monitoring the centre.<\/p>\n<p><\/div><\/div><\/p>\n<p><div id='proslide-18' class='large-12 columns nopadding proslide' style='background-image: url(\"\/wp-content\/themes\/jesuitak\/img\/carrusel\/pastoral.jpg\");'><div class='textbox'><h4>Pastoral<\/h4><\/p>\n<p>Our pastoral project channels the initiatives and activities through which we instil Ignatius of Loyola\u2019s values and explain the figure of Jesus of Nazareth as the cornerstone<br \/>\nof the Christian education we provide. At this stage of schooling we organise activities such as retreats, Eucharists, solidarity campaigns, and follow the path of St. Ignatius.<\/p>\n<p><\/div><\/div><\/p>\n<p><div class='controls'><span id='proslide-control-10' class='proslide-control'>&#9673;<\/span><span id='proslide-control-11' class='proslide-control'>&#9673;<\/span><span id='proslide-control-12' class='proslide-control'>&#9673;<\/span><span id='proslide-control-13' class='proslide-control'>&#9673;<\/span><span id='proslide-control-14' class='proslide-control'>&#9673;<\/span><span id='proslide-control-15' class='proslide-control'>&#9673;<\/span><span id='proslide-control-16' class='proslide-control'>&#9673;<\/span><span id='proslide-control-17' class='proslide-control'>&#9673;<\/span><span id='proslide-control-18' class='proslide-control'>&#9673;<\/span><\/div><div  class='select'><select><option value='proslide-10'>Personal care<\/option><option value='proslide-11'>Hands-on learning<\/option><option value='proslide-12'>Tutorials<\/option><option value='proslide-13'>Personal development<\/option><option value='proslide-14'>Hands-on learning<\/option><option value='proslide-15'>Review of teaching methods<\/option><option value='proslide-16'>Language skills<\/option><option value='proslide-17'>Youth Centre<\/option><option value='proslide-18'>Pastoral<\/option><\/select> \/ Choose<\/div><\/div><\/section>\n<h2>2018-2019 School Calendar for Compulsory Secondary Education<\/h2>\n<p><a href=\"\/?p=1631\"><img loading=\"lazy\" decoding=\"async\" class=\"aligncenter wp-image-1631 size-large\" src=\"http:\/\/www.jesuitasrioja.org\/wp-content\/uploads\/2018\/10\/Captura-de-pantalla-2018-10-02-a-las-12.04.38-727x1024.png\" alt=\"\" width=\"727\" height=\"1024\" srcset=\"https:\/\/www.jesuitasrioja.org\/wp-content\/uploads\/2018\/10\/Captura-de-pantalla-2018-10-02-a-las-12.04.38-727x1024.png 727w, https:\/\/www.jesuitasrioja.org\/wp-content\/uploads\/2018\/10\/Captura-de-pantalla-2018-10-02-a-las-12.04.38-213x300.png 213w, https:\/\/www.jesuitasrioja.org\/wp-content\/uploads\/2018\/10\/Captura-de-pantalla-2018-10-02-a-las-12.04.38-768x1082.png 768w, https:\/\/www.jesuitasrioja.org\/wp-content\/uploads\/2018\/10\/Captura-de-pantalla-2018-10-02-a-las-12.04.38.png 1032w\" sizes=\"(max-width: 727px) 100vw, 727px\" \/><\/a><\/p>\n<h2>Timetable for Years 1 and 2 Compulsory Secondary Education.<\/h2>\n<table style=\"width: 570px;\">\n<tbody>\n<tr>\n<td style=\"background-color: white; width: 86px;\"><\/td>\n<th style=\"width: 81px;\">Monday<\/th>\n<th style=\"width: 84px;\">Tuesday<\/th>\n<th style=\"width: 94.859375px;\">Wednesday<\/th>\n<th style=\"width: 78.140625px;\">Thursday<\/th>\n<th style=\"width: 116px;\">Friday<\/th>\n<\/tr>\n<tr>\n<th style=\"width: 86px;\">START<\/th>\n<td style=\"width: 81px; text-align: center;\">8,30<\/td>\n<td style=\"width: 84px; text-align: center;\">8,30<\/td>\n<td style=\"width: 94.859375px; text-align: center;\">8,30<\/td>\n<td style=\"width: 78.140625px; text-align: center;\">8,30<\/td>\n<td style=\"width: 116px; text-align: center;\">8,30<\/td>\n<\/tr>\n<tr>\n<th style=\"width: 86px;\">FINISH<\/th>\n<td style=\"width: 81px; text-align: center;\">14,20<\/td>\n<td style=\"width: 84px; text-align: center;\">14,20<\/td>\n<td style=\"width: 94.859375px; text-align: center;\">14,20<\/td>\n<td style=\"width: 78.140625px; text-align: center;\">14,20<\/td>\n<td style=\"width: 116px; text-align: center;\">14,20<\/td>\n<\/tr>\n<\/tbody>\n<\/table>\n<h2>Timetable for Years 3 and 4 Compulsory Secondary Education.<\/h2>\n<table style=\"width: 568px;\">\n<tbody>\n<tr>\n<td style=\"background-color: white; width: 86px;\"><\/td>\n<th style=\"width: 79px;\">Monday<\/th>\n<th style=\"width: 89.484375px;\">Tuesday<\/th>\n<th style=\"width: 76.515625px;\">Wednesday<\/th>\n<th style=\"width: 105px;\">Thursday<\/th>\n<th style=\"width: 107px;\">Friday<\/th>\n<\/tr>\n<tr>\n<th style=\"width: 86px;\">START<\/th>\n<td style=\"width: 79px; text-align: center;\">8,30<\/td>\n<td style=\"width: 89.484375px; text-align: center;\">8,30<\/td>\n<td style=\"width: 76.515625px; text-align: center;\">8,30<\/td>\n<td style=\"width: 105px; text-align: center;\">8,30<\/td>\n<td style=\"width: 107px; text-align: center;\">8,30<\/td>\n<\/tr>\n<tr>\n<th style=\"width: 86px;\">FINISH<\/th>\n<td style=\"width: 79px; text-align: center;\">15,15<\/td>\n<td style=\"width: 89.484375px; text-align: center;\">14,20<\/td>\n<td style=\"width: 76.515625px; text-align: center;\">14,20<\/td>\n<td style=\"width: 105px; text-align: center;\">14,20<\/td>\n<td style=\"width: 107px; text-align: center;\">14,20<\/td>\n<\/tr>\n<\/tbody>\n<\/table>\n<h2>Exams<\/h2>\n<p>FIRST TERM<\/p>\n<table style=\"width: 549px;\">\n<tbody>\n<tr>\n<td style=\"width: 237px;\">ASSESSMENT PERIOD<\/td>\n<td style=\"width: 273px;\">7 September \u2013 27 November<\/td>\n<\/tr>\n<tr>\n<td style=\"color: #005fbc; width: 237px;\"><em>EXAMS<\/em><\/td>\n<td style=\"color: #005fbc; width: 273px;\">21 to 27 November<\/td>\n<\/tr>\n<tr>\n<td style=\"width: 237px;\">ISSUE OF REPORTS<\/td>\n<td style=\"width: 273px;\">5 December<\/td>\n<\/tr>\n<tr>\n<td style=\"width: 237px;\">RE-TAKES<\/td>\n<td style=\"width: 273px;\">12 December -18 December<\/td>\n<\/tr>\n<\/tbody>\n<\/table>\n<p>SECOND TERM<\/p>\n<table style=\"width: 549px;\">\n<tbody>\n<tr>\n<td style=\"width: 237px;\">ASSESSMENT PERIOD<\/td>\n<td style=\"width: 273px;\">28 November \u2013 26 February<\/td>\n<\/tr>\n<tr>\n<td style=\"color: #005fbc; width: 237px;\"><em>EXAMS<\/em><\/td>\n<td style=\"color: #005fbc; width: 275px;\"><em>20 to 26 de February<\/em><\/td>\n<\/tr>\n<tr>\n<td style=\"width: 237px;\">ISSUE OF REPORTS<\/td>\n<td style=\"width: 273px;\">8 March<\/td>\n<\/tr>\n<tr>\n<td style=\"width: 237px;\">RE-TAKES<\/td>\n<td style=\"width: 273px;\">13 to 19 March<\/td>\n<\/tr>\n<\/tbody>\n<\/table>\n<p>TERCERA &#8211; FINAL ORDINARIA<\/p>\n<table style=\"width: 549px;\">\n<tbody>\n<tr>\n<td style=\"width: 237px;\">ASSESSMENT PERIOD<\/td>\n<td style=\"width: 273px;\">27 February \u2013 31 May<\/td>\n<\/tr>\n<tr>\n<td style=\"width: 237px;\">WEEK DEDICATED TO SAINT IGNATIUS (S. I.)<\/td>\n<td style=\"width: 273px;\">1 to 7 April<\/td>\n<\/tr>\n<tr>\n<td style=\"color: #005fbc; width: 236px;\">EXAMS<\/td>\n<td style=\"color: #005fbc; width: 282px;\">20 to 31 May<\/td>\n<\/tr>\n<tr>\n<td style=\"width: 237px;\">ISSUE OF REPORTS<\/td>\n<td style=\"width: 273px;\">7 June (12 pm)<\/td>\n<\/tr>\n<\/tbody>\n<\/table>\n<p>FINAL EXTRAORDINARIA<\/p>\n<table style=\"width: 549px;\">\n<tbody>\n<tr>\n<td style=\"width: 237px;\">ASSESSMENT PERIOD<\/td>\n<td style=\"width: 273px;\">12 to 19 June<\/td>\n<\/tr>\n<tr>\n<td style=\"color: #005fbc; width: 234px;\">EXAMS<\/td>\n<td style=\"color: #005fbc; width: 291px;\">20 to 24 June<\/td>\n<\/tr>\n<tr>\n<td style=\"width: 237px;\">ISSUE OF REPORTS<\/td>\n<td style=\"width: 273px;\">25 June (1.30 pm)<\/td>\n<\/tr>\n<tr>\n<td style=\"width: 237px;\">REVIEWS AND RE-MARKING<\/td>\n<td style=\"width: 273px;\">From Tuesday 25 to Friday 28, at 1.30 pm.<\/td>\n<\/tr>\n<\/tbody>\n<\/table>\n<h2><\/h2>\n<h2>Teaching Staff in Compulsory Secondary Education<\/h2>\n<p><img loading=\"lazy\" decoding=\"async\" class=\"alignnone size-large wp-image-313\" src=\"\/wp-content\/uploads\/2018\/01\/profesorado-secundaria-1024x528.jpg\" alt=\"\" width=\"1024\" height=\"528\" \/><\/p>\n<p>&nbsp;<\/p>\n<h2>Management Structure in Compulsory Secondary Education<\/h2>\n<p><img loading=\"lazy\" decoding=\"async\" class=\"aligncenter size-full wp-image-410\" src=\"\/wp-content\/uploads\/2018\/01\/organigrama-eso-bto-con-fotos.jpg\" alt=\"\" width=\"800\" height=\"784\" srcset=\"https:\/\/www.jesuitasrioja.org\/wp-content\/uploads\/2018\/01\/organigrama-eso-bto-con-fotos.jpg 800w, https:\/\/www.jesuitasrioja.org\/wp-content\/uploads\/2018\/01\/organigrama-eso-bto-con-fotos-300x294.jpg 300w, https:\/\/www.jesuitasrioja.org\/wp-content\/uploads\/2018\/01\/organigrama-eso-bto-con-fotos-768x753.jpg 768w\" sizes=\"(max-width: 800px) 100vw, 800px\" \/><\/p>","protected":false},"excerpt":{"rendered":"<p>We mentor each pupil as they mature and grow to help them acquire social and emotional competencies and develop learning strategies that enable each child to learn in a comprehensive and individual manner. 2018-2019 School Calendar for Compulsory Secondary Education Timetable for Years 1 and 2 Compulsory Secondary Education. Monday Tuesday Wednesday Thursday Friday START [&hellip;]<\/p>\n","protected":false},"author":1,"featured_media":2191,"parent":2197,"menu_order":30,"comment_status":"closed","ping_status":"closed","template":"","meta":{"_acf_changed":false,"footnotes":""},"acf":[],"yoast_head":"<!-- This site is optimized with the Yoast SEO Premium plugin v23.4 (Yoast SEO v24.2) - https:\/\/yoast.com\/wordpress\/plugins\/seo\/ -->\n<title>Compulsory Secondary Education - Jesuitas Logro\u00f1o<\/title>\n<meta name=\"robots\" content=\"index, follow, max-snippet:-1, max-image-preview:large, max-video-preview:-1\" \/>\n<link rel=\"canonical\" href=\"https:\/\/www.jesuitasrioja.org\/en\/education\/training-and-employment\/cse\/\" \/>\n<meta property=\"og:locale\" content=\"en_US\" \/>\n<meta property=\"og:type\" content=\"article\" \/>\n<meta property=\"og:title\" content=\"Compulsory Secondary Education\" \/>\n<meta property=\"og:description\" content=\"We mentor each pupil as they mature and grow to help them acquire social and emotional competencies and develop learning strategies that enable each child to learn in a comprehensive and individual manner. 2018-2019 School Calendar for Compulsory Secondary Education Timetable for Years 1 and 2 Compulsory Secondary Education. Monday Tuesday Wednesday Thursday Friday START [&hellip;]\" \/>\n<meta property=\"og:url\" content=\"https:\/\/www.jesuitasrioja.org\/en\/education\/training-and-employment\/cse\/\" \/>\n<meta property=\"og:site_name\" content=\"Jesuitas Logro\u00f1o\" \/>\n<meta property=\"article:publisher\" content=\"https:\/\/www.facebook.com\/jesuitasrioja?locale=es_ES\" \/>\n<meta property=\"article:modified_time\" content=\"2019-02-20T09:04:42+00:00\" \/>\n<meta property=\"og:image\" content=\"https:\/\/www.jesuitasrioja.org\/wp-content\/uploads\/2018\/01\/B_ESO.jpg\" \/>\n\t<meta property=\"og:image:width\" content=\"2257\" \/>\n\t<meta property=\"og:image:height\" content=\"340\" \/>\n\t<meta property=\"og:image:type\" content=\"image\/jpeg\" \/>\n<meta name=\"twitter:card\" content=\"summary_large_image\" \/>\n<meta name=\"twitter:site\" content=\"@jesuitasrioja\" \/>\n<meta name=\"twitter:label1\" content=\"Est. reading time\" \/>\n\t<meta name=\"twitter:data1\" content=\"7 minutes\" \/>\n<script type=\"application\/ld+json\" class=\"yoast-schema-graph\">{\"@context\":\"https:\/\/schema.org\",\"@graph\":[{\"@type\":\"WebPage\",\"@id\":\"https:\/\/www.jesuitasrioja.org\/en\/education\/training-and-employment\/cse\/\",\"url\":\"https:\/\/www.jesuitasrioja.org\/en\/education\/training-and-employment\/cse\/\",\"name\":\"Compulsory Secondary Education - Jesuitas Logro\u00f1o\",\"isPartOf\":{\"@id\":\"https:\/\/www.jesuitasrioja.org\/#website\"},\"primaryImageOfPage\":{\"@id\":\"https:\/\/www.jesuitasrioja.org\/en\/education\/training-and-employment\/cse\/#primaryimage\"},\"image\":{\"@id\":\"https:\/\/www.jesuitasrioja.org\/en\/education\/training-and-employment\/cse\/#primaryimage\"},\"thumbnailUrl\":\"https:\/\/www.jesuitasrioja.org\/wp-content\/uploads\/2018\/01\/B_ESO.jpg\",\"datePublished\":\"2018-01-03T10:42:40+00:00\",\"dateModified\":\"2019-02-20T09:04:42+00:00\",\"breadcrumb\":{\"@id\":\"https:\/\/www.jesuitasrioja.org\/en\/education\/training-and-employment\/cse\/#breadcrumb\"},\"inLanguage\":\"en-US\",\"potentialAction\":[{\"@type\":\"ReadAction\",\"target\":[\"https:\/\/www.jesuitasrioja.org\/en\/education\/training-and-employment\/cse\/\"]}]},{\"@type\":\"ImageObject\",\"inLanguage\":\"en-US\",\"@id\":\"https:\/\/www.jesuitasrioja.org\/en\/education\/training-and-employment\/cse\/#primaryimage\",\"url\":\"https:\/\/www.jesuitasrioja.org\/wp-content\/uploads\/2018\/01\/B_ESO.jpg\",\"contentUrl\":\"https:\/\/www.jesuitasrioja.org\/wp-content\/uploads\/2018\/01\/B_ESO.jpg\",\"width\":2257,\"height\":340},{\"@type\":\"BreadcrumbList\",\"@id\":\"https:\/\/www.jesuitasrioja.org\/en\/education\/training-and-employment\/cse\/#breadcrumb\",\"itemListElement\":[{\"@type\":\"ListItem\",\"position\":1,\"name\":\"Portada\",\"item\":\"https:\/\/www.jesuitasrioja.org\/en\/inicio\/\"},{\"@type\":\"ListItem\",\"position\":2,\"name\":\"Education\",\"item\":\"https:\/\/www.jesuitasrioja.org\/en\/education\/\"},{\"@type\":\"ListItem\",\"position\":3,\"name\":\"Training and employment\",\"item\":\"https:\/\/www.jesuitasrioja.org\/en\/education\/training-and-employment\/\"},{\"@type\":\"ListItem\",\"position\":4,\"name\":\"Compulsory Secondary Education\"}]},{\"@type\":\"WebSite\",\"@id\":\"https:\/\/www.jesuitasrioja.org\/#website\",\"url\":\"https:\/\/www.jesuitasrioja.org\/\",\"name\":\"Jesuitas Logro\u00f1o\",\"description\":\"Centro Sagrado Coraz\u00f3n - Jesuitas Logro\u00f1o\",\"publisher\":{\"@id\":\"https:\/\/www.jesuitasrioja.org\/#organization\"},\"potentialAction\":[{\"@type\":\"SearchAction\",\"target\":{\"@type\":\"EntryPoint\",\"urlTemplate\":\"https:\/\/www.jesuitasrioja.org\/?s={search_term_string}\"},\"query-input\":{\"@type\":\"PropertyValueSpecification\",\"valueRequired\":true,\"valueName\":\"search_term_string\"}}],\"inLanguage\":\"en-US\"},{\"@type\":\"Organization\",\"@id\":\"https:\/\/www.jesuitasrioja.org\/#organization\",\"name\":\"Centro Sagrado Coraz\u00f3n Jesuitas\",\"url\":\"https:\/\/www.jesuitasrioja.org\/\",\"logo\":{\"@type\":\"ImageObject\",\"inLanguage\":\"en-US\",\"@id\":\"https:\/\/www.jesuitasrioja.org\/#\/schema\/logo\/image\/\",\"url\":\"https:\/\/www.jesuitasrioja.org\/wp-content\/uploads\/2020\/09\/Logo-completo-peque\u00f1o.png\",\"contentUrl\":\"https:\/\/www.jesuitasrioja.org\/wp-content\/uploads\/2020\/09\/Logo-completo-peque\u00f1o.png\",\"width\":300,\"height\":300,\"caption\":\"Centro Sagrado Coraz\u00f3n Jesuitas\"},\"image\":{\"@id\":\"https:\/\/www.jesuitasrioja.org\/#\/schema\/logo\/image\/\"},\"sameAs\":[\"https:\/\/www.facebook.com\/jesuitasrioja?locale=es_ES\",\"https:\/\/x.com\/jesuitasrioja\",\"https:\/\/www.instagram.com\/jesuitasrioja\/\"]}]}<\/script>\n<!-- \/ Yoast SEO Premium plugin. -->","yoast_head_json":{"title":"Compulsory Secondary Education - Jesuitas Logro\u00f1o","robots":{"index":"index","follow":"follow","max-snippet":"max-snippet:-1","max-image-preview":"max-image-preview:large","max-video-preview":"max-video-preview:-1"},"canonical":"https:\/\/www.jesuitasrioja.org\/en\/education\/training-and-employment\/cse\/","og_locale":"en_US","og_type":"article","og_title":"Compulsory Secondary Education","og_description":"We mentor each pupil as they mature and grow to help them acquire social and emotional competencies and develop learning strategies that enable each child to learn in a comprehensive and individual manner. 2018-2019 School Calendar for Compulsory Secondary Education Timetable for Years 1 and 2 Compulsory Secondary Education. Monday Tuesday Wednesday Thursday Friday START [&hellip;]","og_url":"https:\/\/www.jesuitasrioja.org\/en\/education\/training-and-employment\/cse\/","og_site_name":"Jesuitas Logro\u00f1o","article_publisher":"https:\/\/www.facebook.com\/jesuitasrioja?locale=es_ES","article_modified_time":"2019-02-20T09:04:42+00:00","og_image":[{"width":2257,"height":340,"url":"https:\/\/www.jesuitasrioja.org\/wp-content\/uploads\/2018\/01\/B_ESO.jpg","type":"image\/jpeg"}],"twitter_card":"summary_large_image","twitter_site":"@jesuitasrioja","twitter_misc":{"Est. reading time":"7 minutes"},"schema":{"@context":"https:\/\/schema.org","@graph":[{"@type":"WebPage","@id":"https:\/\/www.jesuitasrioja.org\/en\/education\/training-and-employment\/cse\/","url":"https:\/\/www.jesuitasrioja.org\/en\/education\/training-and-employment\/cse\/","name":"Compulsory Secondary Education - Jesuitas Logro\u00f1o","isPartOf":{"@id":"https:\/\/www.jesuitasrioja.org\/#website"},"primaryImageOfPage":{"@id":"https:\/\/www.jesuitasrioja.org\/en\/education\/training-and-employment\/cse\/#primaryimage"},"image":{"@id":"https:\/\/www.jesuitasrioja.org\/en\/education\/training-and-employment\/cse\/#primaryimage"},"thumbnailUrl":"https:\/\/www.jesuitasrioja.org\/wp-content\/uploads\/2018\/01\/B_ESO.jpg","datePublished":"2018-01-03T10:42:40+00:00","dateModified":"2019-02-20T09:04:42+00:00","breadcrumb":{"@id":"https:\/\/www.jesuitasrioja.org\/en\/education\/training-and-employment\/cse\/#breadcrumb"},"inLanguage":"en-US","potentialAction":[{"@type":"ReadAction","target":["https:\/\/www.jesuitasrioja.org\/en\/education\/training-and-employment\/cse\/"]}]},{"@type":"ImageObject","inLanguage":"en-US","@id":"https:\/\/www.jesuitasrioja.org\/en\/education\/training-and-employment\/cse\/#primaryimage","url":"https:\/\/www.jesuitasrioja.org\/wp-content\/uploads\/2018\/01\/B_ESO.jpg","contentUrl":"https:\/\/www.jesuitasrioja.org\/wp-content\/uploads\/2018\/01\/B_ESO.jpg","width":2257,"height":340},{"@type":"BreadcrumbList","@id":"https:\/\/www.jesuitasrioja.org\/en\/education\/training-and-employment\/cse\/#breadcrumb","itemListElement":[{"@type":"ListItem","position":1,"name":"Portada","item":"https:\/\/www.jesuitasrioja.org\/en\/inicio\/"},{"@type":"ListItem","position":2,"name":"Education","item":"https:\/\/www.jesuitasrioja.org\/en\/education\/"},{"@type":"ListItem","position":3,"name":"Training and employment","item":"https:\/\/www.jesuitasrioja.org\/en\/education\/training-and-employment\/"},{"@type":"ListItem","position":4,"name":"Compulsory Secondary Education"}]},{"@type":"WebSite","@id":"https:\/\/www.jesuitasrioja.org\/#website","url":"https:\/\/www.jesuitasrioja.org\/","name":"Jesuitas Logro\u00f1o","description":"Centro Sagrado Coraz\u00f3n - Jesuitas Logro\u00f1o","publisher":{"@id":"https:\/\/www.jesuitasrioja.org\/#organization"},"potentialAction":[{"@type":"SearchAction","target":{"@type":"EntryPoint","urlTemplate":"https:\/\/www.jesuitasrioja.org\/?s={search_term_string}"},"query-input":{"@type":"PropertyValueSpecification","valueRequired":true,"valueName":"search_term_string"}}],"inLanguage":"en-US"},{"@type":"Organization","@id":"https:\/\/www.jesuitasrioja.org\/#organization","name":"Centro Sagrado Coraz\u00f3n Jesuitas","url":"https:\/\/www.jesuitasrioja.org\/","logo":{"@type":"ImageObject","inLanguage":"en-US","@id":"https:\/\/www.jesuitasrioja.org\/#\/schema\/logo\/image\/","url":"https:\/\/www.jesuitasrioja.org\/wp-content\/uploads\/2020\/09\/Logo-completo-peque\u00f1o.png","contentUrl":"https:\/\/www.jesuitasrioja.org\/wp-content\/uploads\/2020\/09\/Logo-completo-peque\u00f1o.png","width":300,"height":300,"caption":"Centro Sagrado Coraz\u00f3n Jesuitas"},"image":{"@id":"https:\/\/www.jesuitasrioja.org\/#\/schema\/logo\/image\/"},"sameAs":["https:\/\/www.facebook.com\/jesuitasrioja?locale=es_ES","https:\/\/x.com\/jesuitasrioja","https:\/\/www.instagram.com\/jesuitasrioja\/"]}]}},"_links":{"self":[{"href":"https:\/\/www.jesuitasrioja.org\/en\/wp-json\/wp\/v2\/pages\/2189"}],"collection":[{"href":"https:\/\/www.jesuitasrioja.org\/en\/wp-json\/wp\/v2\/pages"}],"about":[{"href":"https:\/\/www.jesuitasrioja.org\/en\/wp-json\/wp\/v2\/types\/page"}],"author":[{"embeddable":true,"href":"https:\/\/www.jesuitasrioja.org\/en\/wp-json\/wp\/v2\/users\/1"}],"replies":[{"embeddable":true,"href":"https:\/\/www.jesuitasrioja.org\/en\/wp-json\/wp\/v2\/comments?post=2189"}],"version-history":[{"count":2,"href":"https:\/\/www.jesuitasrioja.org\/en\/wp-json\/wp\/v2\/pages\/2189\/revisions"}],"predecessor-version":[{"id":2586,"href":"https:\/\/www.jesuitasrioja.org\/en\/wp-json\/wp\/v2\/pages\/2189\/revisions\/2586"}],"up":[{"embeddable":true,"href":"https:\/\/www.jesuitasrioja.org\/en\/wp-json\/wp\/v2\/pages\/2197"}],"wp:featuredmedia":[{"embeddable":true,"href":"https:\/\/www.jesuitasrioja.org\/en\/wp-json\/wp\/v2\/media\/2191"}],"wp:attachment":[{"href":"https:\/\/www.jesuitasrioja.org\/en\/wp-json\/wp\/v2\/media?parent=2189"}],"curies":[{"name":"wp","href":"https:\/\/api.w.org\/{rel}","templated":true}]}}