{"id":2186,"date":"2018-01-03T10:43:03","date_gmt":"2018-01-03T10:43:03","guid":{"rendered":"http:\/\/www.jesuitasrioja.org\/bachillerato\/"},"modified":"2019-02-20T10:57:37","modified_gmt":"2019-02-20T10:57:37","slug":"sixth-form","status":"publish","type":"page","link":"https:\/\/www.jesuitasrioja.org\/en\/education\/training-and-employment\/sixth-form\/","title":{"rendered":"Sixth Form"},"content":{"rendered":"<p>We provide our students with a sound intellectual, human and Christian education that prepares them to deal with the challenges today\u2019s society poses with optimism and the desire to build a more humane world.<\/p>\n<section id='proslider-2226621' class='proslider eso'><div class='row'><\/p>\n<p><div id='proslide-9' class='large-12 columns nopadding proslide' style='background-image: url(\"\/wp-content\/themes\/jesuitak\/img\/carrusel\/atencion-personal-bachillerato.jpg\");'><div class='textbox'><h4>Personal care<\/h4><\/p>\n<p>Our hallmark is to treat each pupil and their families in a direct and approachable manner. Personal care is an inseparable part of our approach.<br \/>\nTutors monitor their pupils and meet them individually on several occasions to guide them both personally and academically.<\/p>\n<p><\/div><\/div><\/p>\n<p><div id='proslide-10' class='large-12 columns nopadding proslide' style='background-image: url(\"\/wp-content\/themes\/jesuitak\/img\/carrusel\/aprendizaje-activo-bachillerato.jpg\");'><div class='textbox'><h4>Hands-on learning<\/h4><\/p>\n<p>We seek our pupils\u2019 active engagement and encourage them to think critically and creatively.<\/p>\n<p><div id='proslide-11' class='large-12 columns nopadding proslide' style='background-image: url(\"\/wp-content\/themes\/jesuitak\/img\/carrusel\/tutorias.jpg\");'><div class='textbox'><h4>Tutorials<\/h4><\/div><\/div><\/p>\n<p>We mentor our pupils as they mature and develop academically through personal care and the pursuit of an Individual Development Plan adapted to each school year.<\/p>\n<p><\/div><\/div><\/p>\n<p><div id='proslide-12' class='large-12 columns nopadding proslide' style='background-image: url(\"\/wp-content\/themes\/jesuitak\/img\/carrusel\/interioridad-bachillerato.jpg\");'><div class='textbox'><h4>Personal development<\/h4><\/p>\n<p>We help our pupils to grow through personal awareness of their own individual potential, understanding the keys that enable them to interrelate with other, with reality and transcendence.<br \/>\nWe hold prayers and reflections in the morning, a personal development workshop once a term, and an act of reconciliation<\/p>\n<p><\/div><\/div><\/p>\n<p><div id='proslide-13' class='large-12 columns nopadding proslide' style='background-image: url(\"\/wp-content\/themes\/jesuitak\/img\/carrusel\/renovacion-educativa-bachillerato.jpg\");'><div class='textbox'><h4>Review of teaching methods<\/h4><\/p>\n<p>We are immersed in a process involving innovation and the review of our teaching methods. We are also working on new methodologies that will enable our pupils to acquire<br \/>\nthe new competencies required in this 21st century: teamwork, the mastery of new technologies, language skills, critical thinking, adapting to new situations, and overcoming difficulties creatively.<\/p>\n<p><\/div><\/div><\/p>\n<p>&nbsp;<\/p>\n<p><div id='proslide-14' class='large-12 columns nopadding proslide' style='background-image: url(\"\/wp-content\/themes\/jesuitak\/img\/carrusel\/competencia-linguistica-bachillerato.jpg\");'><div class='textbox'><h4>Language skills<\/h4><\/p>\n<p>We organise a wide range of activities designed to improve our pupils\u2019 communication skills.<br \/>\nWe have both French and English native teachers and we take part in international exchanges and experiences.<br \/>\nWe are an official examination centre for Oxford and Cambridge qualifications, so we can help our pupils to obtain certificates within the Common European Framework of Reference for Languages.<\/p>\n<p><\/div><\/div><\/p>\n<p><div id='proslide-15' class='large-12 columns nopadding proslide' style='background-image: url(\"\/wp-content\/themes\/jesuitak\/img\/carrusel\/centro-joven-bachillerato.jpg\");'><div class='textbox'><h4>Youth Centre<\/h4><\/p>\n<p>Every day, except Sundays, we provide a place for meetings and activities where our pupils and students can share experiences, work in a team, help each other, and take part in charity work<br \/>\n(Red Solidaria de J\u00f3venes-Youth Solidarity Network) and enjoy their free time in a wholesome manner.<br \/>\nIt is open every day from 5 pm to 8 pm, except Sundays. A pastoral mentor, a teacher or older students perform the duties of monitoring the centre.<\/p>\n<p><\/div><\/div><\/p>\n<p><div id='proslide-16' class='large-12 columns nopadding proslide' style='background-image: url(\"\/wp-content\/themes\/jesuitak\/img\/carrusel\/pastoral-bachillerato.jpg\");'><div class='textbox'><h4>Pastoral<\/h4><\/p>\n<p>Our pastoral project channels the initiatives and activities through which we instil Ignatius of Loyola\u2019s values and explain the figure of Jesus of Nazareth as the cornerstone.<br \/>\nof the Christian education we provide. At this stage of schooling we organise activities such as retreats, inter-school encounters and collaboration, and the organisation of solidarity campaigns<\/p>\n<p><\/div><\/div><\/p>\n<p><div class='controls'><span id='proslide-control-9' class='proslide-control'>&#9673;<\/span><span id='proslide-control-11' class='proslide-control'>&#9673;<\/span><span id='proslide-control-11' class='proslide-control'>&#9673;<\/span><span id='proslide-control-12' class='proslide-control'>&#9673;<\/span><span id='proslide-control-13' class='proslide-control'>&#9673;<\/span><span id='proslide-control-14' class='proslide-control'>&#9673;<\/span><span id='proslide-control-15' class='proslide-control'>&#9673;<\/span><span id='proslide-control-16' class='proslide-control'>&#9673;<\/span><\/div><div  class='select'><select><option value='proslide-9'>Personal care<\/option><option value='proslide-11'>Tutorials<\/option><option value='proslide-11'>Hands-on learning<\/option><option value='proslide-12'>Personal development<\/option><option value='proslide-13'>Review of teaching methods<\/option><option value='proslide-14'>Language skills<\/option><option value='proslide-15'>Youth Centre<\/option><option value='proslide-16'>Pastoral<\/option><\/select> \/ Choose<\/div><\/div><\/section>\n<h2>2018-2019 School Calendar for the Sixth Form<\/h2>\n<p><img loading=\"lazy\" decoding=\"async\" class=\"aligncenter wp-image-1631 size-large\" src=\"http:\/\/www.jesuitasrioja.org\/wp-content\/uploads\/2018\/10\/Captura-de-pantalla-2018-10-02-a-las-12.04.38-727x1024.png\" alt=\"\" width=\"727\" height=\"1024\" srcset=\"https:\/\/www.jesuitasrioja.org\/wp-content\/uploads\/2018\/10\/Captura-de-pantalla-2018-10-02-a-las-12.04.38-727x1024.png 727w, https:\/\/www.jesuitasrioja.org\/wp-content\/uploads\/2018\/10\/Captura-de-pantalla-2018-10-02-a-las-12.04.38-213x300.png 213w, https:\/\/www.jesuitasrioja.org\/wp-content\/uploads\/2018\/10\/Captura-de-pantalla-2018-10-02-a-las-12.04.38-768x1082.png 768w, https:\/\/www.jesuitasrioja.org\/wp-content\/uploads\/2018\/10\/Captura-de-pantalla-2018-10-02-a-las-12.04.38.png 1032w\" sizes=\"(max-width: 727px) 100vw, 727px\" \/><\/p>\n<p>&nbsp;<\/p>\n<h2>Exams Year 1 Sixth Form<\/h2>\n<p>FIRST TERM<\/p>\n<table style=\"width: 512px;\">\n<tbody>\n<tr>\n<td style=\"width: 237px;\">ASSESSMENT PERIOD<\/td>\n<td style=\"width: 273px;\">7 September \u2013 20 November<\/td>\n<\/tr>\n<tr>\n<td style=\"color: #005fbc; width: 237px;\">EXAMS<\/td>\n<td style=\"color: #005fbc; width: 273px;\">14 to 20 November<\/td>\n<\/tr>\n<tr>\n<td style=\"width: 237px;\">ISSUE OF REPORTS<\/td>\n<td style=\"width: 273px;\">30 November<\/td>\n<\/tr>\n<tr>\n<td style=\"width: 237px;\">RE-TAKES<\/td>\n<td style=\"width: 273px;\">30 November<\/td>\n<\/tr>\n<\/tbody>\n<\/table>\n<p>SECOND TERM<\/p>\n<table style=\"width: 512px;\">\n<tbody>\n<tr>\n<td style=\"width: 237px;\">ASSESSMENT PERIOD<\/td>\n<td style=\"width: 273px;\">21 November \u2013 19 February<\/td>\n<\/tr>\n<tr>\n<td style=\"color: #005fbc; width: 237px;\">EXAMS<\/td>\n<td style=\"color: #005fbc; width: 275px;\">13 to 19 February<\/td>\n<\/tr>\n<tr>\n<td style=\"width: 237px;\">ISSUE OF REPORTS<\/td>\n<td style=\"width: 273px;\">28 February<\/td>\n<\/tr>\n<tr>\n<td style=\"width: 237px;\">RE-TAKES<\/td>\n<td style=\"width: 273px;\">6 to 12 March<\/td>\n<\/tr>\n<\/tbody>\n<\/table>\n<p>THRID TERM<\/p>\n<table style=\"width: 512px;\">\n<tbody>\n<tr>\n<td style=\"width: 237px;\">ASSESSMENT PERIOD<\/td>\n<td style=\"width: 273px;\">20 February \u2013 14 May<\/td>\n<\/tr>\n<tr>\n<td style=\"width: 237px;\">WEEK DEDICATED TO SAINT IGNATIUS (S. I.)<\/td>\n<td style=\"width: 273px;\">1 to 7 April<\/td>\n<\/tr>\n<tr>\n<td style=\"color: #005fbc; width: 236px;\">EXAMS<\/td>\n<td style=\"color: #005fbc; width: 282px;\">8 to 14 May<\/td>\n<\/tr>\n<tr>\n<td style=\"width: 237px;\">ISSUE OF REPORTS<\/td>\n<td style=\"width: 273px;\">20 May (1.30 pm)<\/td>\n<\/tr>\n<\/tbody>\n<\/table>\n<p>SCHEDULED END OF TERM<\/p>\n<table style=\"width: 512px;\">\n<tbody>\n<tr>\n<td style=\"width: 237px;\">REPASOS<\/td>\n<td style=\"width: 273px;\">20 \u00a0y 21 de mayo<\/td>\n<\/tr>\n<tr>\n<td style=\"color: #005fbc; width: 234px;\">EXAMS<\/td>\n<td style=\"color: #005fbc; width: 285px;\"><em>22 al 28 de mayo<\/em><\/td>\n<\/tr>\n<tr>\n<td style=\"width: 237px;\">ISSUE OF REPORTS<\/td>\n<td style=\"width: 273px;\">30 de mayo (11:30 h.)<\/td>\n<\/tr>\n<tr>\n<td style=\"width: 237px;\">REVIEWS AND RE-MARKING<\/td>\n<td style=\"width: 273px;\">Desde el 30 mayo, a las 12:00 hs. hasta\u00a0el 4 junio, a las 12:00 hs.<\/td>\n<\/tr>\n<\/tbody>\n<\/table>\n<p>EXTENDED END OF TERM<\/p>\n<table style=\"width: 512px;\">\n<tbody>\n<tr>\n<td style=\"width: 237px;\">PREPARACI\u00d3N EX\u00c1MENES<\/td>\n<td style=\"width: 273px;\">20 and 21 May<\/td>\n<\/tr>\n<tr>\n<td style=\"color: #005fbc; width: 234px;\"><em>EX\u00c1MENES<\/em><\/td>\n<td style=\"color: #005fbc; width: 291px;\">22 to 28 May<\/td>\n<\/tr>\n<tr>\n<td style=\"width: 237px;\">ENTREGA DE NOTAS<\/td>\n<td style=\"width: 273px;\">30 May (11:30 h.)<\/td>\n<\/tr>\n<tr>\n<td style=\"width: 237px;\">ACLARACIONES Y<br \/>\nRECLAMACIONES<\/td>\n<td style=\"width: 273px;\">From 30 May, at 12 pm to 4 June, at 12 pm..<\/td>\n<\/tr>\n<\/tbody>\n<\/table>\n<h2>Exams Year 2 Sixth Form<\/h2>\n<p>FIRST TERM<\/p>\n<table style=\"width: 512px;\">\n<tbody>\n<tr>\n<td style=\"width: 237px;\">ASSESSMENT PERIOD<\/td>\n<td style=\"width: 273px;\">7 September \u2013 13 November<\/td>\n<\/tr>\n<tr>\n<td style=\"color: #005fbc; width: 237px;\"><em>EXAMS<\/em><\/td>\n<td style=\"color: #005fbc; width: 273px;\">7 to 13 November<\/td>\n<\/tr>\n<tr>\n<td style=\"width: 237px;\">ISSUE OF REPORTS<\/td>\n<td style=\"width: 273px;\">22 november<\/td>\n<\/tr>\n<tr>\n<td style=\"width: 237px;\">RE-TAKES<\/td>\n<td style=\"width: 273px;\">28 November to 4 December<\/td>\n<\/tr>\n<\/tbody>\n<\/table>\n<p>SECOND TERM<\/p>\n<table style=\"width: 512px;\">\n<tbody>\n<tr>\n<td style=\"width: 237px;\">ASSESSMENT PERIOD<\/td>\n<td style=\"width: 273px;\">14 November \u2013 15 February<\/td>\n<\/tr>\n<tr>\n<td style=\"color: #005fbc; width: 237px;\">EXAMS<\/td>\n<td style=\"color: #005fbc; width: 275px;\">30 January to 5 February<\/td>\n<\/tr>\n<tr>\n<td style=\"width: 237px;\">ISSUE OF REPORTS<\/td>\n<td style=\"width: 273px;\">14 February<\/td>\n<\/tr>\n<tr>\n<td style=\"width: 237px;\">RE-TAKES<\/td>\n<td style=\"width: 273px;\">20 to 26 February<\/td>\n<\/tr>\n<\/tbody>\n<\/table>\n<p>THRID TERM<\/p>\n<table style=\"width: 512px;\">\n<tbody>\n<tr>\n<td style=\"width: 237px;\">ASSESSMENT PERIOD<\/td>\n<td style=\"width: 273px;\">6 February \u2013 8 May<\/td>\n<\/tr>\n<tr>\n<td style=\"width: 237px;\">SEMANA IGNACIANA (S. I.)<\/td>\n<td style=\"width: 273px;\">1 to 7 April<\/td>\n<\/tr>\n<tr>\n<td style=\"color: #005fbc; width: 236px;\">EXAMS<\/td>\n<td style=\"color: #005fbc; width: 282px;\">2 to 8 May<\/td>\n<\/tr>\n<tr>\n<td style=\"width: 237px;\">ISSUE OF REPORTS<\/td>\n<td style=\"width: 273px;\">13 May (1.30 pm)<\/td>\n<\/tr>\n<\/tbody>\n<\/table>\n<p>FINAL ORDINARIA<\/p>\n<table style=\"width: 512px;\">\n<tbody>\n<tr>\n<td style=\"color: #005fbc; width: 234px;\">EXAMS<\/td>\n<td style=\"color: #005fbc; width: 285px;\">15 to 21 May<\/td>\n<\/tr>\n<tr>\n<td style=\"width: 237px;\">ISSUE OF REPORTS<\/td>\n<td style=\"width: 273px;\">28 May (10.30 am)<\/td>\n<\/tr>\n<tr>\n<td style=\"width: 237px;\">REVIEWS AND RE-MARKING<\/td>\n<td style=\"width: 273px;\">From Tuesday 28 to Friday 31, at 11.30 am.<\/td>\n<\/tr>\n<tr>\n<td style=\"color: #005fbc; width: 237px;\">EBAU University Entrance Exam<\/td>\n<td style=\"color: #005fbc; width: 273px;\">5, 6 and 7 June<\/td>\n<\/tr>\n<\/tbody>\n<\/table>\n<p>FINAL EXTRAORDINARIA<\/p>\n<table style=\"width: 512px;\">\n<tbody>\n<tr>\n<td style=\"color: #005fbc; width: 234px;\">EXAMS pending from Year 1 in the Sixth Form<\/td>\n<td style=\"color: #005fbc; width: 285px;\">3 June<\/td>\n<\/tr>\n<tr>\n<td style=\"color: #005fbc; width: 234px;\">EXAMS<\/td>\n<td style=\"color: #005fbc; width: 285px;\">6 to 14 June<\/td>\n<\/tr>\n<tr>\n<td style=\"width: 237px;\">ISSUE OF REPORTS<\/td>\n<td style=\"width: 273px;\">18 June<\/td>\n<\/tr>\n<tr>\n<td style=\"width: 237px;\">REVIEWS AND RE-MARKING<\/td>\n<td style=\"width: 273px;\">From Tuesday 18 to Friday 21, at 12 pm.<\/td>\n<\/tr>\n<tr>\n<td style=\"color: #005fbc; width: 237px;\">EBAU University Entrance Exam<\/td>\n<td style=\"color: #005fbc; width: 273px;\">3, 4 and 5 July<\/td>\n<\/tr>\n<\/tbody>\n<\/table>\n<h2>Teaching Staff in the Sixth Form<\/h2>\n<p><img loading=\"lazy\" decoding=\"async\" class=\"aligncenter wp-image-313 size-full\" src=\"\/wp-content\/uploads\/2018\/01\/profesorado-secundaria.jpg\" alt=\"\" width=\"1140\" height=\"588\" \/><\/p>\n<h2>Management Structure in the Sixth Form<\/h2>\n<p><img loading=\"lazy\" decoding=\"async\" class=\"aligncenter wp-image-410 size-full\" src=\"\/wp-content\/uploads\/2018\/01\/organigrama-eso-bto-con-fotos.jpg\" alt=\"\" width=\"800\" height=\"784\" srcset=\"https:\/\/www.jesuitasrioja.org\/wp-content\/uploads\/2018\/01\/organigrama-eso-bto-con-fotos.jpg 800w, https:\/\/www.jesuitasrioja.org\/wp-content\/uploads\/2018\/01\/organigrama-eso-bto-con-fotos-300x294.jpg 300w, https:\/\/www.jesuitasrioja.org\/wp-content\/uploads\/2018\/01\/organigrama-eso-bto-con-fotos-768x753.jpg 768w\" sizes=\"(max-width: 800px) 100vw, 800px\" \/><\/p>\n<p>&nbsp;<\/p>","protected":false},"excerpt":{"rendered":"<p>We provide our students with a sound intellectual, human and Christian education that prepares them to deal with the challenges today\u2019s society poses with optimism and the desire to build a more humane world. 2018-2019 School Calendar for the Sixth Form &nbsp; Exams Year 1 Sixth Form FIRST TERM ASSESSMENT PERIOD 7 September \u2013 20 [&hellip;]<\/p>\n","protected":false},"author":1,"featured_media":2188,"parent":2197,"menu_order":40,"comment_status":"closed","ping_status":"closed","template":"","meta":{"_acf_changed":false,"footnotes":""},"acf":[],"yoast_head":"<!-- This site is optimized with the Yoast SEO Premium plugin v23.4 (Yoast SEO v24.2) - https:\/\/yoast.com\/wordpress\/plugins\/seo\/ -->\n<title>Sixth Form - Jesuitas Logro\u00f1o<\/title>\n<meta name=\"robots\" content=\"index, follow, max-snippet:-1, max-image-preview:large, max-video-preview:-1\" \/>\n<link rel=\"canonical\" href=\"https:\/\/www.jesuitasrioja.org\/en\/education\/training-and-employment\/sixth-form\/\" \/>\n<meta property=\"og:locale\" content=\"en_US\" \/>\n<meta property=\"og:type\" content=\"article\" \/>\n<meta property=\"og:title\" content=\"Sixth Form\" \/>\n<meta property=\"og:description\" content=\"We provide our students with a sound intellectual, human and Christian education that prepares them to deal with the challenges today\u2019s society poses with optimism and the desire to build a more humane world. 2018-2019 School Calendar for the Sixth Form &nbsp; Exams Year 1 Sixth Form FIRST TERM ASSESSMENT PERIOD 7 September \u2013 20 [&hellip;]\" \/>\n<meta property=\"og:url\" content=\"https:\/\/www.jesuitasrioja.org\/en\/education\/training-and-employment\/sixth-form\/\" \/>\n<meta property=\"og:site_name\" content=\"Jesuitas Logro\u00f1o\" \/>\n<meta property=\"article:publisher\" content=\"https:\/\/www.facebook.com\/jesuitasrioja?locale=es_ES\" \/>\n<meta property=\"article:modified_time\" content=\"2019-02-20T10:57:37+00:00\" \/>\n<meta property=\"og:image\" content=\"https:\/\/www.jesuitasrioja.org\/wp-content\/uploads\/2018\/01\/B_bachillerato.jpg\" \/>\n\t<meta property=\"og:image:width\" content=\"2257\" \/>\n\t<meta property=\"og:image:height\" content=\"340\" \/>\n\t<meta property=\"og:image:type\" content=\"image\/jpeg\" \/>\n<meta name=\"twitter:card\" content=\"summary_large_image\" \/>\n<meta name=\"twitter:site\" content=\"@jesuitasrioja\" \/>\n<meta name=\"twitter:label1\" content=\"Est. reading time\" \/>\n\t<meta name=\"twitter:data1\" content=\"8 minutes\" \/>\n<script type=\"application\/ld+json\" class=\"yoast-schema-graph\">{\"@context\":\"https:\/\/schema.org\",\"@graph\":[{\"@type\":\"WebPage\",\"@id\":\"https:\/\/www.jesuitasrioja.org\/en\/education\/training-and-employment\/sixth-form\/\",\"url\":\"https:\/\/www.jesuitasrioja.org\/en\/education\/training-and-employment\/sixth-form\/\",\"name\":\"Sixth Form - Jesuitas Logro\u00f1o\",\"isPartOf\":{\"@id\":\"https:\/\/www.jesuitasrioja.org\/#website\"},\"primaryImageOfPage\":{\"@id\":\"https:\/\/www.jesuitasrioja.org\/en\/education\/training-and-employment\/sixth-form\/#primaryimage\"},\"image\":{\"@id\":\"https:\/\/www.jesuitasrioja.org\/en\/education\/training-and-employment\/sixth-form\/#primaryimage\"},\"thumbnailUrl\":\"https:\/\/www.jesuitasrioja.org\/wp-content\/uploads\/2018\/01\/B_bachillerato.jpg\",\"datePublished\":\"2018-01-03T10:43:03+00:00\",\"dateModified\":\"2019-02-20T10:57:37+00:00\",\"breadcrumb\":{\"@id\":\"https:\/\/www.jesuitasrioja.org\/en\/education\/training-and-employment\/sixth-form\/#breadcrumb\"},\"inLanguage\":\"en-US\",\"potentialAction\":[{\"@type\":\"ReadAction\",\"target\":[\"https:\/\/www.jesuitasrioja.org\/en\/education\/training-and-employment\/sixth-form\/\"]}]},{\"@type\":\"ImageObject\",\"inLanguage\":\"en-US\",\"@id\":\"https:\/\/www.jesuitasrioja.org\/en\/education\/training-and-employment\/sixth-form\/#primaryimage\",\"url\":\"https:\/\/www.jesuitasrioja.org\/wp-content\/uploads\/2018\/01\/B_bachillerato.jpg\",\"contentUrl\":\"https:\/\/www.jesuitasrioja.org\/wp-content\/uploads\/2018\/01\/B_bachillerato.jpg\",\"width\":2257,\"height\":340},{\"@type\":\"BreadcrumbList\",\"@id\":\"https:\/\/www.jesuitasrioja.org\/en\/education\/training-and-employment\/sixth-form\/#breadcrumb\",\"itemListElement\":[{\"@type\":\"ListItem\",\"position\":1,\"name\":\"Portada\",\"item\":\"https:\/\/www.jesuitasrioja.org\/en\/inicio\/\"},{\"@type\":\"ListItem\",\"position\":2,\"name\":\"Education\",\"item\":\"https:\/\/www.jesuitasrioja.org\/en\/education\/\"},{\"@type\":\"ListItem\",\"position\":3,\"name\":\"Training and employment\",\"item\":\"https:\/\/www.jesuitasrioja.org\/en\/education\/training-and-employment\/\"},{\"@type\":\"ListItem\",\"position\":4,\"name\":\"Sixth Form\"}]},{\"@type\":\"WebSite\",\"@id\":\"https:\/\/www.jesuitasrioja.org\/#website\",\"url\":\"https:\/\/www.jesuitasrioja.org\/\",\"name\":\"Jesuitas Logro\u00f1o\",\"description\":\"Centro Sagrado Coraz\u00f3n - Jesuitas Logro\u00f1o\",\"publisher\":{\"@id\":\"https:\/\/www.jesuitasrioja.org\/#organization\"},\"potentialAction\":[{\"@type\":\"SearchAction\",\"target\":{\"@type\":\"EntryPoint\",\"urlTemplate\":\"https:\/\/www.jesuitasrioja.org\/?s={search_term_string}\"},\"query-input\":{\"@type\":\"PropertyValueSpecification\",\"valueRequired\":true,\"valueName\":\"search_term_string\"}}],\"inLanguage\":\"en-US\"},{\"@type\":\"Organization\",\"@id\":\"https:\/\/www.jesuitasrioja.org\/#organization\",\"name\":\"Centro Sagrado Coraz\u00f3n Jesuitas\",\"url\":\"https:\/\/www.jesuitasrioja.org\/\",\"logo\":{\"@type\":\"ImageObject\",\"inLanguage\":\"en-US\",\"@id\":\"https:\/\/www.jesuitasrioja.org\/#\/schema\/logo\/image\/\",\"url\":\"https:\/\/www.jesuitasrioja.org\/wp-content\/uploads\/2020\/09\/Logo-completo-peque\u00f1o.png\",\"contentUrl\":\"https:\/\/www.jesuitasrioja.org\/wp-content\/uploads\/2020\/09\/Logo-completo-peque\u00f1o.png\",\"width\":300,\"height\":300,\"caption\":\"Centro Sagrado Coraz\u00f3n Jesuitas\"},\"image\":{\"@id\":\"https:\/\/www.jesuitasrioja.org\/#\/schema\/logo\/image\/\"},\"sameAs\":[\"https:\/\/www.facebook.com\/jesuitasrioja?locale=es_ES\",\"https:\/\/x.com\/jesuitasrioja\",\"https:\/\/www.instagram.com\/jesuitasrioja\/\"]}]}<\/script>\n<!-- \/ Yoast SEO Premium plugin. -->","yoast_head_json":{"title":"Sixth Form - Jesuitas Logro\u00f1o","robots":{"index":"index","follow":"follow","max-snippet":"max-snippet:-1","max-image-preview":"max-image-preview:large","max-video-preview":"max-video-preview:-1"},"canonical":"https:\/\/www.jesuitasrioja.org\/en\/education\/training-and-employment\/sixth-form\/","og_locale":"en_US","og_type":"article","og_title":"Sixth Form","og_description":"We provide our students with a sound intellectual, human and Christian education that prepares them to deal with the challenges today\u2019s society poses with optimism and the desire to build a more humane world. 2018-2019 School Calendar for the Sixth Form &nbsp; Exams Year 1 Sixth Form FIRST TERM ASSESSMENT PERIOD 7 September \u2013 20 [&hellip;]","og_url":"https:\/\/www.jesuitasrioja.org\/en\/education\/training-and-employment\/sixth-form\/","og_site_name":"Jesuitas Logro\u00f1o","article_publisher":"https:\/\/www.facebook.com\/jesuitasrioja?locale=es_ES","article_modified_time":"2019-02-20T10:57:37+00:00","og_image":[{"width":2257,"height":340,"url":"https:\/\/www.jesuitasrioja.org\/wp-content\/uploads\/2018\/01\/B_bachillerato.jpg","type":"image\/jpeg"}],"twitter_card":"summary_large_image","twitter_site":"@jesuitasrioja","twitter_misc":{"Est. reading time":"8 minutes"},"schema":{"@context":"https:\/\/schema.org","@graph":[{"@type":"WebPage","@id":"https:\/\/www.jesuitasrioja.org\/en\/education\/training-and-employment\/sixth-form\/","url":"https:\/\/www.jesuitasrioja.org\/en\/education\/training-and-employment\/sixth-form\/","name":"Sixth Form - Jesuitas Logro\u00f1o","isPartOf":{"@id":"https:\/\/www.jesuitasrioja.org\/#website"},"primaryImageOfPage":{"@id":"https:\/\/www.jesuitasrioja.org\/en\/education\/training-and-employment\/sixth-form\/#primaryimage"},"image":{"@id":"https:\/\/www.jesuitasrioja.org\/en\/education\/training-and-employment\/sixth-form\/#primaryimage"},"thumbnailUrl":"https:\/\/www.jesuitasrioja.org\/wp-content\/uploads\/2018\/01\/B_bachillerato.jpg","datePublished":"2018-01-03T10:43:03+00:00","dateModified":"2019-02-20T10:57:37+00:00","breadcrumb":{"@id":"https:\/\/www.jesuitasrioja.org\/en\/education\/training-and-employment\/sixth-form\/#breadcrumb"},"inLanguage":"en-US","potentialAction":[{"@type":"ReadAction","target":["https:\/\/www.jesuitasrioja.org\/en\/education\/training-and-employment\/sixth-form\/"]}]},{"@type":"ImageObject","inLanguage":"en-US","@id":"https:\/\/www.jesuitasrioja.org\/en\/education\/training-and-employment\/sixth-form\/#primaryimage","url":"https:\/\/www.jesuitasrioja.org\/wp-content\/uploads\/2018\/01\/B_bachillerato.jpg","contentUrl":"https:\/\/www.jesuitasrioja.org\/wp-content\/uploads\/2018\/01\/B_bachillerato.jpg","width":2257,"height":340},{"@type":"BreadcrumbList","@id":"https:\/\/www.jesuitasrioja.org\/en\/education\/training-and-employment\/sixth-form\/#breadcrumb","itemListElement":[{"@type":"ListItem","position":1,"name":"Portada","item":"https:\/\/www.jesuitasrioja.org\/en\/inicio\/"},{"@type":"ListItem","position":2,"name":"Education","item":"https:\/\/www.jesuitasrioja.org\/en\/education\/"},{"@type":"ListItem","position":3,"name":"Training and employment","item":"https:\/\/www.jesuitasrioja.org\/en\/education\/training-and-employment\/"},{"@type":"ListItem","position":4,"name":"Sixth Form"}]},{"@type":"WebSite","@id":"https:\/\/www.jesuitasrioja.org\/#website","url":"https:\/\/www.jesuitasrioja.org\/","name":"Jesuitas Logro\u00f1o","description":"Centro Sagrado Coraz\u00f3n - Jesuitas Logro\u00f1o","publisher":{"@id":"https:\/\/www.jesuitasrioja.org\/#organization"},"potentialAction":[{"@type":"SearchAction","target":{"@type":"EntryPoint","urlTemplate":"https:\/\/www.jesuitasrioja.org\/?s={search_term_string}"},"query-input":{"@type":"PropertyValueSpecification","valueRequired":true,"valueName":"search_term_string"}}],"inLanguage":"en-US"},{"@type":"Organization","@id":"https:\/\/www.jesuitasrioja.org\/#organization","name":"Centro Sagrado Coraz\u00f3n Jesuitas","url":"https:\/\/www.jesuitasrioja.org\/","logo":{"@type":"ImageObject","inLanguage":"en-US","@id":"https:\/\/www.jesuitasrioja.org\/#\/schema\/logo\/image\/","url":"https:\/\/www.jesuitasrioja.org\/wp-content\/uploads\/2020\/09\/Logo-completo-peque\u00f1o.png","contentUrl":"https:\/\/www.jesuitasrioja.org\/wp-content\/uploads\/2020\/09\/Logo-completo-peque\u00f1o.png","width":300,"height":300,"caption":"Centro Sagrado Coraz\u00f3n Jesuitas"},"image":{"@id":"https:\/\/www.jesuitasrioja.org\/#\/schema\/logo\/image\/"},"sameAs":["https:\/\/www.facebook.com\/jesuitasrioja?locale=es_ES","https:\/\/x.com\/jesuitasrioja","https:\/\/www.instagram.com\/jesuitasrioja\/"]}]}},"_links":{"self":[{"href":"https:\/\/www.jesuitasrioja.org\/en\/wp-json\/wp\/v2\/pages\/2186"}],"collection":[{"href":"https:\/\/www.jesuitasrioja.org\/en\/wp-json\/wp\/v2\/pages"}],"about":[{"href":"https:\/\/www.jesuitasrioja.org\/en\/wp-json\/wp\/v2\/types\/page"}],"author":[{"embeddable":true,"href":"https:\/\/www.jesuitasrioja.org\/en\/wp-json\/wp\/v2\/users\/1"}],"replies":[{"embeddable":true,"href":"https:\/\/www.jesuitasrioja.org\/en\/wp-json\/wp\/v2\/comments?post=2186"}],"version-history":[{"count":1,"href":"https:\/\/www.jesuitasrioja.org\/en\/wp-json\/wp\/v2\/pages\/2186\/revisions"}],"predecessor-version":[{"id":2608,"href":"https:\/\/www.jesuitasrioja.org\/en\/wp-json\/wp\/v2\/pages\/2186\/revisions\/2608"}],"up":[{"embeddable":true,"href":"https:\/\/www.jesuitasrioja.org\/en\/wp-json\/wp\/v2\/pages\/2197"}],"wp:featuredmedia":[{"embeddable":true,"href":"https:\/\/www.jesuitasrioja.org\/en\/wp-json\/wp\/v2\/media\/2188"}],"wp:attachment":[{"href":"https:\/\/www.jesuitasrioja.org\/en\/wp-json\/wp\/v2\/media?parent=2186"}],"curies":[{"name":"wp","href":"https:\/\/api.w.org\/{rel}","templated":true}]}}