{"id":2184,"date":"2018-01-03T10:43:26","date_gmt":"2018-01-03T10:43:26","guid":{"rendered":"http:\/\/www.jesuitasrioja.org\/formacion-profesional\/"},"modified":"2019-02-20T11:36:15","modified_gmt":"2019-02-20T11:36:15","slug":"vocational-training","status":"publish","type":"page","link":"https:\/\/www.jesuitasrioja.org\/en\/education\/training-and-employment\/vocational-training\/","title":{"rendered":"Vocational Training"},"content":{"rendered":"<p>At the Sagrado Coraz\u00f3n College, we have a protracted track record in Vocational Training that dates back over the 60 years we have been providing this service. Over this time, we have trained over 10,000 technicians in the differentfields we teach.<\/p>\n<p>We help our students that have qualified in BVT, IVT and AVT to find work through a job bank in partnership with over 600 business, which is open to all those members of the<br \/>\nLoyola Centro Foundation that have successfully completed their studies.<\/p>\n<p>Each job offer is analysed to define the profile of the workers required and identify a suitable candidate based on the job\u2019s requirements.<br \/>\nWe then contact the selected students so that they can submit their CV and arrange a job interview.<\/p>\n<p><img loading=\"lazy\" decoding=\"async\" class=\"aligncenter size-large wp-image-1205\" src=\"\/wp-content\/uploads\/2018\/02\/FPB-CFGM-CFGS-5-familias-web-1024x496.png\" alt=\"\" width=\"1024\" height=\"496\" srcset=\"https:\/\/www.jesuitasrioja.org\/wp-content\/uploads\/2018\/02\/FPB-CFGM-CFGS-5-familias-web-1024x496.png 1024w, https:\/\/www.jesuitasrioja.org\/wp-content\/uploads\/2018\/02\/FPB-CFGM-CFGS-5-familias-web-300x145.png 300w, https:\/\/www.jesuitasrioja.org\/wp-content\/uploads\/2018\/02\/FPB-CFGM-CFGS-5-familias-web-768x372.png 768w, https:\/\/www.jesuitasrioja.org\/wp-content\/uploads\/2018\/02\/FPB-CFGM-CFGS-5-familias-web.png 1283w\" sizes=\"(max-width: 1024px) 100vw, 1024px\" \/><\/p>","protected":false},"excerpt":{"rendered":"<p>At the Sagrado Coraz\u00f3n College, we have a protracted track record in Vocational Training that dates back over the 60 years we have been providing this service. Over this time, we have trained over 10,000 technicians in the differentfields we teach. We help our students that have qualified in BVT, IVT and AVT to find [&hellip;]<\/p>\n","protected":false},"author":1,"featured_media":2118,"parent":2197,"menu_order":50,"comment_status":"closed","ping_status":"closed","template":"","meta":{"_acf_changed":false,"footnotes":""},"acf":[],"yoast_head":"<!-- This site is optimized with the Yoast SEO Premium plugin v23.4 (Yoast SEO v24.2) - https:\/\/yoast.com\/wordpress\/plugins\/seo\/ -->\n<title>Vocational Training - Jesuitas Logro\u00f1o<\/title>\n<meta name=\"robots\" content=\"index, follow, max-snippet:-1, max-image-preview:large, max-video-preview:-1\" \/>\n<link rel=\"canonical\" href=\"https:\/\/www.jesuitasrioja.org\/en\/education\/training-and-employment\/vocational-training\/\" \/>\n<meta property=\"og:locale\" content=\"en_US\" \/>\n<meta property=\"og:type\" content=\"article\" \/>\n<meta property=\"og:title\" content=\"Vocational Training\" \/>\n<meta property=\"og:description\" content=\"At the Sagrado Coraz\u00f3n College, we have a protracted track record in Vocational Training that dates back over the 60 years we have been providing this service. Over this time, we have trained over 10,000 technicians in the differentfields we teach. We help our students that have qualified in BVT, IVT and AVT to find [&hellip;]\" \/>\n<meta property=\"og:url\" content=\"https:\/\/www.jesuitasrioja.org\/en\/education\/training-and-employment\/vocational-training\/\" \/>\n<meta property=\"og:site_name\" content=\"Jesuitas Logro\u00f1o\" \/>\n<meta property=\"article:publisher\" content=\"https:\/\/www.facebook.com\/jesuitasrioja?locale=es_ES\" \/>\n<meta property=\"article:modified_time\" content=\"2019-02-20T11:36:15+00:00\" \/>\n<meta property=\"og:image\" content=\"https:\/\/www.jesuitasrioja.org\/wp-content\/uploads\/2018\/01\/B_Formacio\u0301nProfesional.jpg\" \/>\n\t<meta property=\"og:image:width\" content=\"2257\" \/>\n\t<meta property=\"og:image:height\" content=\"340\" \/>\n\t<meta property=\"og:image:type\" content=\"image\/jpeg\" \/>\n<meta name=\"twitter:card\" content=\"summary_large_image\" \/>\n<meta name=\"twitter:site\" content=\"@jesuitasrioja\" \/>\n<meta name=\"twitter:label1\" content=\"Est. reading time\" \/>\n\t<meta name=\"twitter:data1\" content=\"1 minute\" \/>\n<script type=\"application\/ld+json\" class=\"yoast-schema-graph\">{\"@context\":\"https:\/\/schema.org\",\"@graph\":[{\"@type\":\"WebPage\",\"@id\":\"https:\/\/www.jesuitasrioja.org\/en\/education\/training-and-employment\/vocational-training\/\",\"url\":\"https:\/\/www.jesuitasrioja.org\/en\/education\/training-and-employment\/vocational-training\/\",\"name\":\"Vocational Training - Jesuitas Logro\u00f1o\",\"isPartOf\":{\"@id\":\"https:\/\/www.jesuitasrioja.org\/#website\"},\"primaryImageOfPage\":{\"@id\":\"https:\/\/www.jesuitasrioja.org\/en\/education\/training-and-employment\/vocational-training\/#primaryimage\"},\"image\":{\"@id\":\"https:\/\/www.jesuitasrioja.org\/en\/education\/training-and-employment\/vocational-training\/#primaryimage\"},\"thumbnailUrl\":\"https:\/\/www.jesuitasrioja.org\/wp-content\/uploads\/2018\/01\/B_Formacio\u0301nProfesional.jpg\",\"datePublished\":\"2018-01-03T10:43:26+00:00\",\"dateModified\":\"2019-02-20T11:36:15+00:00\",\"breadcrumb\":{\"@id\":\"https:\/\/www.jesuitasrioja.org\/en\/education\/training-and-employment\/vocational-training\/#breadcrumb\"},\"inLanguage\":\"en-US\",\"potentialAction\":[{\"@type\":\"ReadAction\",\"target\":[\"https:\/\/www.jesuitasrioja.org\/en\/education\/training-and-employment\/vocational-training\/\"]}]},{\"@type\":\"ImageObject\",\"inLanguage\":\"en-US\",\"@id\":\"https:\/\/www.jesuitasrioja.org\/en\/education\/training-and-employment\/vocational-training\/#primaryimage\",\"url\":\"https:\/\/www.jesuitasrioja.org\/wp-content\/uploads\/2018\/01\/B_Formacio\u0301nProfesional.jpg\",\"contentUrl\":\"https:\/\/www.jesuitasrioja.org\/wp-content\/uploads\/2018\/01\/B_Formacio\u0301nProfesional.jpg\",\"width\":2257,\"height\":340},{\"@type\":\"BreadcrumbList\",\"@id\":\"https:\/\/www.jesuitasrioja.org\/en\/education\/training-and-employment\/vocational-training\/#breadcrumb\",\"itemListElement\":[{\"@type\":\"ListItem\",\"position\":1,\"name\":\"Portada\",\"item\":\"https:\/\/www.jesuitasrioja.org\/en\/inicio\/\"},{\"@type\":\"ListItem\",\"position\":2,\"name\":\"Education\",\"item\":\"https:\/\/www.jesuitasrioja.org\/en\/education\/\"},{\"@type\":\"ListItem\",\"position\":3,\"name\":\"Training and employment\",\"item\":\"https:\/\/www.jesuitasrioja.org\/en\/education\/training-and-employment\/\"},{\"@type\":\"ListItem\",\"position\":4,\"name\":\"Vocational Training\"}]},{\"@type\":\"WebSite\",\"@id\":\"https:\/\/www.jesuitasrioja.org\/#website\",\"url\":\"https:\/\/www.jesuitasrioja.org\/\",\"name\":\"Jesuitas Logro\u00f1o\",\"description\":\"Centro Sagrado Coraz\u00f3n - Jesuitas Logro\u00f1o\",\"publisher\":{\"@id\":\"https:\/\/www.jesuitasrioja.org\/#organization\"},\"potentialAction\":[{\"@type\":\"SearchAction\",\"target\":{\"@type\":\"EntryPoint\",\"urlTemplate\":\"https:\/\/www.jesuitasrioja.org\/?s={search_term_string}\"},\"query-input\":{\"@type\":\"PropertyValueSpecification\",\"valueRequired\":true,\"valueName\":\"search_term_string\"}}],\"inLanguage\":\"en-US\"},{\"@type\":\"Organization\",\"@id\":\"https:\/\/www.jesuitasrioja.org\/#organization\",\"name\":\"Centro Sagrado Coraz\u00f3n Jesuitas\",\"url\":\"https:\/\/www.jesuitasrioja.org\/\",\"logo\":{\"@type\":\"ImageObject\",\"inLanguage\":\"en-US\",\"@id\":\"https:\/\/www.jesuitasrioja.org\/#\/schema\/logo\/image\/\",\"url\":\"https:\/\/www.jesuitasrioja.org\/wp-content\/uploads\/2020\/09\/Logo-completo-peque\u00f1o.png\",\"contentUrl\":\"https:\/\/www.jesuitasrioja.org\/wp-content\/uploads\/2020\/09\/Logo-completo-peque\u00f1o.png\",\"width\":300,\"height\":300,\"caption\":\"Centro Sagrado Coraz\u00f3n Jesuitas\"},\"image\":{\"@id\":\"https:\/\/www.jesuitasrioja.org\/#\/schema\/logo\/image\/\"},\"sameAs\":[\"https:\/\/www.facebook.com\/jesuitasrioja?locale=es_ES\",\"https:\/\/x.com\/jesuitasrioja\",\"https:\/\/www.instagram.com\/jesuitasrioja\/\"]}]}<\/script>\n<!-- \/ Yoast SEO Premium plugin. -->","yoast_head_json":{"title":"Vocational Training - Jesuitas Logro\u00f1o","robots":{"index":"index","follow":"follow","max-snippet":"max-snippet:-1","max-image-preview":"max-image-preview:large","max-video-preview":"max-video-preview:-1"},"canonical":"https:\/\/www.jesuitasrioja.org\/en\/education\/training-and-employment\/vocational-training\/","og_locale":"en_US","og_type":"article","og_title":"Vocational Training","og_description":"At the Sagrado Coraz\u00f3n College, we have a protracted track record in Vocational Training that dates back over the 60 years we have been providing this service. Over this time, we have trained over 10,000 technicians in the differentfields we teach. We help our students that have qualified in BVT, IVT and AVT to find [&hellip;]","og_url":"https:\/\/www.jesuitasrioja.org\/en\/education\/training-and-employment\/vocational-training\/","og_site_name":"Jesuitas Logro\u00f1o","article_publisher":"https:\/\/www.facebook.com\/jesuitasrioja?locale=es_ES","article_modified_time":"2019-02-20T11:36:15+00:00","og_image":[{"width":2257,"height":340,"url":"https:\/\/www.jesuitasrioja.org\/wp-content\/uploads\/2018\/01\/B_Formacio\u0301nProfesional.jpg","type":"image\/jpeg"}],"twitter_card":"summary_large_image","twitter_site":"@jesuitasrioja","twitter_misc":{"Est. reading time":"1 minute"},"schema":{"@context":"https:\/\/schema.org","@graph":[{"@type":"WebPage","@id":"https:\/\/www.jesuitasrioja.org\/en\/education\/training-and-employment\/vocational-training\/","url":"https:\/\/www.jesuitasrioja.org\/en\/education\/training-and-employment\/vocational-training\/","name":"Vocational Training - Jesuitas Logro\u00f1o","isPartOf":{"@id":"https:\/\/www.jesuitasrioja.org\/#website"},"primaryImageOfPage":{"@id":"https:\/\/www.jesuitasrioja.org\/en\/education\/training-and-employment\/vocational-training\/#primaryimage"},"image":{"@id":"https:\/\/www.jesuitasrioja.org\/en\/education\/training-and-employment\/vocational-training\/#primaryimage"},"thumbnailUrl":"https:\/\/www.jesuitasrioja.org\/wp-content\/uploads\/2018\/01\/B_Formacio\u0301nProfesional.jpg","datePublished":"2018-01-03T10:43:26+00:00","dateModified":"2019-02-20T11:36:15+00:00","breadcrumb":{"@id":"https:\/\/www.jesuitasrioja.org\/en\/education\/training-and-employment\/vocational-training\/#breadcrumb"},"inLanguage":"en-US","potentialAction":[{"@type":"ReadAction","target":["https:\/\/www.jesuitasrioja.org\/en\/education\/training-and-employment\/vocational-training\/"]}]},{"@type":"ImageObject","inLanguage":"en-US","@id":"https:\/\/www.jesuitasrioja.org\/en\/education\/training-and-employment\/vocational-training\/#primaryimage","url":"https:\/\/www.jesuitasrioja.org\/wp-content\/uploads\/2018\/01\/B_Formacio\u0301nProfesional.jpg","contentUrl":"https:\/\/www.jesuitasrioja.org\/wp-content\/uploads\/2018\/01\/B_Formacio\u0301nProfesional.jpg","width":2257,"height":340},{"@type":"BreadcrumbList","@id":"https:\/\/www.jesuitasrioja.org\/en\/education\/training-and-employment\/vocational-training\/#breadcrumb","itemListElement":[{"@type":"ListItem","position":1,"name":"Portada","item":"https:\/\/www.jesuitasrioja.org\/en\/inicio\/"},{"@type":"ListItem","position":2,"name":"Education","item":"https:\/\/www.jesuitasrioja.org\/en\/education\/"},{"@type":"ListItem","position":3,"name":"Training and employment","item":"https:\/\/www.jesuitasrioja.org\/en\/education\/training-and-employment\/"},{"@type":"ListItem","position":4,"name":"Vocational Training"}]},{"@type":"WebSite","@id":"https:\/\/www.jesuitasrioja.org\/#website","url":"https:\/\/www.jesuitasrioja.org\/","name":"Jesuitas Logro\u00f1o","description":"Centro Sagrado Coraz\u00f3n - Jesuitas Logro\u00f1o","publisher":{"@id":"https:\/\/www.jesuitasrioja.org\/#organization"},"potentialAction":[{"@type":"SearchAction","target":{"@type":"EntryPoint","urlTemplate":"https:\/\/www.jesuitasrioja.org\/?s={search_term_string}"},"query-input":{"@type":"PropertyValueSpecification","valueRequired":true,"valueName":"search_term_string"}}],"inLanguage":"en-US"},{"@type":"Organization","@id":"https:\/\/www.jesuitasrioja.org\/#organization","name":"Centro Sagrado Coraz\u00f3n Jesuitas","url":"https:\/\/www.jesuitasrioja.org\/","logo":{"@type":"ImageObject","inLanguage":"en-US","@id":"https:\/\/www.jesuitasrioja.org\/#\/schema\/logo\/image\/","url":"https:\/\/www.jesuitasrioja.org\/wp-content\/uploads\/2020\/09\/Logo-completo-peque\u00f1o.png","contentUrl":"https:\/\/www.jesuitasrioja.org\/wp-content\/uploads\/2020\/09\/Logo-completo-peque\u00f1o.png","width":300,"height":300,"caption":"Centro Sagrado Coraz\u00f3n Jesuitas"},"image":{"@id":"https:\/\/www.jesuitasrioja.org\/#\/schema\/logo\/image\/"},"sameAs":["https:\/\/www.facebook.com\/jesuitasrioja?locale=es_ES","https:\/\/x.com\/jesuitasrioja","https:\/\/www.instagram.com\/jesuitasrioja\/"]}]}},"_links":{"self":[{"href":"https:\/\/www.jesuitasrioja.org\/en\/wp-json\/wp\/v2\/pages\/2184"}],"collection":[{"href":"https:\/\/www.jesuitasrioja.org\/en\/wp-json\/wp\/v2\/pages"}],"about":[{"href":"https:\/\/www.jesuitasrioja.org\/en\/wp-json\/wp\/v2\/types\/page"}],"author":[{"embeddable":true,"href":"https:\/\/www.jesuitasrioja.org\/en\/wp-json\/wp\/v2\/users\/1"}],"replies":[{"embeddable":true,"href":"https:\/\/www.jesuitasrioja.org\/en\/wp-json\/wp\/v2\/comments?post=2184"}],"version-history":[{"count":1,"href":"https:\/\/www.jesuitasrioja.org\/en\/wp-json\/wp\/v2\/pages\/2184\/revisions"}],"predecessor-version":[{"id":2619,"href":"https:\/\/www.jesuitasrioja.org\/en\/wp-json\/wp\/v2\/pages\/2184\/revisions\/2619"}],"up":[{"embeddable":true,"href":"https:\/\/www.jesuitasrioja.org\/en\/wp-json\/wp\/v2\/pages\/2197"}],"wp:featuredmedia":[{"embeddable":true,"href":"https:\/\/www.jesuitasrioja.org\/en\/wp-json\/wp\/v2\/media\/2118"}],"wp:attachment":[{"href":"https:\/\/www.jesuitasrioja.org\/en\/wp-json\/wp\/v2\/media?parent=2184"}],"curies":[{"name":"wp","href":"https:\/\/api.w.org\/{rel}","templated":true}]}}