{"id":2176,"date":"2018-01-03T10:52:04","date_gmt":"2018-01-03T10:52:04","guid":{"rendered":"http:\/\/www.jesuitasrioja.org\/actividades\/"},"modified":"2019-02-20T07:30:15","modified_gmt":"2019-02-20T07:30:15","slug":"actividades","status":"publish","type":"page","link":"https:\/\/www.jesuitasrioja.org\/en\/pastoral-project\/actividades\/","title":{"rendered":"Activities"},"content":{"rendered":"<p><\/p>\n<h2>Prayer<\/h2>\n<p><img decoding=\"async\" src=\"\/wp-content\/uploads\/2018\/01\/Oraci\u00f3n.jpg\" alt=\"Oraci\u00f3n\" \/><\/p>\n<p>All years and courses have time set aside for daily prayers. In addition, we arrange more specific moments throughout the year involving pastoral encounters and retreats for the different courses.<\/p>\n<h2>Spiritual retreats<\/h2>\n<p><img decoding=\"async\" src=\"\/wp-content\/uploads\/2018\/01\/Convivencias-Primaria-2.jpg\" alt=\"Convivencias Primaria\" \/><br \/>\n<img decoding=\"async\" src=\"\/wp-content\/uploads\/2018\/01\/Convivencias-ESO.jpg\" alt=\"Convivencias ESO\" \/><\/p>\n<p>These are times for getting together, for celebration and personal and group awareness, with an approach and language suited to the different ages. The key to understanding these moments together is Jesus as both teacher and friend.<\/p>\n<h2>Personal development<\/h2>\n<p><img decoding=\"async\" src=\"\/wp-content\/uploads\/2018\/01\/Interioridad.jpg\" alt=\"Interioridad\" \/><\/p>\n<p>In a society such as our own, we need to learn to listen to the richness of our inner world. This is what we invite both the younger and the older children to do during the year through workshops and \u201cdiaries\u201d.<br \/>\nListening to others is necessary for living in harmony, and listening to oneself is essential for personal development.<\/p>\n<h2>Celebrations<\/h2>\n<p><img decoding=\"async\" src=\"\/wp-content\/uploads\/2018\/01\/D\u00eda-Paz-1.jpg\" alt=\"Celebraciones\" \/><\/p>\n<p>Coming together to celebrate is what makes us human because life is filled with happy moments, while others are more trying and some are even painful. Religious celebrations are our way of giving thanks (Eucharist), asking for forgiveness<br \/>\n(reconciliation), and expressing our joy for all those situations that are a gift.<\/p>\n<h2>Solidarity campaigns<\/h2>\n<p><img decoding=\"async\" src=\"\/wp-content\/uploads\/2018\/01\/Campa\u00f1as-solidarias..jpg\" alt=\"Campa\u00f1as solidarias\" \/><\/p>\n<p>Faith cannot be understood without actions. Faith without commitment is empty. Hence the reason that throughout the year we encourage our pupils and students to take part in different solidarity campaigns arranged in conjunction with other<br \/>\norganisations belonging to the Society of Jesus and the Catholic Church: Entreculturas, Manos Unidas.<\/p>\n<h2>Catechesis<\/h2>\n<p><img decoding=\"async\" src=\"\/wp-content\/uploads\/2018\/01\/Catequesis.jpg\" alt=\"Catequesis\" \/><\/p>\n<p><a href=\"\/?page_id=72\">Parish of San Ignacio<\/a><\/p>","protected":false},"excerpt":{"rendered":"<p>Prayer All years and courses have time set aside for daily prayers. In addition, we arrange more specific moments throughout the year involving pastoral encounters and retreats for the different courses. Spiritual retreats These are times for getting together, for celebration and personal and group awareness, with an approach and language suited to the different [&hellip;]<\/p>\n","protected":false},"author":1,"featured_media":2178,"parent":2179,"menu_order":20,"comment_status":"closed","ping_status":"closed","template":"","meta":{"_acf_changed":false,"footnotes":""},"acf":[],"yoast_head":"<!-- This site is optimized with the Yoast SEO Premium plugin v23.4 (Yoast SEO v24.2) - https:\/\/yoast.com\/wordpress\/plugins\/seo\/ -->\n<title>Activities - Jesuitas Logro\u00f1o<\/title>\n<meta name=\"robots\" content=\"index, follow, max-snippet:-1, max-image-preview:large, max-video-preview:-1\" \/>\n<link rel=\"canonical\" href=\"https:\/\/www.jesuitasrioja.org\/en\/pastoral-project\/actividades\/\" \/>\n<meta property=\"og:locale\" content=\"en_US\" \/>\n<meta property=\"og:type\" content=\"article\" \/>\n<meta property=\"og:title\" content=\"Activities\" \/>\n<meta property=\"og:description\" content=\"Prayer All years and courses have time set aside for daily prayers. In addition, we arrange more specific moments throughout the year involving pastoral encounters and retreats for the different courses. Spiritual retreats These are times for getting together, for celebration and personal and group awareness, with an approach and language suited to the different [&hellip;]\" \/>\n<meta property=\"og:url\" content=\"https:\/\/www.jesuitasrioja.org\/en\/pastoral-project\/actividades\/\" \/>\n<meta property=\"og:site_name\" content=\"Jesuitas Logro\u00f1o\" \/>\n<meta property=\"article:publisher\" content=\"https:\/\/www.facebook.com\/jesuitasrioja?locale=es_ES\" \/>\n<meta property=\"article:modified_time\" content=\"2019-02-20T07:30:15+00:00\" \/>\n<meta property=\"og:image\" content=\"https:\/\/www.jesuitasrioja.org\/wp-content\/uploads\/2018\/01\/B_Actividades.jpg\" \/>\n\t<meta property=\"og:image:width\" content=\"2257\" \/>\n\t<meta property=\"og:image:height\" content=\"340\" \/>\n\t<meta property=\"og:image:type\" content=\"image\/jpeg\" \/>\n<meta name=\"twitter:card\" content=\"summary_large_image\" \/>\n<meta name=\"twitter:site\" content=\"@jesuitasrioja\" \/>\n<meta name=\"twitter:label1\" content=\"Est. reading time\" \/>\n\t<meta name=\"twitter:data1\" content=\"2 minutes\" \/>\n<script type=\"application\/ld+json\" class=\"yoast-schema-graph\">{\"@context\":\"https:\/\/schema.org\",\"@graph\":[{\"@type\":\"WebPage\",\"@id\":\"https:\/\/www.jesuitasrioja.org\/en\/pastoral-project\/actividades\/\",\"url\":\"https:\/\/www.jesuitasrioja.org\/en\/pastoral-project\/actividades\/\",\"name\":\"Activities - Jesuitas Logro\u00f1o\",\"isPartOf\":{\"@id\":\"https:\/\/www.jesuitasrioja.org\/#website\"},\"primaryImageOfPage\":{\"@id\":\"https:\/\/www.jesuitasrioja.org\/en\/pastoral-project\/actividades\/#primaryimage\"},\"image\":{\"@id\":\"https:\/\/www.jesuitasrioja.org\/en\/pastoral-project\/actividades\/#primaryimage\"},\"thumbnailUrl\":\"https:\/\/www.jesuitasrioja.org\/wp-content\/uploads\/2018\/01\/B_Actividades.jpg\",\"datePublished\":\"2018-01-03T10:52:04+00:00\",\"dateModified\":\"2019-02-20T07:30:15+00:00\",\"breadcrumb\":{\"@id\":\"https:\/\/www.jesuitasrioja.org\/en\/pastoral-project\/actividades\/#breadcrumb\"},\"inLanguage\":\"en-US\",\"potentialAction\":[{\"@type\":\"ReadAction\",\"target\":[\"https:\/\/www.jesuitasrioja.org\/en\/pastoral-project\/actividades\/\"]}]},{\"@type\":\"ImageObject\",\"inLanguage\":\"en-US\",\"@id\":\"https:\/\/www.jesuitasrioja.org\/en\/pastoral-project\/actividades\/#primaryimage\",\"url\":\"https:\/\/www.jesuitasrioja.org\/wp-content\/uploads\/2018\/01\/B_Actividades.jpg\",\"contentUrl\":\"https:\/\/www.jesuitasrioja.org\/wp-content\/uploads\/2018\/01\/B_Actividades.jpg\",\"width\":2257,\"height\":340},{\"@type\":\"BreadcrumbList\",\"@id\":\"https:\/\/www.jesuitasrioja.org\/en\/pastoral-project\/actividades\/#breadcrumb\",\"itemListElement\":[{\"@type\":\"ListItem\",\"position\":1,\"name\":\"Portada\",\"item\":\"https:\/\/www.jesuitasrioja.org\/en\/inicio\/\"},{\"@type\":\"ListItem\",\"position\":2,\"name\":\"Pastoral Project\",\"item\":\"https:\/\/www.jesuitasrioja.org\/en\/pastoral-project\/\"},{\"@type\":\"ListItem\",\"position\":3,\"name\":\"Activities\"}]},{\"@type\":\"WebSite\",\"@id\":\"https:\/\/www.jesuitasrioja.org\/#website\",\"url\":\"https:\/\/www.jesuitasrioja.org\/\",\"name\":\"Jesuitas Logro\u00f1o\",\"description\":\"Centro Sagrado Coraz\u00f3n - Jesuitas Logro\u00f1o\",\"publisher\":{\"@id\":\"https:\/\/www.jesuitasrioja.org\/#organization\"},\"potentialAction\":[{\"@type\":\"SearchAction\",\"target\":{\"@type\":\"EntryPoint\",\"urlTemplate\":\"https:\/\/www.jesuitasrioja.org\/?s={search_term_string}\"},\"query-input\":{\"@type\":\"PropertyValueSpecification\",\"valueRequired\":true,\"valueName\":\"search_term_string\"}}],\"inLanguage\":\"en-US\"},{\"@type\":\"Organization\",\"@id\":\"https:\/\/www.jesuitasrioja.org\/#organization\",\"name\":\"Centro Sagrado Coraz\u00f3n Jesuitas\",\"url\":\"https:\/\/www.jesuitasrioja.org\/\",\"logo\":{\"@type\":\"ImageObject\",\"inLanguage\":\"en-US\",\"@id\":\"https:\/\/www.jesuitasrioja.org\/#\/schema\/logo\/image\/\",\"url\":\"https:\/\/www.jesuitasrioja.org\/wp-content\/uploads\/2020\/09\/Logo-completo-peque\u00f1o.png\",\"contentUrl\":\"https:\/\/www.jesuitasrioja.org\/wp-content\/uploads\/2020\/09\/Logo-completo-peque\u00f1o.png\",\"width\":300,\"height\":300,\"caption\":\"Centro Sagrado Coraz\u00f3n Jesuitas\"},\"image\":{\"@id\":\"https:\/\/www.jesuitasrioja.org\/#\/schema\/logo\/image\/\"},\"sameAs\":[\"https:\/\/www.facebook.com\/jesuitasrioja?locale=es_ES\",\"https:\/\/x.com\/jesuitasrioja\",\"https:\/\/www.instagram.com\/jesuitasrioja\/\"]}]}<\/script>\n<!-- \/ Yoast SEO Premium plugin. -->","yoast_head_json":{"title":"Activities - Jesuitas Logro\u00f1o","robots":{"index":"index","follow":"follow","max-snippet":"max-snippet:-1","max-image-preview":"max-image-preview:large","max-video-preview":"max-video-preview:-1"},"canonical":"https:\/\/www.jesuitasrioja.org\/en\/pastoral-project\/actividades\/","og_locale":"en_US","og_type":"article","og_title":"Activities","og_description":"Prayer All years and courses have time set aside for daily prayers. In addition, we arrange more specific moments throughout the year involving pastoral encounters and retreats for the different courses. Spiritual retreats These are times for getting together, for celebration and personal and group awareness, with an approach and language suited to the different [&hellip;]","og_url":"https:\/\/www.jesuitasrioja.org\/en\/pastoral-project\/actividades\/","og_site_name":"Jesuitas Logro\u00f1o","article_publisher":"https:\/\/www.facebook.com\/jesuitasrioja?locale=es_ES","article_modified_time":"2019-02-20T07:30:15+00:00","og_image":[{"width":2257,"height":340,"url":"https:\/\/www.jesuitasrioja.org\/wp-content\/uploads\/2018\/01\/B_Actividades.jpg","type":"image\/jpeg"}],"twitter_card":"summary_large_image","twitter_site":"@jesuitasrioja","twitter_misc":{"Est. reading time":"2 minutes"},"schema":{"@context":"https:\/\/schema.org","@graph":[{"@type":"WebPage","@id":"https:\/\/www.jesuitasrioja.org\/en\/pastoral-project\/actividades\/","url":"https:\/\/www.jesuitasrioja.org\/en\/pastoral-project\/actividades\/","name":"Activities - Jesuitas Logro\u00f1o","isPartOf":{"@id":"https:\/\/www.jesuitasrioja.org\/#website"},"primaryImageOfPage":{"@id":"https:\/\/www.jesuitasrioja.org\/en\/pastoral-project\/actividades\/#primaryimage"},"image":{"@id":"https:\/\/www.jesuitasrioja.org\/en\/pastoral-project\/actividades\/#primaryimage"},"thumbnailUrl":"https:\/\/www.jesuitasrioja.org\/wp-content\/uploads\/2018\/01\/B_Actividades.jpg","datePublished":"2018-01-03T10:52:04+00:00","dateModified":"2019-02-20T07:30:15+00:00","breadcrumb":{"@id":"https:\/\/www.jesuitasrioja.org\/en\/pastoral-project\/actividades\/#breadcrumb"},"inLanguage":"en-US","potentialAction":[{"@type":"ReadAction","target":["https:\/\/www.jesuitasrioja.org\/en\/pastoral-project\/actividades\/"]}]},{"@type":"ImageObject","inLanguage":"en-US","@id":"https:\/\/www.jesuitasrioja.org\/en\/pastoral-project\/actividades\/#primaryimage","url":"https:\/\/www.jesuitasrioja.org\/wp-content\/uploads\/2018\/01\/B_Actividades.jpg","contentUrl":"https:\/\/www.jesuitasrioja.org\/wp-content\/uploads\/2018\/01\/B_Actividades.jpg","width":2257,"height":340},{"@type":"BreadcrumbList","@id":"https:\/\/www.jesuitasrioja.org\/en\/pastoral-project\/actividades\/#breadcrumb","itemListElement":[{"@type":"ListItem","position":1,"name":"Portada","item":"https:\/\/www.jesuitasrioja.org\/en\/inicio\/"},{"@type":"ListItem","position":2,"name":"Pastoral Project","item":"https:\/\/www.jesuitasrioja.org\/en\/pastoral-project\/"},{"@type":"ListItem","position":3,"name":"Activities"}]},{"@type":"WebSite","@id":"https:\/\/www.jesuitasrioja.org\/#website","url":"https:\/\/www.jesuitasrioja.org\/","name":"Jesuitas Logro\u00f1o","description":"Centro Sagrado Coraz\u00f3n - Jesuitas Logro\u00f1o","publisher":{"@id":"https:\/\/www.jesuitasrioja.org\/#organization"},"potentialAction":[{"@type":"SearchAction","target":{"@type":"EntryPoint","urlTemplate":"https:\/\/www.jesuitasrioja.org\/?s={search_term_string}"},"query-input":{"@type":"PropertyValueSpecification","valueRequired":true,"valueName":"search_term_string"}}],"inLanguage":"en-US"},{"@type":"Organization","@id":"https:\/\/www.jesuitasrioja.org\/#organization","name":"Centro Sagrado Coraz\u00f3n Jesuitas","url":"https:\/\/www.jesuitasrioja.org\/","logo":{"@type":"ImageObject","inLanguage":"en-US","@id":"https:\/\/www.jesuitasrioja.org\/#\/schema\/logo\/image\/","url":"https:\/\/www.jesuitasrioja.org\/wp-content\/uploads\/2020\/09\/Logo-completo-peque\u00f1o.png","contentUrl":"https:\/\/www.jesuitasrioja.org\/wp-content\/uploads\/2020\/09\/Logo-completo-peque\u00f1o.png","width":300,"height":300,"caption":"Centro Sagrado Coraz\u00f3n Jesuitas"},"image":{"@id":"https:\/\/www.jesuitasrioja.org\/#\/schema\/logo\/image\/"},"sameAs":["https:\/\/www.facebook.com\/jesuitasrioja?locale=es_ES","https:\/\/x.com\/jesuitasrioja","https:\/\/www.instagram.com\/jesuitasrioja\/"]}]}},"_links":{"self":[{"href":"https:\/\/www.jesuitasrioja.org\/en\/wp-json\/wp\/v2\/pages\/2176"}],"collection":[{"href":"https:\/\/www.jesuitasrioja.org\/en\/wp-json\/wp\/v2\/pages"}],"about":[{"href":"https:\/\/www.jesuitasrioja.org\/en\/wp-json\/wp\/v2\/types\/page"}],"author":[{"embeddable":true,"href":"https:\/\/www.jesuitasrioja.org\/en\/wp-json\/wp\/v2\/users\/1"}],"replies":[{"embeddable":true,"href":"https:\/\/www.jesuitasrioja.org\/en\/wp-json\/wp\/v2\/comments?post=2176"}],"version-history":[{"count":1,"href":"https:\/\/www.jesuitasrioja.org\/en\/wp-json\/wp\/v2\/pages\/2176\/revisions"}],"predecessor-version":[{"id":2524,"href":"https:\/\/www.jesuitasrioja.org\/en\/wp-json\/wp\/v2\/pages\/2176\/revisions\/2524"}],"up":[{"embeddable":true,"href":"https:\/\/www.jesuitasrioja.org\/en\/wp-json\/wp\/v2\/pages\/2179"}],"wp:featuredmedia":[{"embeddable":true,"href":"https:\/\/www.jesuitasrioja.org\/en\/wp-json\/wp\/v2\/media\/2178"}],"wp:attachment":[{"href":"https:\/\/www.jesuitasrioja.org\/en\/wp-json\/wp\/v2\/media?parent=2176"}],"curies":[{"name":"wp","href":"https:\/\/api.w.org\/{rel}","templated":true}]}}