{"id":2167,"date":"2018-01-03T11:01:07","date_gmt":"2018-01-03T11:01:07","guid":{"rendered":"http:\/\/www.jesuitasrioja.org\/ciclos-formativos-grado-medio\/"},"modified":"2018-01-03T11:01:07","modified_gmt":"2018-01-03T11:01:07","slug":"ciclos-formativos-grado-medio","status":"publish","type":"page","link":"https:\/\/www.jesuitasrioja.org\/en\/education\/training-and-employment\/vocational-training\/ciclos-formativos-grado-medio\/","title":{"rendered":"(Espa\u00f1ol) Ciclos Formativos de Grado Medio"},"content":{"rendered":"<p class=\"qtranxs-available-languages-message qtranxs-available-languages-message-en\">Sorry, this entry is only available in <a href=\"https:\/\/www.jesuitasrioja.org\/es\/wp-json\/wp\/v2\/pages\/2167\" class=\"qtranxs-available-language-link qtranxs-available-language-link-es\" title=\"Espa\u00f1ol\">Espa\u00f1ol<\/a>.<\/p>","protected":false},"excerpt":{"rendered":"<p>Sorry, this entry is only available in Espa\u00f1ol.<\/p>\n","protected":false},"author":1,"featured_media":2118,"parent":2184,"menu_order":20,"comment_status":"closed","ping_status":"closed","template":"","meta":{"_acf_changed":false,"footnotes":""},"acf":[],"yoast_head":"<!-- This site is optimized with the Yoast SEO Premium plugin v23.4 (Yoast SEO v24.2) - https:\/\/yoast.com\/wordpress\/plugins\/seo\/ -->\n<title>(Espa\u00f1ol) Ciclos Formativos de Grado Medio - Jesuitas Logro\u00f1o<\/title>\n<meta name=\"robots\" content=\"index, follow, max-snippet:-1, max-image-preview:large, max-video-preview:-1\" \/>\n<link rel=\"canonical\" href=\"https:\/\/www.jesuitasrioja.org\/en\/education\/training-and-employment\/vocational-training\/ciclos-formativos-grado-medio\/\" \/>\n<meta property=\"og:locale\" content=\"en_US\" \/>\n<meta property=\"og:type\" content=\"article\" \/>\n<meta property=\"og:title\" content=\"(Espa\u00f1ol) Ciclos Formativos de Grado Medio\" \/>\n<meta property=\"og:description\" content=\"Sorry, this entry is only available in Espa\u00f1ol.\" \/>\n<meta property=\"og:url\" content=\"https:\/\/www.jesuitasrioja.org\/en\/education\/training-and-employment\/vocational-training\/ciclos-formativos-grado-medio\/\" \/>\n<meta property=\"og:site_name\" content=\"Jesuitas Logro\u00f1o\" \/>\n<meta property=\"article:publisher\" content=\"https:\/\/www.facebook.com\/jesuitasrioja?locale=es_ES\" \/>\n<meta property=\"og:image\" content=\"https:\/\/www.jesuitasrioja.org\/wp-content\/uploads\/2018\/01\/B_Formacio\u0301nProfesional.jpg\" \/>\n\t<meta property=\"og:image:width\" content=\"2257\" \/>\n\t<meta property=\"og:image:height\" content=\"340\" \/>\n\t<meta property=\"og:image:type\" content=\"image\/jpeg\" \/>\n<meta name=\"twitter:card\" content=\"summary_large_image\" \/>\n<meta name=\"twitter:site\" content=\"@jesuitasrioja\" \/>\n<meta name=\"twitter:label1\" content=\"Est. reading time\" \/>\n\t<meta name=\"twitter:data1\" content=\"1 minute\" \/>\n<script type=\"application\/ld+json\" class=\"yoast-schema-graph\">{\"@context\":\"https:\/\/schema.org\",\"@graph\":[{\"@type\":\"WebPage\",\"@id\":\"https:\/\/www.jesuitasrioja.org\/en\/education\/training-and-employment\/vocational-training\/ciclos-formativos-grado-medio\/\",\"url\":\"https:\/\/www.jesuitasrioja.org\/en\/education\/training-and-employment\/vocational-training\/ciclos-formativos-grado-medio\/\",\"name\":\"(Espa\u00f1ol) Ciclos Formativos de Grado Medio - Jesuitas Logro\u00f1o\",\"isPartOf\":{\"@id\":\"https:\/\/www.jesuitasrioja.org\/#website\"},\"primaryImageOfPage\":{\"@id\":\"https:\/\/www.jesuitasrioja.org\/en\/education\/training-and-employment\/vocational-training\/ciclos-formativos-grado-medio\/#primaryimage\"},\"image\":{\"@id\":\"https:\/\/www.jesuitasrioja.org\/en\/education\/training-and-employment\/vocational-training\/ciclos-formativos-grado-medio\/#primaryimage\"},\"thumbnailUrl\":\"https:\/\/www.jesuitasrioja.org\/wp-content\/uploads\/2018\/01\/B_Formacio\u0301nProfesional.jpg\",\"datePublished\":\"2018-01-03T11:01:07+00:00\",\"dateModified\":\"2018-01-03T11:01:07+00:00\",\"breadcrumb\":{\"@id\":\"https:\/\/www.jesuitasrioja.org\/en\/education\/training-and-employment\/vocational-training\/ciclos-formativos-grado-medio\/#breadcrumb\"},\"inLanguage\":\"en-US\",\"potentialAction\":[{\"@type\":\"ReadAction\",\"target\":[\"https:\/\/www.jesuitasrioja.org\/en\/education\/training-and-employment\/vocational-training\/ciclos-formativos-grado-medio\/\"]}]},{\"@type\":\"ImageObject\",\"inLanguage\":\"en-US\",\"@id\":\"https:\/\/www.jesuitasrioja.org\/en\/education\/training-and-employment\/vocational-training\/ciclos-formativos-grado-medio\/#primaryimage\",\"url\":\"https:\/\/www.jesuitasrioja.org\/wp-content\/uploads\/2018\/01\/B_Formacio\u0301nProfesional.jpg\",\"contentUrl\":\"https:\/\/www.jesuitasrioja.org\/wp-content\/uploads\/2018\/01\/B_Formacio\u0301nProfesional.jpg\",\"width\":2257,\"height\":340},{\"@type\":\"BreadcrumbList\",\"@id\":\"https:\/\/www.jesuitasrioja.org\/en\/education\/training-and-employment\/vocational-training\/ciclos-formativos-grado-medio\/#breadcrumb\",\"itemListElement\":[{\"@type\":\"ListItem\",\"position\":1,\"name\":\"Portada\",\"item\":\"https:\/\/www.jesuitasrioja.org\/en\/inicio\/\"},{\"@type\":\"ListItem\",\"position\":2,\"name\":\"Education\",\"item\":\"https:\/\/www.jesuitasrioja.org\/en\/education\/\"},{\"@type\":\"ListItem\",\"position\":3,\"name\":\"Training and employment\",\"item\":\"https:\/\/www.jesuitasrioja.org\/en\/education\/training-and-employment\/\"},{\"@type\":\"ListItem\",\"position\":4,\"name\":\"Vocational Training\",\"item\":\"https:\/\/www.jesuitasrioja.org\/en\/education\/training-and-employment\/vocational-training\/\"},{\"@type\":\"ListItem\",\"position\":5,\"name\":\"(Espa\u00f1ol) Ciclos Formativos de Grado Medio\"}]},{\"@type\":\"WebSite\",\"@id\":\"https:\/\/www.jesuitasrioja.org\/#website\",\"url\":\"https:\/\/www.jesuitasrioja.org\/\",\"name\":\"Jesuitas Logro\u00f1o\",\"description\":\"Centro Sagrado Coraz\u00f3n - Jesuitas Logro\u00f1o\",\"publisher\":{\"@id\":\"https:\/\/www.jesuitasrioja.org\/#organization\"},\"potentialAction\":[{\"@type\":\"SearchAction\",\"target\":{\"@type\":\"EntryPoint\",\"urlTemplate\":\"https:\/\/www.jesuitasrioja.org\/?s={search_term_string}\"},\"query-input\":{\"@type\":\"PropertyValueSpecification\",\"valueRequired\":true,\"valueName\":\"search_term_string\"}}],\"inLanguage\":\"en-US\"},{\"@type\":\"Organization\",\"@id\":\"https:\/\/www.jesuitasrioja.org\/#organization\",\"name\":\"Centro Sagrado Coraz\u00f3n Jesuitas\",\"url\":\"https:\/\/www.jesuitasrioja.org\/\",\"logo\":{\"@type\":\"ImageObject\",\"inLanguage\":\"en-US\",\"@id\":\"https:\/\/www.jesuitasrioja.org\/#\/schema\/logo\/image\/\",\"url\":\"https:\/\/www.jesuitasrioja.org\/wp-content\/uploads\/2020\/09\/Logo-completo-peque\u00f1o.png\",\"contentUrl\":\"https:\/\/www.jesuitasrioja.org\/wp-content\/uploads\/2020\/09\/Logo-completo-peque\u00f1o.png\",\"width\":300,\"height\":300,\"caption\":\"Centro Sagrado Coraz\u00f3n Jesuitas\"},\"image\":{\"@id\":\"https:\/\/www.jesuitasrioja.org\/#\/schema\/logo\/image\/\"},\"sameAs\":[\"https:\/\/www.facebook.com\/jesuitasrioja?locale=es_ES\",\"https:\/\/x.com\/jesuitasrioja\",\"https:\/\/www.instagram.com\/jesuitasrioja\/\"]}]}<\/script>\n<!-- \/ Yoast SEO Premium plugin. -->","yoast_head_json":{"title":"(Espa\u00f1ol) Ciclos Formativos de Grado Medio - Jesuitas Logro\u00f1o","robots":{"index":"index","follow":"follow","max-snippet":"max-snippet:-1","max-image-preview":"max-image-preview:large","max-video-preview":"max-video-preview:-1"},"canonical":"https:\/\/www.jesuitasrioja.org\/en\/education\/training-and-employment\/vocational-training\/ciclos-formativos-grado-medio\/","og_locale":"en_US","og_type":"article","og_title":"(Espa\u00f1ol) Ciclos Formativos de Grado Medio","og_description":"Sorry, this entry is only available in Espa\u00f1ol.","og_url":"https:\/\/www.jesuitasrioja.org\/en\/education\/training-and-employment\/vocational-training\/ciclos-formativos-grado-medio\/","og_site_name":"Jesuitas Logro\u00f1o","article_publisher":"https:\/\/www.facebook.com\/jesuitasrioja?locale=es_ES","og_image":[{"width":2257,"height":340,"url":"https:\/\/www.jesuitasrioja.org\/wp-content\/uploads\/2018\/01\/B_Formacio\u0301nProfesional.jpg","type":"image\/jpeg"}],"twitter_card":"summary_large_image","twitter_site":"@jesuitasrioja","twitter_misc":{"Est. reading time":"1 minute"},"schema":{"@context":"https:\/\/schema.org","@graph":[{"@type":"WebPage","@id":"https:\/\/www.jesuitasrioja.org\/en\/education\/training-and-employment\/vocational-training\/ciclos-formativos-grado-medio\/","url":"https:\/\/www.jesuitasrioja.org\/en\/education\/training-and-employment\/vocational-training\/ciclos-formativos-grado-medio\/","name":"(Espa\u00f1ol) Ciclos Formativos de Grado Medio - Jesuitas Logro\u00f1o","isPartOf":{"@id":"https:\/\/www.jesuitasrioja.org\/#website"},"primaryImageOfPage":{"@id":"https:\/\/www.jesuitasrioja.org\/en\/education\/training-and-employment\/vocational-training\/ciclos-formativos-grado-medio\/#primaryimage"},"image":{"@id":"https:\/\/www.jesuitasrioja.org\/en\/education\/training-and-employment\/vocational-training\/ciclos-formativos-grado-medio\/#primaryimage"},"thumbnailUrl":"https:\/\/www.jesuitasrioja.org\/wp-content\/uploads\/2018\/01\/B_Formacio\u0301nProfesional.jpg","datePublished":"2018-01-03T11:01:07+00:00","dateModified":"2018-01-03T11:01:07+00:00","breadcrumb":{"@id":"https:\/\/www.jesuitasrioja.org\/en\/education\/training-and-employment\/vocational-training\/ciclos-formativos-grado-medio\/#breadcrumb"},"inLanguage":"en-US","potentialAction":[{"@type":"ReadAction","target":["https:\/\/www.jesuitasrioja.org\/en\/education\/training-and-employment\/vocational-training\/ciclos-formativos-grado-medio\/"]}]},{"@type":"ImageObject","inLanguage":"en-US","@id":"https:\/\/www.jesuitasrioja.org\/en\/education\/training-and-employment\/vocational-training\/ciclos-formativos-grado-medio\/#primaryimage","url":"https:\/\/www.jesuitasrioja.org\/wp-content\/uploads\/2018\/01\/B_Formacio\u0301nProfesional.jpg","contentUrl":"https:\/\/www.jesuitasrioja.org\/wp-content\/uploads\/2018\/01\/B_Formacio\u0301nProfesional.jpg","width":2257,"height":340},{"@type":"BreadcrumbList","@id":"https:\/\/www.jesuitasrioja.org\/en\/education\/training-and-employment\/vocational-training\/ciclos-formativos-grado-medio\/#breadcrumb","itemListElement":[{"@type":"ListItem","position":1,"name":"Portada","item":"https:\/\/www.jesuitasrioja.org\/en\/inicio\/"},{"@type":"ListItem","position":2,"name":"Education","item":"https:\/\/www.jesuitasrioja.org\/en\/education\/"},{"@type":"ListItem","position":3,"name":"Training and employment","item":"https:\/\/www.jesuitasrioja.org\/en\/education\/training-and-employment\/"},{"@type":"ListItem","position":4,"name":"Vocational Training","item":"https:\/\/www.jesuitasrioja.org\/en\/education\/training-and-employment\/vocational-training\/"},{"@type":"ListItem","position":5,"name":"(Espa\u00f1ol) Ciclos Formativos de Grado Medio"}]},{"@type":"WebSite","@id":"https:\/\/www.jesuitasrioja.org\/#website","url":"https:\/\/www.jesuitasrioja.org\/","name":"Jesuitas Logro\u00f1o","description":"Centro Sagrado Coraz\u00f3n - Jesuitas Logro\u00f1o","publisher":{"@id":"https:\/\/www.jesuitasrioja.org\/#organization"},"potentialAction":[{"@type":"SearchAction","target":{"@type":"EntryPoint","urlTemplate":"https:\/\/www.jesuitasrioja.org\/?s={search_term_string}"},"query-input":{"@type":"PropertyValueSpecification","valueRequired":true,"valueName":"search_term_string"}}],"inLanguage":"en-US"},{"@type":"Organization","@id":"https:\/\/www.jesuitasrioja.org\/#organization","name":"Centro Sagrado Coraz\u00f3n Jesuitas","url":"https:\/\/www.jesuitasrioja.org\/","logo":{"@type":"ImageObject","inLanguage":"en-US","@id":"https:\/\/www.jesuitasrioja.org\/#\/schema\/logo\/image\/","url":"https:\/\/www.jesuitasrioja.org\/wp-content\/uploads\/2020\/09\/Logo-completo-peque\u00f1o.png","contentUrl":"https:\/\/www.jesuitasrioja.org\/wp-content\/uploads\/2020\/09\/Logo-completo-peque\u00f1o.png","width":300,"height":300,"caption":"Centro Sagrado Coraz\u00f3n Jesuitas"},"image":{"@id":"https:\/\/www.jesuitasrioja.org\/#\/schema\/logo\/image\/"},"sameAs":["https:\/\/www.facebook.com\/jesuitasrioja?locale=es_ES","https:\/\/x.com\/jesuitasrioja","https:\/\/www.instagram.com\/jesuitasrioja\/"]}]}},"_links":{"self":[{"href":"https:\/\/www.jesuitasrioja.org\/en\/wp-json\/wp\/v2\/pages\/2167"}],"collection":[{"href":"https:\/\/www.jesuitasrioja.org\/en\/wp-json\/wp\/v2\/pages"}],"about":[{"href":"https:\/\/www.jesuitasrioja.org\/en\/wp-json\/wp\/v2\/types\/page"}],"author":[{"embeddable":true,"href":"https:\/\/www.jesuitasrioja.org\/en\/wp-json\/wp\/v2\/users\/1"}],"replies":[{"embeddable":true,"href":"https:\/\/www.jesuitasrioja.org\/en\/wp-json\/wp\/v2\/comments?post=2167"}],"version-history":[{"count":0,"href":"https:\/\/www.jesuitasrioja.org\/en\/wp-json\/wp\/v2\/pages\/2167\/revisions"}],"up":[{"embeddable":true,"href":"https:\/\/www.jesuitasrioja.org\/en\/wp-json\/wp\/v2\/pages\/2184"}],"wp:featuredmedia":[{"embeddable":true,"href":"https:\/\/www.jesuitasrioja.org\/en\/wp-json\/wp\/v2\/media\/2118"}],"wp:attachment":[{"href":"https:\/\/www.jesuitasrioja.org\/en\/wp-json\/wp\/v2\/media?parent=2167"}],"curies":[{"name":"wp","href":"https:\/\/api.w.org\/{rel}","templated":true}]}}