{"id":2162,"date":"2018-01-03T11:03:48","date_gmt":"2018-01-03T11:03:48","guid":{"rendered":"http:\/\/www.jesuitasrioja.org\/familias\/"},"modified":"2019-02-20T11:52:24","modified_gmt":"2019-02-20T11:52:24","slug":"families","status":"publish","type":"page","link":"https:\/\/www.jesuitasrioja.org\/en\/families\/","title":{"rendered":"families"},"content":{"rendered":"<p>\u201cThe family is the first school of human values, where we learn the wise use of freedom, to listen, to share, to prevail, to respect, to help, to live together.<br \/>\nWe need to rekindle the alliance between the family and the Christian community.\u201d<\/p>\n<p>Papa Francisco<\/p>","protected":false},"excerpt":{"rendered":"<p>\u201cThe family is the first school of human values, where we learn the wise use of freedom, to listen, to share, to prevail, to respect, to help, to live together. We need to rekindle the alliance between the family and the Christian community.\u201d Papa Francisco<\/p>\n","protected":false},"author":1,"featured_media":2121,"parent":0,"menu_order":50,"comment_status":"closed","ping_status":"closed","template":"","meta":{"_acf_changed":false,"footnotes":""},"acf":[],"yoast_head":"<!-- This site is optimized with the Yoast SEO Premium plugin v23.4 (Yoast SEO v24.2) - https:\/\/yoast.com\/wordpress\/plugins\/seo\/ -->\n<title>families - Jesuitas Logro\u00f1o<\/title>\n<meta name=\"robots\" content=\"index, follow, max-snippet:-1, max-image-preview:large, max-video-preview:-1\" \/>\n<link rel=\"canonical\" href=\"https:\/\/www.jesuitasrioja.org\/en\/families\/\" \/>\n<meta property=\"og:locale\" content=\"en_US\" \/>\n<meta property=\"og:type\" content=\"article\" \/>\n<meta property=\"og:title\" content=\"families\" \/>\n<meta property=\"og:description\" content=\"\u201cThe family is the first school of human values, where we learn the wise use of freedom, to listen, to share, to prevail, to respect, to help, to live together. We need to rekindle the alliance between the family and the Christian community.\u201d Papa Francisco\" \/>\n<meta property=\"og:url\" content=\"https:\/\/www.jesuitasrioja.org\/en\/families\/\" \/>\n<meta property=\"og:site_name\" content=\"Jesuitas Logro\u00f1o\" \/>\n<meta property=\"article:publisher\" content=\"https:\/\/www.facebook.com\/jesuitasrioja?locale=es_ES\" \/>\n<meta property=\"article:modified_time\" content=\"2019-02-20T11:52:24+00:00\" \/>\n<meta property=\"og:image\" content=\"https:\/\/www.jesuitasrioja.org\/wp-content\/uploads\/2018\/01\/B_familias.jpg\" \/>\n\t<meta property=\"og:image:width\" content=\"2257\" \/>\n\t<meta property=\"og:image:height\" content=\"340\" \/>\n\t<meta property=\"og:image:type\" content=\"image\/jpeg\" \/>\n<meta name=\"twitter:card\" content=\"summary_large_image\" \/>\n<meta name=\"twitter:site\" content=\"@jesuitasrioja\" \/>\n<script type=\"application\/ld+json\" class=\"yoast-schema-graph\">{\"@context\":\"https:\/\/schema.org\",\"@graph\":[{\"@type\":\"WebPage\",\"@id\":\"https:\/\/www.jesuitasrioja.org\/en\/families\/\",\"url\":\"https:\/\/www.jesuitasrioja.org\/en\/families\/\",\"name\":\"families - Jesuitas Logro\u00f1o\",\"isPartOf\":{\"@id\":\"https:\/\/www.jesuitasrioja.org\/#website\"},\"primaryImageOfPage\":{\"@id\":\"https:\/\/www.jesuitasrioja.org\/en\/families\/#primaryimage\"},\"image\":{\"@id\":\"https:\/\/www.jesuitasrioja.org\/en\/families\/#primaryimage\"},\"thumbnailUrl\":\"https:\/\/www.jesuitasrioja.org\/wp-content\/uploads\/2018\/01\/B_familias.jpg\",\"datePublished\":\"2018-01-03T11:03:48+00:00\",\"dateModified\":\"2019-02-20T11:52:24+00:00\",\"breadcrumb\":{\"@id\":\"https:\/\/www.jesuitasrioja.org\/en\/families\/#breadcrumb\"},\"inLanguage\":\"en-US\",\"potentialAction\":[{\"@type\":\"ReadAction\",\"target\":[\"https:\/\/www.jesuitasrioja.org\/en\/families\/\"]}]},{\"@type\":\"ImageObject\",\"inLanguage\":\"en-US\",\"@id\":\"https:\/\/www.jesuitasrioja.org\/en\/families\/#primaryimage\",\"url\":\"https:\/\/www.jesuitasrioja.org\/wp-content\/uploads\/2018\/01\/B_familias.jpg\",\"contentUrl\":\"https:\/\/www.jesuitasrioja.org\/wp-content\/uploads\/2018\/01\/B_familias.jpg\",\"width\":2257,\"height\":340},{\"@type\":\"BreadcrumbList\",\"@id\":\"https:\/\/www.jesuitasrioja.org\/en\/families\/#breadcrumb\",\"itemListElement\":[{\"@type\":\"ListItem\",\"position\":1,\"name\":\"Portada\",\"item\":\"https:\/\/www.jesuitasrioja.org\/en\/inicio\/\"},{\"@type\":\"ListItem\",\"position\":2,\"name\":\"families\"}]},{\"@type\":\"WebSite\",\"@id\":\"https:\/\/www.jesuitasrioja.org\/#website\",\"url\":\"https:\/\/www.jesuitasrioja.org\/\",\"name\":\"Jesuitas Logro\u00f1o\",\"description\":\"Centro Sagrado Coraz\u00f3n - Jesuitas Logro\u00f1o\",\"publisher\":{\"@id\":\"https:\/\/www.jesuitasrioja.org\/#organization\"},\"potentialAction\":[{\"@type\":\"SearchAction\",\"target\":{\"@type\":\"EntryPoint\",\"urlTemplate\":\"https:\/\/www.jesuitasrioja.org\/?s={search_term_string}\"},\"query-input\":{\"@type\":\"PropertyValueSpecification\",\"valueRequired\":true,\"valueName\":\"search_term_string\"}}],\"inLanguage\":\"en-US\"},{\"@type\":\"Organization\",\"@id\":\"https:\/\/www.jesuitasrioja.org\/#organization\",\"name\":\"Centro Sagrado Coraz\u00f3n Jesuitas\",\"url\":\"https:\/\/www.jesuitasrioja.org\/\",\"logo\":{\"@type\":\"ImageObject\",\"inLanguage\":\"en-US\",\"@id\":\"https:\/\/www.jesuitasrioja.org\/#\/schema\/logo\/image\/\",\"url\":\"https:\/\/www.jesuitasrioja.org\/wp-content\/uploads\/2020\/09\/Logo-completo-peque\u00f1o.png\",\"contentUrl\":\"https:\/\/www.jesuitasrioja.org\/wp-content\/uploads\/2020\/09\/Logo-completo-peque\u00f1o.png\",\"width\":300,\"height\":300,\"caption\":\"Centro Sagrado Coraz\u00f3n Jesuitas\"},\"image\":{\"@id\":\"https:\/\/www.jesuitasrioja.org\/#\/schema\/logo\/image\/\"},\"sameAs\":[\"https:\/\/www.facebook.com\/jesuitasrioja?locale=es_ES\",\"https:\/\/x.com\/jesuitasrioja\",\"https:\/\/www.instagram.com\/jesuitasrioja\/\"]}]}<\/script>\n<!-- \/ Yoast SEO Premium plugin. -->","yoast_head_json":{"title":"families - Jesuitas Logro\u00f1o","robots":{"index":"index","follow":"follow","max-snippet":"max-snippet:-1","max-image-preview":"max-image-preview:large","max-video-preview":"max-video-preview:-1"},"canonical":"https:\/\/www.jesuitasrioja.org\/en\/families\/","og_locale":"en_US","og_type":"article","og_title":"families","og_description":"\u201cThe family is the first school of human values, where we learn the wise use of freedom, to listen, to share, to prevail, to respect, to help, to live together. We need to rekindle the alliance between the family and the Christian community.\u201d Papa Francisco","og_url":"https:\/\/www.jesuitasrioja.org\/en\/families\/","og_site_name":"Jesuitas Logro\u00f1o","article_publisher":"https:\/\/www.facebook.com\/jesuitasrioja?locale=es_ES","article_modified_time":"2019-02-20T11:52:24+00:00","og_image":[{"width":2257,"height":340,"url":"https:\/\/www.jesuitasrioja.org\/wp-content\/uploads\/2018\/01\/B_familias.jpg","type":"image\/jpeg"}],"twitter_card":"summary_large_image","twitter_site":"@jesuitasrioja","schema":{"@context":"https:\/\/schema.org","@graph":[{"@type":"WebPage","@id":"https:\/\/www.jesuitasrioja.org\/en\/families\/","url":"https:\/\/www.jesuitasrioja.org\/en\/families\/","name":"families - Jesuitas Logro\u00f1o","isPartOf":{"@id":"https:\/\/www.jesuitasrioja.org\/#website"},"primaryImageOfPage":{"@id":"https:\/\/www.jesuitasrioja.org\/en\/families\/#primaryimage"},"image":{"@id":"https:\/\/www.jesuitasrioja.org\/en\/families\/#primaryimage"},"thumbnailUrl":"https:\/\/www.jesuitasrioja.org\/wp-content\/uploads\/2018\/01\/B_familias.jpg","datePublished":"2018-01-03T11:03:48+00:00","dateModified":"2019-02-20T11:52:24+00:00","breadcrumb":{"@id":"https:\/\/www.jesuitasrioja.org\/en\/families\/#breadcrumb"},"inLanguage":"en-US","potentialAction":[{"@type":"ReadAction","target":["https:\/\/www.jesuitasrioja.org\/en\/families\/"]}]},{"@type":"ImageObject","inLanguage":"en-US","@id":"https:\/\/www.jesuitasrioja.org\/en\/families\/#primaryimage","url":"https:\/\/www.jesuitasrioja.org\/wp-content\/uploads\/2018\/01\/B_familias.jpg","contentUrl":"https:\/\/www.jesuitasrioja.org\/wp-content\/uploads\/2018\/01\/B_familias.jpg","width":2257,"height":340},{"@type":"BreadcrumbList","@id":"https:\/\/www.jesuitasrioja.org\/en\/families\/#breadcrumb","itemListElement":[{"@type":"ListItem","position":1,"name":"Portada","item":"https:\/\/www.jesuitasrioja.org\/en\/inicio\/"},{"@type":"ListItem","position":2,"name":"families"}]},{"@type":"WebSite","@id":"https:\/\/www.jesuitasrioja.org\/#website","url":"https:\/\/www.jesuitasrioja.org\/","name":"Jesuitas Logro\u00f1o","description":"Centro Sagrado Coraz\u00f3n - Jesuitas Logro\u00f1o","publisher":{"@id":"https:\/\/www.jesuitasrioja.org\/#organization"},"potentialAction":[{"@type":"SearchAction","target":{"@type":"EntryPoint","urlTemplate":"https:\/\/www.jesuitasrioja.org\/?s={search_term_string}"},"query-input":{"@type":"PropertyValueSpecification","valueRequired":true,"valueName":"search_term_string"}}],"inLanguage":"en-US"},{"@type":"Organization","@id":"https:\/\/www.jesuitasrioja.org\/#organization","name":"Centro Sagrado Coraz\u00f3n Jesuitas","url":"https:\/\/www.jesuitasrioja.org\/","logo":{"@type":"ImageObject","inLanguage":"en-US","@id":"https:\/\/www.jesuitasrioja.org\/#\/schema\/logo\/image\/","url":"https:\/\/www.jesuitasrioja.org\/wp-content\/uploads\/2020\/09\/Logo-completo-peque\u00f1o.png","contentUrl":"https:\/\/www.jesuitasrioja.org\/wp-content\/uploads\/2020\/09\/Logo-completo-peque\u00f1o.png","width":300,"height":300,"caption":"Centro Sagrado Coraz\u00f3n Jesuitas"},"image":{"@id":"https:\/\/www.jesuitasrioja.org\/#\/schema\/logo\/image\/"},"sameAs":["https:\/\/www.facebook.com\/jesuitasrioja?locale=es_ES","https:\/\/x.com\/jesuitasrioja","https:\/\/www.instagram.com\/jesuitasrioja\/"]}]}},"_links":{"self":[{"href":"https:\/\/www.jesuitasrioja.org\/en\/wp-json\/wp\/v2\/pages\/2162"}],"collection":[{"href":"https:\/\/www.jesuitasrioja.org\/en\/wp-json\/wp\/v2\/pages"}],"about":[{"href":"https:\/\/www.jesuitasrioja.org\/en\/wp-json\/wp\/v2\/types\/page"}],"author":[{"embeddable":true,"href":"https:\/\/www.jesuitasrioja.org\/en\/wp-json\/wp\/v2\/users\/1"}],"replies":[{"embeddable":true,"href":"https:\/\/www.jesuitasrioja.org\/en\/wp-json\/wp\/v2\/comments?post=2162"}],"version-history":[{"count":1,"href":"https:\/\/www.jesuitasrioja.org\/en\/wp-json\/wp\/v2\/pages\/2162\/revisions"}],"predecessor-version":[{"id":2620,"href":"https:\/\/www.jesuitasrioja.org\/en\/wp-json\/wp\/v2\/pages\/2162\/revisions\/2620"}],"wp:featuredmedia":[{"embeddable":true,"href":"https:\/\/www.jesuitasrioja.org\/en\/wp-json\/wp\/v2\/media\/2121"}],"wp:attachment":[{"href":"https:\/\/www.jesuitasrioja.org\/en\/wp-json\/wp\/v2\/media?parent=2162"}],"curies":[{"name":"wp","href":"https:\/\/api.w.org\/{rel}","templated":true}]}}