{"id":2141,"date":"2018-01-03T11:14:37","date_gmt":"2018-01-03T11:14:37","guid":{"rendered":"http:\/\/www.jesuitasrioja.org\/secretaria\/"},"modified":"2019-02-20T07:50:59","modified_gmt":"2019-02-20T07:50:59","slug":"secretarys-office","status":"publish","type":"page","link":"https:\/\/www.jesuitasrioja.org\/en\/services\/secretarys-office\/","title":{"rendered":"Secretary\u2019s Office"},"content":{"rendered":"<p>Office hours from September to June (Monday to Friday):<\/p>\n<table style=\"width: 351px;\">\n<tbody>\n<tr>\n<th style=\"width: 78px;\">Morning<\/th>\n<td style=\"width: 263px;\">From 9 am to 1.30 pm.<\/td>\n<\/tr>\n<tr>\n<th style=\"width: 78px;\">Afternoon<\/th>\n<td style=\"width: 263px;\">From 3.30 to 5.30 pm, except Friday<\/td>\n<\/tr>\n<\/tbody>\n<\/table>\n<p>Summer hours, July and August (Monday to Friday):<\/p>\n<table style=\"width: 351px;\">\n<tbody>\n<tr>\n<th style=\"width: 78px;\">Morning<\/th>\n<td style=\"width: 263px;\">From 9 am to 1.30 pm.<\/td>\n<\/tr>\n<\/tbody>\n<\/table>\n<p>&nbsp;<\/p>\n<h2>Grants<\/h2>\n<p>Autonomous Community: the call tends to be made in May, with subsidies for books and the canteen.<br \/>\nSpain\u2019s Ministry of Education and Science (MEC): the call for the grants awarded by the Ministry of Education and Science is usually made in July and focuses on students in the Sixth Form and in Basic and Intermediate Vocational Training.<\/p>\n<h2>Enrolments<\/h2>\n<p>The official period for applications is established by the Department of Education, Training and Employment of the regional government &#8211; Gobierno de La Rioja. It tends to be in April. More updated information<br \/>\nis provided February and March.<\/p>\n<h2>DUAL Advanced Vocational Training Courses<\/h2>\n<p>The following is the result of the interview stage for the Advanced Vocational Training Courses involving the Development of Web Applications and the Development of Multiplatform Applications:<\/p>\n<p><a href=\"http:\/\/www.jesuitasrioja.org\/wp-content\/uploads\/2018\/07\/Admitidos_DAW_SCORAZON_18_19.pdf\">Year 1 Development of Web Applications<\/a><br \/>\n<a href=\"http:\/\/www.jesuitasrioja.org\/wp-content\/uploads\/2018\/07\/Admitidos_2DAW_SCORAZON_18_19.pdf\">Year 2 Development of Web Applications<\/a><\/p>\n<p><a href=\"http:\/\/www.jesuitasrioja.org\/wp-content\/uploads\/2018\/07\/Admitidos_DAM_SCORAZON_18_19.pdf\">Year 1 Development of Multiplatform Applications<\/a><\/p>\n<h2>Vacancies on DUAL Advanced Vocational Training Courses<\/h2>\n<p>There follows a list of the vacancies on the Advanced Vocational Training Courses for the Development of Web Applications and the Development of Multiplatform Applications:<\/p>\n<p><a href=\"http:\/\/www.jesuitasrioja.org\/wp-content\/uploads\/2018\/07\/Vacantes_Dual_18_19.pdf\">VACANCIES<\/a><\/p>","protected":false},"excerpt":{"rendered":"<p>Office hours from September to June (Monday to Friday): Morning From 9 am to 1.30 pm. Afternoon From 3.30 to 5.30 pm, except Friday Summer hours, July and August (Monday to Friday): Morning From 9 am to 1.30 pm. &nbsp; Grants Autonomous Community: the call tends to be made in May, with subsidies for books [&hellip;]<\/p>\n","protected":false},"author":1,"featured_media":2143,"parent":2160,"menu_order":20,"comment_status":"closed","ping_status":"closed","template":"","meta":{"_acf_changed":false,"footnotes":""},"acf":[],"yoast_head":"<!-- This site is optimized with the Yoast SEO Premium plugin v23.4 (Yoast SEO v24.2) - https:\/\/yoast.com\/wordpress\/plugins\/seo\/ -->\n<title>Secretary\u2019s Office - Jesuitas Logro\u00f1o<\/title>\n<meta name=\"robots\" content=\"index, follow, max-snippet:-1, max-image-preview:large, max-video-preview:-1\" \/>\n<link rel=\"canonical\" href=\"https:\/\/www.jesuitasrioja.org\/en\/services\/secretarys-office\/\" \/>\n<meta property=\"og:locale\" content=\"en_US\" \/>\n<meta property=\"og:type\" content=\"article\" \/>\n<meta property=\"og:title\" content=\"Secretary\u2019s Office\" \/>\n<meta property=\"og:description\" content=\"Office hours from September to June (Monday to Friday): Morning From 9 am to 1.30 pm. Afternoon From 3.30 to 5.30 pm, except Friday Summer hours, July and August (Monday to Friday): Morning From 9 am to 1.30 pm. &nbsp; Grants Autonomous Community: the call tends to be made in May, with subsidies for books [&hellip;]\" \/>\n<meta property=\"og:url\" content=\"https:\/\/www.jesuitasrioja.org\/en\/services\/secretarys-office\/\" \/>\n<meta property=\"og:site_name\" content=\"Jesuitas Logro\u00f1o\" \/>\n<meta property=\"article:publisher\" content=\"https:\/\/www.facebook.com\/jesuitasrioja?locale=es_ES\" \/>\n<meta property=\"article:modified_time\" content=\"2019-02-20T07:50:59+00:00\" \/>\n<meta property=\"og:image\" content=\"https:\/\/www.jesuitasrioja.org\/wp-content\/uploads\/2018\/01\/B_Secretari\u0301a.jpg\" \/>\n\t<meta property=\"og:image:width\" content=\"2257\" \/>\n\t<meta property=\"og:image:height\" content=\"340\" \/>\n\t<meta property=\"og:image:type\" content=\"image\/jpeg\" \/>\n<meta name=\"twitter:card\" content=\"summary_large_image\" \/>\n<meta name=\"twitter:site\" content=\"@jesuitasrioja\" \/>\n<meta name=\"twitter:label1\" content=\"Est. reading time\" \/>\n\t<meta name=\"twitter:data1\" content=\"2 minutes\" \/>\n<script type=\"application\/ld+json\" class=\"yoast-schema-graph\">{\"@context\":\"https:\/\/schema.org\",\"@graph\":[{\"@type\":\"WebPage\",\"@id\":\"https:\/\/www.jesuitasrioja.org\/en\/services\/secretarys-office\/\",\"url\":\"https:\/\/www.jesuitasrioja.org\/en\/services\/secretarys-office\/\",\"name\":\"Secretary\u2019s Office - Jesuitas Logro\u00f1o\",\"isPartOf\":{\"@id\":\"https:\/\/www.jesuitasrioja.org\/#website\"},\"primaryImageOfPage\":{\"@id\":\"https:\/\/www.jesuitasrioja.org\/en\/services\/secretarys-office\/#primaryimage\"},\"image\":{\"@id\":\"https:\/\/www.jesuitasrioja.org\/en\/services\/secretarys-office\/#primaryimage\"},\"thumbnailUrl\":\"https:\/\/www.jesuitasrioja.org\/wp-content\/uploads\/2018\/01\/B_Secretari\u0301a.jpg\",\"datePublished\":\"2018-01-03T11:14:37+00:00\",\"dateModified\":\"2019-02-20T07:50:59+00:00\",\"breadcrumb\":{\"@id\":\"https:\/\/www.jesuitasrioja.org\/en\/services\/secretarys-office\/#breadcrumb\"},\"inLanguage\":\"en-US\",\"potentialAction\":[{\"@type\":\"ReadAction\",\"target\":[\"https:\/\/www.jesuitasrioja.org\/en\/services\/secretarys-office\/\"]}]},{\"@type\":\"ImageObject\",\"inLanguage\":\"en-US\",\"@id\":\"https:\/\/www.jesuitasrioja.org\/en\/services\/secretarys-office\/#primaryimage\",\"url\":\"https:\/\/www.jesuitasrioja.org\/wp-content\/uploads\/2018\/01\/B_Secretari\u0301a.jpg\",\"contentUrl\":\"https:\/\/www.jesuitasrioja.org\/wp-content\/uploads\/2018\/01\/B_Secretari\u0301a.jpg\",\"width\":2257,\"height\":340},{\"@type\":\"BreadcrumbList\",\"@id\":\"https:\/\/www.jesuitasrioja.org\/en\/services\/secretarys-office\/#breadcrumb\",\"itemListElement\":[{\"@type\":\"ListItem\",\"position\":1,\"name\":\"Portada\",\"item\":\"https:\/\/www.jesuitasrioja.org\/en\/inicio\/\"},{\"@type\":\"ListItem\",\"position\":2,\"name\":\"Services\",\"item\":\"https:\/\/www.jesuitasrioja.org\/en\/services\/\"},{\"@type\":\"ListItem\",\"position\":3,\"name\":\"Secretary\u2019s Office\"}]},{\"@type\":\"WebSite\",\"@id\":\"https:\/\/www.jesuitasrioja.org\/#website\",\"url\":\"https:\/\/www.jesuitasrioja.org\/\",\"name\":\"Jesuitas Logro\u00f1o\",\"description\":\"Centro Sagrado Coraz\u00f3n - Jesuitas Logro\u00f1o\",\"publisher\":{\"@id\":\"https:\/\/www.jesuitasrioja.org\/#organization\"},\"potentialAction\":[{\"@type\":\"SearchAction\",\"target\":{\"@type\":\"EntryPoint\",\"urlTemplate\":\"https:\/\/www.jesuitasrioja.org\/?s={search_term_string}\"},\"query-input\":{\"@type\":\"PropertyValueSpecification\",\"valueRequired\":true,\"valueName\":\"search_term_string\"}}],\"inLanguage\":\"en-US\"},{\"@type\":\"Organization\",\"@id\":\"https:\/\/www.jesuitasrioja.org\/#organization\",\"name\":\"Centro Sagrado Coraz\u00f3n Jesuitas\",\"url\":\"https:\/\/www.jesuitasrioja.org\/\",\"logo\":{\"@type\":\"ImageObject\",\"inLanguage\":\"en-US\",\"@id\":\"https:\/\/www.jesuitasrioja.org\/#\/schema\/logo\/image\/\",\"url\":\"https:\/\/www.jesuitasrioja.org\/wp-content\/uploads\/2020\/09\/Logo-completo-peque\u00f1o.png\",\"contentUrl\":\"https:\/\/www.jesuitasrioja.org\/wp-content\/uploads\/2020\/09\/Logo-completo-peque\u00f1o.png\",\"width\":300,\"height\":300,\"caption\":\"Centro Sagrado Coraz\u00f3n Jesuitas\"},\"image\":{\"@id\":\"https:\/\/www.jesuitasrioja.org\/#\/schema\/logo\/image\/\"},\"sameAs\":[\"https:\/\/www.facebook.com\/jesuitasrioja?locale=es_ES\",\"https:\/\/x.com\/jesuitasrioja\",\"https:\/\/www.instagram.com\/jesuitasrioja\/\"]}]}<\/script>\n<!-- \/ Yoast SEO Premium plugin. -->","yoast_head_json":{"title":"Secretary\u2019s Office - Jesuitas Logro\u00f1o","robots":{"index":"index","follow":"follow","max-snippet":"max-snippet:-1","max-image-preview":"max-image-preview:large","max-video-preview":"max-video-preview:-1"},"canonical":"https:\/\/www.jesuitasrioja.org\/en\/services\/secretarys-office\/","og_locale":"en_US","og_type":"article","og_title":"Secretary\u2019s Office","og_description":"Office hours from September to June (Monday to Friday): Morning From 9 am to 1.30 pm. Afternoon From 3.30 to 5.30 pm, except Friday Summer hours, July and August (Monday to Friday): Morning From 9 am to 1.30 pm. &nbsp; Grants Autonomous Community: the call tends to be made in May, with subsidies for books [&hellip;]","og_url":"https:\/\/www.jesuitasrioja.org\/en\/services\/secretarys-office\/","og_site_name":"Jesuitas Logro\u00f1o","article_publisher":"https:\/\/www.facebook.com\/jesuitasrioja?locale=es_ES","article_modified_time":"2019-02-20T07:50:59+00:00","og_image":[{"width":2257,"height":340,"url":"https:\/\/www.jesuitasrioja.org\/wp-content\/uploads\/2018\/01\/B_Secretari\u0301a.jpg","type":"image\/jpeg"}],"twitter_card":"summary_large_image","twitter_site":"@jesuitasrioja","twitter_misc":{"Est. reading time":"2 minutes"},"schema":{"@context":"https:\/\/schema.org","@graph":[{"@type":"WebPage","@id":"https:\/\/www.jesuitasrioja.org\/en\/services\/secretarys-office\/","url":"https:\/\/www.jesuitasrioja.org\/en\/services\/secretarys-office\/","name":"Secretary\u2019s Office - Jesuitas Logro\u00f1o","isPartOf":{"@id":"https:\/\/www.jesuitasrioja.org\/#website"},"primaryImageOfPage":{"@id":"https:\/\/www.jesuitasrioja.org\/en\/services\/secretarys-office\/#primaryimage"},"image":{"@id":"https:\/\/www.jesuitasrioja.org\/en\/services\/secretarys-office\/#primaryimage"},"thumbnailUrl":"https:\/\/www.jesuitasrioja.org\/wp-content\/uploads\/2018\/01\/B_Secretari\u0301a.jpg","datePublished":"2018-01-03T11:14:37+00:00","dateModified":"2019-02-20T07:50:59+00:00","breadcrumb":{"@id":"https:\/\/www.jesuitasrioja.org\/en\/services\/secretarys-office\/#breadcrumb"},"inLanguage":"en-US","potentialAction":[{"@type":"ReadAction","target":["https:\/\/www.jesuitasrioja.org\/en\/services\/secretarys-office\/"]}]},{"@type":"ImageObject","inLanguage":"en-US","@id":"https:\/\/www.jesuitasrioja.org\/en\/services\/secretarys-office\/#primaryimage","url":"https:\/\/www.jesuitasrioja.org\/wp-content\/uploads\/2018\/01\/B_Secretari\u0301a.jpg","contentUrl":"https:\/\/www.jesuitasrioja.org\/wp-content\/uploads\/2018\/01\/B_Secretari\u0301a.jpg","width":2257,"height":340},{"@type":"BreadcrumbList","@id":"https:\/\/www.jesuitasrioja.org\/en\/services\/secretarys-office\/#breadcrumb","itemListElement":[{"@type":"ListItem","position":1,"name":"Portada","item":"https:\/\/www.jesuitasrioja.org\/en\/inicio\/"},{"@type":"ListItem","position":2,"name":"Services","item":"https:\/\/www.jesuitasrioja.org\/en\/services\/"},{"@type":"ListItem","position":3,"name":"Secretary\u2019s Office"}]},{"@type":"WebSite","@id":"https:\/\/www.jesuitasrioja.org\/#website","url":"https:\/\/www.jesuitasrioja.org\/","name":"Jesuitas Logro\u00f1o","description":"Centro Sagrado Coraz\u00f3n - Jesuitas Logro\u00f1o","publisher":{"@id":"https:\/\/www.jesuitasrioja.org\/#organization"},"potentialAction":[{"@type":"SearchAction","target":{"@type":"EntryPoint","urlTemplate":"https:\/\/www.jesuitasrioja.org\/?s={search_term_string}"},"query-input":{"@type":"PropertyValueSpecification","valueRequired":true,"valueName":"search_term_string"}}],"inLanguage":"en-US"},{"@type":"Organization","@id":"https:\/\/www.jesuitasrioja.org\/#organization","name":"Centro Sagrado Coraz\u00f3n Jesuitas","url":"https:\/\/www.jesuitasrioja.org\/","logo":{"@type":"ImageObject","inLanguage":"en-US","@id":"https:\/\/www.jesuitasrioja.org\/#\/schema\/logo\/image\/","url":"https:\/\/www.jesuitasrioja.org\/wp-content\/uploads\/2020\/09\/Logo-completo-peque\u00f1o.png","contentUrl":"https:\/\/www.jesuitasrioja.org\/wp-content\/uploads\/2020\/09\/Logo-completo-peque\u00f1o.png","width":300,"height":300,"caption":"Centro Sagrado Coraz\u00f3n Jesuitas"},"image":{"@id":"https:\/\/www.jesuitasrioja.org\/#\/schema\/logo\/image\/"},"sameAs":["https:\/\/www.facebook.com\/jesuitasrioja?locale=es_ES","https:\/\/x.com\/jesuitasrioja","https:\/\/www.instagram.com\/jesuitasrioja\/"]}]}},"_links":{"self":[{"href":"https:\/\/www.jesuitasrioja.org\/en\/wp-json\/wp\/v2\/pages\/2141"}],"collection":[{"href":"https:\/\/www.jesuitasrioja.org\/en\/wp-json\/wp\/v2\/pages"}],"about":[{"href":"https:\/\/www.jesuitasrioja.org\/en\/wp-json\/wp\/v2\/types\/page"}],"author":[{"embeddable":true,"href":"https:\/\/www.jesuitasrioja.org\/en\/wp-json\/wp\/v2\/users\/1"}],"replies":[{"embeddable":true,"href":"https:\/\/www.jesuitasrioja.org\/en\/wp-json\/wp\/v2\/comments?post=2141"}],"version-history":[{"count":1,"href":"https:\/\/www.jesuitasrioja.org\/en\/wp-json\/wp\/v2\/pages\/2141\/revisions"}],"predecessor-version":[{"id":2534,"href":"https:\/\/www.jesuitasrioja.org\/en\/wp-json\/wp\/v2\/pages\/2141\/revisions\/2534"}],"up":[{"embeddable":true,"href":"https:\/\/www.jesuitasrioja.org\/en\/wp-json\/wp\/v2\/pages\/2160"}],"wp:featuredmedia":[{"embeddable":true,"href":"https:\/\/www.jesuitasrioja.org\/en\/wp-json\/wp\/v2\/media\/2143"}],"wp:attachment":[{"href":"https:\/\/www.jesuitasrioja.org\/en\/wp-json\/wp\/v2\/media?parent=2141"}],"curies":[{"name":"wp","href":"https:\/\/api.w.org\/{rel}","templated":true}]}}