{"id":2138,"date":"2018-01-03T11:15:23","date_gmt":"2018-01-03T11:15:23","guid":{"rendered":"http:\/\/www.jesuitasrioja.org\/libreria-loyola\/"},"modified":"2019-02-20T08:12:39","modified_gmt":"2019-02-20T08:12:39","slug":"loyola-bookshop","status":"publish","type":"page","link":"https:\/\/www.jesuitasrioja.org\/en\/services\/loyola-bookshop\/","title":{"rendered":"Librery Loyola"},"content":{"rendered":"<p>There is an onsite bookshop for the purchase of textbooks.<br \/>\nIn the last week of June, in July, in the last week of August and in September, the bookshop will attend to families in the Vocational Training College building, opposite the Management offices.<br \/>\nParents purchasing textbooks from the school itself are making a huge contribution, as this is a way of helping to improve the teaching resources for everyone.<br \/>\nThe families, too, benefit from a major discount in the purchase of textbooks.<br \/>\nThe lists of books and materials for each year are published on the last working day in June.<br \/>\nThe lists of textbooks for the 2018-2019 school year are as follows:<br \/>\nNursery School (no textbooks))<\/p>\n<p>&nbsp;<\/p>\n<table style=\"height: 200px;\" width=\"391\">\n<tbody>\n<tr>\n<td style=\"width: 123px; text-align: center;\">Infantil (no hay libros)<\/td>\n<\/tr>\n<tr>\n<td style=\"width: 123px; height: 10px; text-align: center; background-color: white;\"><\/td>\n<\/tr>\n<tr>\n<td style=\"width: 123px; text-align: center;\"><a href=\"\/wp-content\/uploads\/2018\/02\/1EP.pdf\">Year 1 Primary<\/a><\/td>\n<td style=\"width: 123px; text-align: center;\"><a href=\"\/wp-content\/uploads\/2018\/02\/2EP.pdf\">Year 2 Primary<\/a><\/td>\n<td style=\"width: 123px; text-align: center;\"><a href=\"\/wp-content\/uploads\/2018\/02\/3EP.pdf\">Year 3 Primary<\/a><\/td>\n<\/tr>\n<tr>\n<td style=\"width: 123px; text-align: center;\"><a href=\"\/wp-content\/uploads\/2018\/02\/4EP.pdf\">Year 4 Primary<\/a><\/td>\n<td style=\"width: 123px; text-align: center;\"><a href=\"\/wp-content\/uploads\/2018\/02\/5EP.pdf\">Year 5 Primary<\/a><\/td>\n<td style=\"width: 123px; text-align: center;\"><a href=\"\/wp-content\/uploads\/2018\/02\/6EP.pdf\">Year 6 Primary<\/a><\/td>\n<\/tr>\n<tr>\n<td style=\"width: 123px; height: 10px; text-align: center; background-color: white;\"><\/td>\n<\/tr>\n<tr>\n<td style=\"width: 123px; text-align: center;\"><a href=\"\/wp-content\/uploads\/2018\/02\/1ESO.pdf\">Year 1 CSE<\/a><\/td>\n<td style=\"width: 123px; text-align: center;\"><a href=\"\/wp-content\/uploads\/2018\/02\/2ESO.pdf\">Year 2 CSE<\/a><\/td>\n<\/tr>\n<tr>\n<td style=\"width: 123px; text-align: center;\"><a href=\"\/wp-content\/uploads\/2018\/02\/3ESO.pdf\">Year 3 CSE<\/a><\/td>\n<td style=\"width: 123px; text-align: center;\"><a href=\"\/wp-content\/uploads\/2018\/02\/4ESO.pdf\">Year 4 CSE<\/a><\/td>\n<\/tr>\n<tr>\n<td style=\"width: 123px; height: 10px; text-align: center; background-color: white;\"><\/td>\n<\/tr>\n<tr>\n<td style=\"width: 123px; text-align: center;\"><a href=\"\/wp-content\/uploads\/2018\/02\/1BACH.pdf\">Year 1 Sixth Formr<\/a><\/td>\n<td style=\"width: 123px; text-align: center;\"><a href=\"\/wp-content\/uploads\/2018\/02\/2BACH.pdf\">Year 2 Sixth Form<\/a><\/td>\n<\/tr>\n<tr>\n<td style=\"width: 123px; height: 10px; text-align: center; background-color: white;\"><\/td>\n<\/tr>\n<tr>\n<td style=\"width: 123px; text-align: center;\"><a href=\"\/wp-content\/uploads\/2018\/02\/FPB-Servicios-Administrativos.pdf\">BVT Administrative Services<\/a><\/td>\n<td style=\"width: 123px; text-align: center;\"><a href=\"\/wp-content\/uploads\/2018\/02\/FPB-Fabricaci\u00f3n-y-Montaje.pdf\">BVT Manufacturing and Assembly<\/a><\/td>\n<td style=\"width: 123px; text-align: center;\"><a href=\"\/wp-content\/uploads\/2018\/02\/FPB-Mantenimiento-de-Veh\u00edculos.pdf\">BVT\u00a0 \u00a0\u00a0Vehicle Maintenance<\/a><\/td>\n<td style=\"width: 123px; text-align: center;\"><a href=\"\/wp-content\/uploads\/2018\/02\/FPB-Electricidad-y-Electr\u00f3nica.pdf\">BVT Electricity and Electronics<\/a><\/td>\n<td style=\"width: 123px; text-align: center;\"><a href=\"\/wp-content\/uploads\/2018\/02\/FPB-Inform\u00e1tica-y-Comunicaciones.pdf\">BVT Computers and Communications<\/a><\/td>\n<\/tr>\n<tr>\n<td style=\"width: 123px; text-align: center;\"><a href=\"\/wp-content\/uploads\/2018\/02\/CFGM-Gesti\u00f3n-Administrativa.pdf\">IVT Admin Management<\/a><\/td>\n<td style=\"width: 123px; text-align: center;\"><a href=\"\/wp-content\/uploads\/2018\/02\/CFGM-Gesti\u00f3n-Administrativa.pdf\">IVT Electromechanical Maintenance<\/a><\/td>\n<td style=\"width: 123px; text-align: center;\"><a href=\"\/wp-content\/uploads\/2018\/02\/CFGM-Gesti\u00f3n-Administrativa.pdf\">IVT<\/a><a href=\"\/wp-content\/uploads\/2018\/02\/CFGM-Electromec.-de-Veh\u00edculos.pdf\"> Electromechanics of Motor Vehicles<\/a><\/td>\n<td style=\"width: 123px; text-align: center;\"><a href=\"\/wp-content\/uploads\/2018\/02\/CFGM-Gesti\u00f3n-Administrativa.pdf\">IVT\u00a0<\/a><a href=\"\/wp-content\/uploads\/2018\/02\/CFGM-Instalaciones-El\u00e9c.-y-Autom\u00e1t..pdf\">Electrical and Automatic Installations.<\/a><\/td>\n<td style=\"width: 123px; text-align: center;\"><a href=\"\/wp-content\/uploads\/2018\/02\/CFGM-Gesti\u00f3n-Administrativa.pdf\">IVT\u00a0<\/a><a href=\"\/wp-content\/uploads\/2018\/02\/CFGM-SistemasMicroinformaticos.pdf\">Microcomputer Systems and Networks<\/a><\/td>\n<\/tr>\n<tr>\n<td style=\"width: 123px; text-align: center;\"><a href=\"\/wp-content\/uploads\/2018\/02\/GS-Administracion.pdf\">AVT Administration and Finances<\/a><\/td>\n<td style=\"width: 123px; text-align: center;\"><a href=\"\/wp-content\/uploads\/2018\/02\/GS-Mecatronica.pdf\">AVT\u00a0 Industrial Mechatronics<\/a><\/td>\n<td style=\"width: 123px; text-align: center;\"><a href=\"\/wp-content\/uploads\/2018\/02\/GS-Automocion.pdf\">AVT Automotion<\/a><\/td>\n<td style=\"width: 123px; text-align: center;\"><a href=\"\/wp-content\/uploads\/2018\/02\/GS-DesarrolloAW.pdf\">Development of Web Applications<\/a><\/td>\n<\/tr>\n<\/tbody>\n<\/table>\n<p><\/p>","protected":false},"excerpt":{"rendered":"<p>There is an onsite bookshop for the purchase of textbooks. In the last week of June, in July, in the last week of August and in September, the bookshop will attend to families in the Vocational Training College building, opposite the Management offices. Parents purchasing textbooks from the school itself are making a huge contribution, [&hellip;]<\/p>\n","protected":false},"author":1,"featured_media":2140,"parent":2160,"menu_order":20,"comment_status":"closed","ping_status":"closed","template":"","meta":{"_acf_changed":false,"footnotes":""},"acf":[],"yoast_head":"<!-- This site is optimized with the Yoast SEO Premium plugin v23.4 (Yoast SEO v24.2) - https:\/\/yoast.com\/wordpress\/plugins\/seo\/ -->\n<title>Librery Loyola - Jesuitas Logro\u00f1o<\/title>\n<meta name=\"robots\" content=\"index, follow, max-snippet:-1, max-image-preview:large, max-video-preview:-1\" \/>\n<link rel=\"canonical\" href=\"https:\/\/www.jesuitasrioja.org\/en\/services\/loyola-bookshop\/\" \/>\n<meta property=\"og:locale\" content=\"en_US\" \/>\n<meta property=\"og:type\" content=\"article\" \/>\n<meta property=\"og:title\" content=\"Librery Loyola\" \/>\n<meta property=\"og:description\" content=\"There is an onsite bookshop for the purchase of textbooks. In the last week of June, in July, in the last week of August and in September, the bookshop will attend to families in the Vocational Training College building, opposite the Management offices. Parents purchasing textbooks from the school itself are making a huge contribution, [&hellip;]\" \/>\n<meta property=\"og:url\" content=\"https:\/\/www.jesuitasrioja.org\/en\/services\/loyola-bookshop\/\" \/>\n<meta property=\"og:site_name\" content=\"Jesuitas Logro\u00f1o\" \/>\n<meta property=\"article:publisher\" content=\"https:\/\/www.facebook.com\/jesuitasrioja?locale=es_ES\" \/>\n<meta property=\"article:modified_time\" content=\"2019-02-20T08:12:39+00:00\" \/>\n<meta property=\"og:image\" content=\"https:\/\/www.jesuitasrioja.org\/wp-content\/uploads\/2018\/01\/B_Libreri\u0301a-Loyola.jpg\" \/>\n\t<meta property=\"og:image:width\" content=\"2257\" \/>\n\t<meta property=\"og:image:height\" content=\"340\" \/>\n\t<meta property=\"og:image:type\" content=\"image\/jpeg\" \/>\n<meta name=\"twitter:card\" content=\"summary_large_image\" \/>\n<meta name=\"twitter:site\" content=\"@jesuitasrioja\" \/>\n<meta name=\"twitter:label1\" content=\"Est. reading time\" \/>\n\t<meta name=\"twitter:data1\" content=\"2 minutes\" \/>\n<script type=\"application\/ld+json\" class=\"yoast-schema-graph\">{\"@context\":\"https:\/\/schema.org\",\"@graph\":[{\"@type\":\"WebPage\",\"@id\":\"https:\/\/www.jesuitasrioja.org\/en\/services\/loyola-bookshop\/\",\"url\":\"https:\/\/www.jesuitasrioja.org\/en\/services\/loyola-bookshop\/\",\"name\":\"Librery Loyola - Jesuitas Logro\u00f1o\",\"isPartOf\":{\"@id\":\"https:\/\/www.jesuitasrioja.org\/#website\"},\"primaryImageOfPage\":{\"@id\":\"https:\/\/www.jesuitasrioja.org\/en\/services\/loyola-bookshop\/#primaryimage\"},\"image\":{\"@id\":\"https:\/\/www.jesuitasrioja.org\/en\/services\/loyola-bookshop\/#primaryimage\"},\"thumbnailUrl\":\"https:\/\/www.jesuitasrioja.org\/wp-content\/uploads\/2018\/01\/B_Libreri\u0301a-Loyola.jpg\",\"datePublished\":\"2018-01-03T11:15:23+00:00\",\"dateModified\":\"2019-02-20T08:12:39+00:00\",\"breadcrumb\":{\"@id\":\"https:\/\/www.jesuitasrioja.org\/en\/services\/loyola-bookshop\/#breadcrumb\"},\"inLanguage\":\"en-US\",\"potentialAction\":[{\"@type\":\"ReadAction\",\"target\":[\"https:\/\/www.jesuitasrioja.org\/en\/services\/loyola-bookshop\/\"]}]},{\"@type\":\"ImageObject\",\"inLanguage\":\"en-US\",\"@id\":\"https:\/\/www.jesuitasrioja.org\/en\/services\/loyola-bookshop\/#primaryimage\",\"url\":\"https:\/\/www.jesuitasrioja.org\/wp-content\/uploads\/2018\/01\/B_Libreri\u0301a-Loyola.jpg\",\"contentUrl\":\"https:\/\/www.jesuitasrioja.org\/wp-content\/uploads\/2018\/01\/B_Libreri\u0301a-Loyola.jpg\",\"width\":2257,\"height\":340},{\"@type\":\"BreadcrumbList\",\"@id\":\"https:\/\/www.jesuitasrioja.org\/en\/services\/loyola-bookshop\/#breadcrumb\",\"itemListElement\":[{\"@type\":\"ListItem\",\"position\":1,\"name\":\"Portada\",\"item\":\"https:\/\/www.jesuitasrioja.org\/en\/inicio\/\"},{\"@type\":\"ListItem\",\"position\":2,\"name\":\"Services\",\"item\":\"https:\/\/www.jesuitasrioja.org\/en\/services\/\"},{\"@type\":\"ListItem\",\"position\":3,\"name\":\"Librery Loyola\"}]},{\"@type\":\"WebSite\",\"@id\":\"https:\/\/www.jesuitasrioja.org\/#website\",\"url\":\"https:\/\/www.jesuitasrioja.org\/\",\"name\":\"Jesuitas Logro\u00f1o\",\"description\":\"Centro Sagrado Coraz\u00f3n - Jesuitas Logro\u00f1o\",\"publisher\":{\"@id\":\"https:\/\/www.jesuitasrioja.org\/#organization\"},\"potentialAction\":[{\"@type\":\"SearchAction\",\"target\":{\"@type\":\"EntryPoint\",\"urlTemplate\":\"https:\/\/www.jesuitasrioja.org\/?s={search_term_string}\"},\"query-input\":{\"@type\":\"PropertyValueSpecification\",\"valueRequired\":true,\"valueName\":\"search_term_string\"}}],\"inLanguage\":\"en-US\"},{\"@type\":\"Organization\",\"@id\":\"https:\/\/www.jesuitasrioja.org\/#organization\",\"name\":\"Centro Sagrado Coraz\u00f3n Jesuitas\",\"url\":\"https:\/\/www.jesuitasrioja.org\/\",\"logo\":{\"@type\":\"ImageObject\",\"inLanguage\":\"en-US\",\"@id\":\"https:\/\/www.jesuitasrioja.org\/#\/schema\/logo\/image\/\",\"url\":\"https:\/\/www.jesuitasrioja.org\/wp-content\/uploads\/2020\/09\/Logo-completo-peque\u00f1o.png\",\"contentUrl\":\"https:\/\/www.jesuitasrioja.org\/wp-content\/uploads\/2020\/09\/Logo-completo-peque\u00f1o.png\",\"width\":300,\"height\":300,\"caption\":\"Centro Sagrado Coraz\u00f3n Jesuitas\"},\"image\":{\"@id\":\"https:\/\/www.jesuitasrioja.org\/#\/schema\/logo\/image\/\"},\"sameAs\":[\"https:\/\/www.facebook.com\/jesuitasrioja?locale=es_ES\",\"https:\/\/x.com\/jesuitasrioja\",\"https:\/\/www.instagram.com\/jesuitasrioja\/\"]}]}<\/script>\n<!-- \/ Yoast SEO Premium plugin. -->","yoast_head_json":{"title":"Librery Loyola - Jesuitas Logro\u00f1o","robots":{"index":"index","follow":"follow","max-snippet":"max-snippet:-1","max-image-preview":"max-image-preview:large","max-video-preview":"max-video-preview:-1"},"canonical":"https:\/\/www.jesuitasrioja.org\/en\/services\/loyola-bookshop\/","og_locale":"en_US","og_type":"article","og_title":"Librery Loyola","og_description":"There is an onsite bookshop for the purchase of textbooks. In the last week of June, in July, in the last week of August and in September, the bookshop will attend to families in the Vocational Training College building, opposite the Management offices. Parents purchasing textbooks from the school itself are making a huge contribution, [&hellip;]","og_url":"https:\/\/www.jesuitasrioja.org\/en\/services\/loyola-bookshop\/","og_site_name":"Jesuitas Logro\u00f1o","article_publisher":"https:\/\/www.facebook.com\/jesuitasrioja?locale=es_ES","article_modified_time":"2019-02-20T08:12:39+00:00","og_image":[{"width":2257,"height":340,"url":"https:\/\/www.jesuitasrioja.org\/wp-content\/uploads\/2018\/01\/B_Libreri\u0301a-Loyola.jpg","type":"image\/jpeg"}],"twitter_card":"summary_large_image","twitter_site":"@jesuitasrioja","twitter_misc":{"Est. reading time":"2 minutes"},"schema":{"@context":"https:\/\/schema.org","@graph":[{"@type":"WebPage","@id":"https:\/\/www.jesuitasrioja.org\/en\/services\/loyola-bookshop\/","url":"https:\/\/www.jesuitasrioja.org\/en\/services\/loyola-bookshop\/","name":"Librery Loyola - Jesuitas Logro\u00f1o","isPartOf":{"@id":"https:\/\/www.jesuitasrioja.org\/#website"},"primaryImageOfPage":{"@id":"https:\/\/www.jesuitasrioja.org\/en\/services\/loyola-bookshop\/#primaryimage"},"image":{"@id":"https:\/\/www.jesuitasrioja.org\/en\/services\/loyola-bookshop\/#primaryimage"},"thumbnailUrl":"https:\/\/www.jesuitasrioja.org\/wp-content\/uploads\/2018\/01\/B_Libreri\u0301a-Loyola.jpg","datePublished":"2018-01-03T11:15:23+00:00","dateModified":"2019-02-20T08:12:39+00:00","breadcrumb":{"@id":"https:\/\/www.jesuitasrioja.org\/en\/services\/loyola-bookshop\/#breadcrumb"},"inLanguage":"en-US","potentialAction":[{"@type":"ReadAction","target":["https:\/\/www.jesuitasrioja.org\/en\/services\/loyola-bookshop\/"]}]},{"@type":"ImageObject","inLanguage":"en-US","@id":"https:\/\/www.jesuitasrioja.org\/en\/services\/loyola-bookshop\/#primaryimage","url":"https:\/\/www.jesuitasrioja.org\/wp-content\/uploads\/2018\/01\/B_Libreri\u0301a-Loyola.jpg","contentUrl":"https:\/\/www.jesuitasrioja.org\/wp-content\/uploads\/2018\/01\/B_Libreri\u0301a-Loyola.jpg","width":2257,"height":340},{"@type":"BreadcrumbList","@id":"https:\/\/www.jesuitasrioja.org\/en\/services\/loyola-bookshop\/#breadcrumb","itemListElement":[{"@type":"ListItem","position":1,"name":"Portada","item":"https:\/\/www.jesuitasrioja.org\/en\/inicio\/"},{"@type":"ListItem","position":2,"name":"Services","item":"https:\/\/www.jesuitasrioja.org\/en\/services\/"},{"@type":"ListItem","position":3,"name":"Librery Loyola"}]},{"@type":"WebSite","@id":"https:\/\/www.jesuitasrioja.org\/#website","url":"https:\/\/www.jesuitasrioja.org\/","name":"Jesuitas Logro\u00f1o","description":"Centro Sagrado Coraz\u00f3n - Jesuitas Logro\u00f1o","publisher":{"@id":"https:\/\/www.jesuitasrioja.org\/#organization"},"potentialAction":[{"@type":"SearchAction","target":{"@type":"EntryPoint","urlTemplate":"https:\/\/www.jesuitasrioja.org\/?s={search_term_string}"},"query-input":{"@type":"PropertyValueSpecification","valueRequired":true,"valueName":"search_term_string"}}],"inLanguage":"en-US"},{"@type":"Organization","@id":"https:\/\/www.jesuitasrioja.org\/#organization","name":"Centro Sagrado Coraz\u00f3n Jesuitas","url":"https:\/\/www.jesuitasrioja.org\/","logo":{"@type":"ImageObject","inLanguage":"en-US","@id":"https:\/\/www.jesuitasrioja.org\/#\/schema\/logo\/image\/","url":"https:\/\/www.jesuitasrioja.org\/wp-content\/uploads\/2020\/09\/Logo-completo-peque\u00f1o.png","contentUrl":"https:\/\/www.jesuitasrioja.org\/wp-content\/uploads\/2020\/09\/Logo-completo-peque\u00f1o.png","width":300,"height":300,"caption":"Centro Sagrado Coraz\u00f3n Jesuitas"},"image":{"@id":"https:\/\/www.jesuitasrioja.org\/#\/schema\/logo\/image\/"},"sameAs":["https:\/\/www.facebook.com\/jesuitasrioja?locale=es_ES","https:\/\/x.com\/jesuitasrioja","https:\/\/www.instagram.com\/jesuitasrioja\/"]}]}},"_links":{"self":[{"href":"https:\/\/www.jesuitasrioja.org\/en\/wp-json\/wp\/v2\/pages\/2138"}],"collection":[{"href":"https:\/\/www.jesuitasrioja.org\/en\/wp-json\/wp\/v2\/pages"}],"about":[{"href":"https:\/\/www.jesuitasrioja.org\/en\/wp-json\/wp\/v2\/types\/page"}],"author":[{"embeddable":true,"href":"https:\/\/www.jesuitasrioja.org\/en\/wp-json\/wp\/v2\/users\/1"}],"replies":[{"embeddable":true,"href":"https:\/\/www.jesuitasrioja.org\/en\/wp-json\/wp\/v2\/comments?post=2138"}],"version-history":[{"count":1,"href":"https:\/\/www.jesuitasrioja.org\/en\/wp-json\/wp\/v2\/pages\/2138\/revisions"}],"predecessor-version":[{"id":2539,"href":"https:\/\/www.jesuitasrioja.org\/en\/wp-json\/wp\/v2\/pages\/2138\/revisions\/2539"}],"up":[{"embeddable":true,"href":"https:\/\/www.jesuitasrioja.org\/en\/wp-json\/wp\/v2\/pages\/2160"}],"wp:featuredmedia":[{"embeddable":true,"href":"https:\/\/www.jesuitasrioja.org\/en\/wp-json\/wp\/v2\/media\/2140"}],"wp:attachment":[{"href":"https:\/\/www.jesuitasrioja.org\/en\/wp-json\/wp\/v2\/media?parent=2138"}],"curies":[{"name":"wp","href":"https:\/\/api.w.org\/{rel}","templated":true}]}}