{"id":2122,"date":"2018-01-03T11:17:11","date_gmt":"2018-01-03T11:17:11","guid":{"rendered":"http:\/\/www.jesuitasrioja.org\/examenes-oficiales-ingles\/"},"modified":"2019-02-20T12:39:47","modified_gmt":"2019-02-20T12:39:47","slug":"official-english-exams","status":"publish","type":"page","link":"https:\/\/www.jesuitasrioja.org\/en\/services\/official-english-exams\/","title":{"rendered":"Official English Exams"},"content":{"rendered":"<p>We prepare our pupils for the official English certificates recognised by the Common European Framework of Reference for Languages.<br \/>\nThe school is a recognised examination centre for Oxford and Cambridge qualifications for pupils, students, teachers and families.<br \/>\nFor more information, please contact the Coordinator of Bilingual Studies, Rub\u00e9n P\u00e9rez Negueruela, at the following email: coord.bilinguismo@jesuitasformacion.com.<\/p>","protected":false},"excerpt":{"rendered":"<p>We prepare our pupils for the official English certificates recognised by the Common European Framework of Reference for Languages. The school is a recognised examination centre for Oxford and Cambridge qualifications for pupils, students, teachers and families. For more information, please contact the Coordinator of Bilingual Studies, Rub\u00e9n P\u00e9rez Negueruela, at the following email: coord.bilinguismo@jesuitasformacion.com.<\/p>\n","protected":false},"author":1,"featured_media":2124,"parent":2160,"menu_order":80,"comment_status":"closed","ping_status":"closed","template":"","meta":{"_acf_changed":false,"footnotes":""},"acf":[],"yoast_head":"<!-- This site is optimized with the Yoast SEO Premium plugin v23.4 (Yoast SEO v24.2) - https:\/\/yoast.com\/wordpress\/plugins\/seo\/ -->\n<title>Official English Exams - Jesuitas Logro\u00f1o<\/title>\n<meta name=\"robots\" content=\"index, follow, max-snippet:-1, max-image-preview:large, max-video-preview:-1\" \/>\n<link rel=\"canonical\" href=\"https:\/\/www.jesuitasrioja.org\/en\/services\/official-english-exams\/\" \/>\n<meta property=\"og:locale\" content=\"en_US\" \/>\n<meta property=\"og:type\" content=\"article\" \/>\n<meta property=\"og:title\" content=\"Official English Exams\" \/>\n<meta property=\"og:description\" content=\"We prepare our pupils for the official English certificates recognised by the Common European Framework of Reference for Languages. The school is a recognised examination centre for Oxford and Cambridge qualifications for pupils, students, teachers and families. For more information, please contact the Coordinator of Bilingual Studies, Rub\u00e9n P\u00e9rez Negueruela, at the following email: coord.bilinguismo@jesuitasformacion.com.\" \/>\n<meta property=\"og:url\" content=\"https:\/\/www.jesuitasrioja.org\/en\/services\/official-english-exams\/\" \/>\n<meta property=\"og:site_name\" content=\"Jesuitas Logro\u00f1o\" \/>\n<meta property=\"article:publisher\" content=\"https:\/\/www.facebook.com\/jesuitasrioja?locale=es_ES\" \/>\n<meta property=\"article:modified_time\" content=\"2019-02-20T12:39:47+00:00\" \/>\n<meta property=\"og:image\" content=\"https:\/\/www.jesuitasrioja.org\/wp-content\/uploads\/2018\/01\/B_examenes_oficioales-de-ingles.jpg\" \/>\n\t<meta property=\"og:image:width\" content=\"2257\" \/>\n\t<meta property=\"og:image:height\" content=\"340\" \/>\n\t<meta property=\"og:image:type\" content=\"image\/jpeg\" \/>\n<meta name=\"twitter:card\" content=\"summary_large_image\" \/>\n<meta name=\"twitter:site\" content=\"@jesuitasrioja\" \/>\n<meta name=\"twitter:label1\" content=\"Est. reading time\" \/>\n\t<meta name=\"twitter:data1\" content=\"1 minute\" \/>\n<script type=\"application\/ld+json\" class=\"yoast-schema-graph\">{\"@context\":\"https:\/\/schema.org\",\"@graph\":[{\"@type\":\"WebPage\",\"@id\":\"https:\/\/www.jesuitasrioja.org\/en\/services\/official-english-exams\/\",\"url\":\"https:\/\/www.jesuitasrioja.org\/en\/services\/official-english-exams\/\",\"name\":\"Official English Exams - Jesuitas Logro\u00f1o\",\"isPartOf\":{\"@id\":\"https:\/\/www.jesuitasrioja.org\/#website\"},\"primaryImageOfPage\":{\"@id\":\"https:\/\/www.jesuitasrioja.org\/en\/services\/official-english-exams\/#primaryimage\"},\"image\":{\"@id\":\"https:\/\/www.jesuitasrioja.org\/en\/services\/official-english-exams\/#primaryimage\"},\"thumbnailUrl\":\"https:\/\/www.jesuitasrioja.org\/wp-content\/uploads\/2018\/01\/B_examenes_oficioales-de-ingles.jpg\",\"datePublished\":\"2018-01-03T11:17:11+00:00\",\"dateModified\":\"2019-02-20T12:39:47+00:00\",\"breadcrumb\":{\"@id\":\"https:\/\/www.jesuitasrioja.org\/en\/services\/official-english-exams\/#breadcrumb\"},\"inLanguage\":\"en-US\",\"potentialAction\":[{\"@type\":\"ReadAction\",\"target\":[\"https:\/\/www.jesuitasrioja.org\/en\/services\/official-english-exams\/\"]}]},{\"@type\":\"ImageObject\",\"inLanguage\":\"en-US\",\"@id\":\"https:\/\/www.jesuitasrioja.org\/en\/services\/official-english-exams\/#primaryimage\",\"url\":\"https:\/\/www.jesuitasrioja.org\/wp-content\/uploads\/2018\/01\/B_examenes_oficioales-de-ingles.jpg\",\"contentUrl\":\"https:\/\/www.jesuitasrioja.org\/wp-content\/uploads\/2018\/01\/B_examenes_oficioales-de-ingles.jpg\",\"width\":2257,\"height\":340},{\"@type\":\"BreadcrumbList\",\"@id\":\"https:\/\/www.jesuitasrioja.org\/en\/services\/official-english-exams\/#breadcrumb\",\"itemListElement\":[{\"@type\":\"ListItem\",\"position\":1,\"name\":\"Portada\",\"item\":\"https:\/\/www.jesuitasrioja.org\/en\/inicio\/\"},{\"@type\":\"ListItem\",\"position\":2,\"name\":\"Services\",\"item\":\"https:\/\/www.jesuitasrioja.org\/en\/services\/\"},{\"@type\":\"ListItem\",\"position\":3,\"name\":\"Official English Exams\"}]},{\"@type\":\"WebSite\",\"@id\":\"https:\/\/www.jesuitasrioja.org\/#website\",\"url\":\"https:\/\/www.jesuitasrioja.org\/\",\"name\":\"Jesuitas Logro\u00f1o\",\"description\":\"Centro Sagrado Coraz\u00f3n - Jesuitas Logro\u00f1o\",\"publisher\":{\"@id\":\"https:\/\/www.jesuitasrioja.org\/#organization\"},\"potentialAction\":[{\"@type\":\"SearchAction\",\"target\":{\"@type\":\"EntryPoint\",\"urlTemplate\":\"https:\/\/www.jesuitasrioja.org\/?s={search_term_string}\"},\"query-input\":{\"@type\":\"PropertyValueSpecification\",\"valueRequired\":true,\"valueName\":\"search_term_string\"}}],\"inLanguage\":\"en-US\"},{\"@type\":\"Organization\",\"@id\":\"https:\/\/www.jesuitasrioja.org\/#organization\",\"name\":\"Centro Sagrado Coraz\u00f3n Jesuitas\",\"url\":\"https:\/\/www.jesuitasrioja.org\/\",\"logo\":{\"@type\":\"ImageObject\",\"inLanguage\":\"en-US\",\"@id\":\"https:\/\/www.jesuitasrioja.org\/#\/schema\/logo\/image\/\",\"url\":\"https:\/\/www.jesuitasrioja.org\/wp-content\/uploads\/2020\/09\/Logo-completo-peque\u00f1o.png\",\"contentUrl\":\"https:\/\/www.jesuitasrioja.org\/wp-content\/uploads\/2020\/09\/Logo-completo-peque\u00f1o.png\",\"width\":300,\"height\":300,\"caption\":\"Centro Sagrado Coraz\u00f3n Jesuitas\"},\"image\":{\"@id\":\"https:\/\/www.jesuitasrioja.org\/#\/schema\/logo\/image\/\"},\"sameAs\":[\"https:\/\/www.facebook.com\/jesuitasrioja?locale=es_ES\",\"https:\/\/x.com\/jesuitasrioja\",\"https:\/\/www.instagram.com\/jesuitasrioja\/\"]}]}<\/script>\n<!-- \/ Yoast SEO Premium plugin. -->","yoast_head_json":{"title":"Official English Exams - Jesuitas Logro\u00f1o","robots":{"index":"index","follow":"follow","max-snippet":"max-snippet:-1","max-image-preview":"max-image-preview:large","max-video-preview":"max-video-preview:-1"},"canonical":"https:\/\/www.jesuitasrioja.org\/en\/services\/official-english-exams\/","og_locale":"en_US","og_type":"article","og_title":"Official English Exams","og_description":"We prepare our pupils for the official English certificates recognised by the Common European Framework of Reference for Languages. The school is a recognised examination centre for Oxford and Cambridge qualifications for pupils, students, teachers and families. For more information, please contact the Coordinator of Bilingual Studies, Rub\u00e9n P\u00e9rez Negueruela, at the following email: coord.bilinguismo@jesuitasformacion.com.","og_url":"https:\/\/www.jesuitasrioja.org\/en\/services\/official-english-exams\/","og_site_name":"Jesuitas Logro\u00f1o","article_publisher":"https:\/\/www.facebook.com\/jesuitasrioja?locale=es_ES","article_modified_time":"2019-02-20T12:39:47+00:00","og_image":[{"width":2257,"height":340,"url":"https:\/\/www.jesuitasrioja.org\/wp-content\/uploads\/2018\/01\/B_examenes_oficioales-de-ingles.jpg","type":"image\/jpeg"}],"twitter_card":"summary_large_image","twitter_site":"@jesuitasrioja","twitter_misc":{"Est. reading time":"1 minute"},"schema":{"@context":"https:\/\/schema.org","@graph":[{"@type":"WebPage","@id":"https:\/\/www.jesuitasrioja.org\/en\/services\/official-english-exams\/","url":"https:\/\/www.jesuitasrioja.org\/en\/services\/official-english-exams\/","name":"Official English Exams - Jesuitas Logro\u00f1o","isPartOf":{"@id":"https:\/\/www.jesuitasrioja.org\/#website"},"primaryImageOfPage":{"@id":"https:\/\/www.jesuitasrioja.org\/en\/services\/official-english-exams\/#primaryimage"},"image":{"@id":"https:\/\/www.jesuitasrioja.org\/en\/services\/official-english-exams\/#primaryimage"},"thumbnailUrl":"https:\/\/www.jesuitasrioja.org\/wp-content\/uploads\/2018\/01\/B_examenes_oficioales-de-ingles.jpg","datePublished":"2018-01-03T11:17:11+00:00","dateModified":"2019-02-20T12:39:47+00:00","breadcrumb":{"@id":"https:\/\/www.jesuitasrioja.org\/en\/services\/official-english-exams\/#breadcrumb"},"inLanguage":"en-US","potentialAction":[{"@type":"ReadAction","target":["https:\/\/www.jesuitasrioja.org\/en\/services\/official-english-exams\/"]}]},{"@type":"ImageObject","inLanguage":"en-US","@id":"https:\/\/www.jesuitasrioja.org\/en\/services\/official-english-exams\/#primaryimage","url":"https:\/\/www.jesuitasrioja.org\/wp-content\/uploads\/2018\/01\/B_examenes_oficioales-de-ingles.jpg","contentUrl":"https:\/\/www.jesuitasrioja.org\/wp-content\/uploads\/2018\/01\/B_examenes_oficioales-de-ingles.jpg","width":2257,"height":340},{"@type":"BreadcrumbList","@id":"https:\/\/www.jesuitasrioja.org\/en\/services\/official-english-exams\/#breadcrumb","itemListElement":[{"@type":"ListItem","position":1,"name":"Portada","item":"https:\/\/www.jesuitasrioja.org\/en\/inicio\/"},{"@type":"ListItem","position":2,"name":"Services","item":"https:\/\/www.jesuitasrioja.org\/en\/services\/"},{"@type":"ListItem","position":3,"name":"Official English Exams"}]},{"@type":"WebSite","@id":"https:\/\/www.jesuitasrioja.org\/#website","url":"https:\/\/www.jesuitasrioja.org\/","name":"Jesuitas Logro\u00f1o","description":"Centro Sagrado Coraz\u00f3n - Jesuitas Logro\u00f1o","publisher":{"@id":"https:\/\/www.jesuitasrioja.org\/#organization"},"potentialAction":[{"@type":"SearchAction","target":{"@type":"EntryPoint","urlTemplate":"https:\/\/www.jesuitasrioja.org\/?s={search_term_string}"},"query-input":{"@type":"PropertyValueSpecification","valueRequired":true,"valueName":"search_term_string"}}],"inLanguage":"en-US"},{"@type":"Organization","@id":"https:\/\/www.jesuitasrioja.org\/#organization","name":"Centro Sagrado Coraz\u00f3n Jesuitas","url":"https:\/\/www.jesuitasrioja.org\/","logo":{"@type":"ImageObject","inLanguage":"en-US","@id":"https:\/\/www.jesuitasrioja.org\/#\/schema\/logo\/image\/","url":"https:\/\/www.jesuitasrioja.org\/wp-content\/uploads\/2020\/09\/Logo-completo-peque\u00f1o.png","contentUrl":"https:\/\/www.jesuitasrioja.org\/wp-content\/uploads\/2020\/09\/Logo-completo-peque\u00f1o.png","width":300,"height":300,"caption":"Centro Sagrado Coraz\u00f3n Jesuitas"},"image":{"@id":"https:\/\/www.jesuitasrioja.org\/#\/schema\/logo\/image\/"},"sameAs":["https:\/\/www.facebook.com\/jesuitasrioja?locale=es_ES","https:\/\/x.com\/jesuitasrioja","https:\/\/www.instagram.com\/jesuitasrioja\/"]}]}},"_links":{"self":[{"href":"https:\/\/www.jesuitasrioja.org\/en\/wp-json\/wp\/v2\/pages\/2122"}],"collection":[{"href":"https:\/\/www.jesuitasrioja.org\/en\/wp-json\/wp\/v2\/pages"}],"about":[{"href":"https:\/\/www.jesuitasrioja.org\/en\/wp-json\/wp\/v2\/types\/page"}],"author":[{"embeddable":true,"href":"https:\/\/www.jesuitasrioja.org\/en\/wp-json\/wp\/v2\/users\/1"}],"replies":[{"embeddable":true,"href":"https:\/\/www.jesuitasrioja.org\/en\/wp-json\/wp\/v2\/comments?post=2122"}],"version-history":[{"count":1,"href":"https:\/\/www.jesuitasrioja.org\/en\/wp-json\/wp\/v2\/pages\/2122\/revisions"}],"predecessor-version":[{"id":2634,"href":"https:\/\/www.jesuitasrioja.org\/en\/wp-json\/wp\/v2\/pages\/2122\/revisions\/2634"}],"up":[{"embeddable":true,"href":"https:\/\/www.jesuitasrioja.org\/en\/wp-json\/wp\/v2\/pages\/2160"}],"wp:featuredmedia":[{"embeddable":true,"href":"https:\/\/www.jesuitasrioja.org\/en\/wp-json\/wp\/v2\/media\/2124"}],"wp:attachment":[{"href":"https:\/\/www.jesuitasrioja.org\/en\/wp-json\/wp\/v2\/media?parent=2122"}],"curies":[{"name":"wp","href":"https:\/\/api.w.org\/{rel}","templated":true}]}}