{"id":2116,"date":"2018-01-09T14:06:37","date_gmt":"2018-01-09T14:06:37","guid":{"rendered":"http:\/\/www.jesuitasrioja.org\/proyectos\/"},"modified":"2019-02-20T11:09:00","modified_gmt":"2019-02-20T11:09:00","slug":"proyectos","status":"publish","type":"page","link":"https:\/\/www.jesuitasrioja.org\/en\/education\/training-and-employment\/vocational-training\/proyectos\/","title":{"rendered":"Projects"},"content":{"rendered":"<p><section id='proslider-1105808' class='proslider proyectos'><div class='row'><\/p>\n<p>&nbsp;<\/p>\n<div id='proslide-19' class='large-12 columns nopadding proslide' style='background-image: url(\"\/wp-content\/themes\/jesuitak\/img\/carrusel\/proyecto1.jpg\");'><div class='textbox'><h4>KART CROSS DESIGN AND CONSTRUCTION<\/h4><\/p>\n<p>Students in Year 1 of BVT studying Automotion will design a kart chassis, firstly on the drawing board, checking its viability, and then actually building it.<br \/>\nThe aim of this project is that the chassis will be completely finished by the end of Year 1, mounting the steering, bodywork and undercarriage,\u00a0and in Year 2 the students will complete it with an engine and brakes.<\/p>\n<p><\/div><\/div>\n<p>&nbsp;<\/p>\n<div id='proslide-20' class='large-12 columns nopadding proslide' style='background-image: url(\"\/wp-content\/themes\/jesuitak\/img\/carrusel\/proyecto2.jpg\");'><div class='textbox'><h4>SHARING EXPERIENCES<\/h4><\/p>\n<p>The aim of this project is that the experience of some may serve to motivate the rest through three different dynamics: Former pupils that have been professionally successful recount their experiences to current pupils at the school. Students currently studying AVT and who previously studied IVT relay their experience to today\u2019s students. Students that have taken part in the ERASMUS+ programme give the others their opinion on this activity.<\/p>\n<p><\/div><\/div>\n<p>&nbsp;<\/p>\n<div id='proslide-21' class='large-12 columns nopadding proslide' style='background-image: url(\"\/wp-content\/themes\/jesuitak\/img\/carrusel\/proyecto3.jpg\");'><div class='textbox'><h4>BUSINESS IN THE CLASSROOM<\/h4><\/p>\n<p>This project is designed to teach the business module in a different way in the classroom. A space divided into departments, like a company, and with interrelated tasks, also like a company,<br \/>\nbut without leaving the classroom. We introduce our students to the reality of the world of work.<\/p>\n<p><\/div><\/div>\n<p>&nbsp;<\/p>\n<div id='proslide-22' class='large-12 columns nopadding proslide' style='background-image: url(\"\/wp-content\/themes\/jesuitak\/img\/carrusel\/proyecto4.jpg\");'><div class='textbox'><h4>ERASMUS+<\/h4><\/p>\n<p>Students in vocational training can take part in the ERASMUS+ Programme through the Workplace Training module in a European country.<br \/>\nThey can put into practice everything they have learnt at the College and enjoy a work and personal experience of other cultures and countries.<\/p>\n<p><\/div><\/div>\n<p>&nbsp;<\/p>\n<div id='proslide-23' class='large-12 columns nopadding proslide' style='background-image: url(\"\/wp-content\/themes\/jesuitak\/img\/carrusel\/proyecto5.jpg\");'><div class='textbox'><h4>KEY COMPETENCIES<\/h4><\/p>\n<p>Growing professionally\u2026 Growing as a person. This is a supplementary module that is taught in Vocational Training to instruct students in a responsible approach to a job,<br \/>\nthe organisation of work, interpersonal relationships and the management of change, as competencies that are highly valued in the labour market.<\/p>\n<p><\/div><\/div>\n<p>&nbsp;<\/p>\n<div id='proslide-24' class='large-12 columns nopadding proslide' style='background-image: url(\"\/wp-content\/themes\/jesuitak\/img\/carrusel\/proyecto6.jpg\");'><div class='textbox'><h4>WEEK DEDICATED TO SAINT IGNATIUS<\/h4><\/p>\n<p>For one week a year, our pupils and students carry out activities related to the life of Saint Ignatius, designed to foster the fours \u201cCs\u201d of Ignatius\u2019s teachings, seeking to educate people that are conscientious, compassionate, competent and committed..<\/p>\n<p><\/div><\/div>\n<p>&nbsp;<\/p>\n<div id='proslide-25' class='large-12 columns nopadding proslide' style='background-image: url(\"\/wp-content\/themes\/jesuitak\/img\/carrusel\/proyecto7.jpg\");'><div class='textbox'><h4>DUAL TRAINING<\/h4><\/p>\n<p>Our Vocational Training has two projects adopting a dual approach, one in the advanced level of Automotion and the other in the advanced level of Development of Web Applications,<br \/>\nwhere students in Year 1 undertake placements in companies, being able from the first day to train both at the company and at the college.<\/p>\n<p><\/div><\/div>\n<p>&nbsp;<\/p>\n<div id='proslide-26' class='large-12 columns nopadding proslide' style='background-image: url(\"\/wp-content\/themes\/jesuitak\/img\/carrusel\/proyecto8.jpg\");'><div class='textbox'><h4>HEALTHY BREAKFAST<\/h4><\/p>\n<p>We are taught the importance of a healthy breakfast from a very young age, so in Vocational Training we take this to heart and encourage our students by holding workshops on learning<br \/>\nhow to start the day in a healthy manner, in collaboration with partner businesses.<\/p>\n<p><\/div><\/div>\n<p>&nbsp;<\/p>\n<div id='proslide-27' class='large-12 columns nopadding proslide' style='background-image: url(\"\/wp-content\/themes\/jesuitak\/img\/carrusel\/proyecto9.jpg\");'><div class='textbox'><h4>VISITING MY FUTURE COMPANY<\/h4><\/p>\n<p>It is very important for Vocational Training students to know the company where they are going to undertake their future placements, so we constantly arrange visits to companies to discover the reality of work.<\/p>\n<p><\/div><\/div>\n<p>&nbsp;<\/p>\n<div id='proslide-28' class='large-12 columns nopadding proslide' style='background-image: url(\"\/wp-content\/themes\/jesuitak\/img\/carrusel\/proyecto10.jpg\");'><div class='textbox'><h4>RIOJA SKILLS \u2013 SPAIN SKILLS<\/h4><\/p>\n<p>&nbsp;<\/p>\n<p><\/div><\/div>\n<p>&nbsp;<\/p>\n<div id='proslide-29' class='large-12 columns nopadding proslide' style='background-image: url(\"\/wp-content\/themes\/jesuitak\/img\/carrusel\/proyecto11.jpg\");'><div class='textbox'><h4>PROJECT-BASED WORK: BUILDING A ROBOTIC ARM<\/h4><\/p>\n<p>&nbsp;<\/p>\n<p><\/div><\/div>\n<p>&nbsp;<\/p>\n<div id='proslide-30' class='large-12 columns nopadding proslide' style='background-image: url(\"\/wp-content\/themes\/jesuitak\/img\/carrusel\/proyecto12.jpg\");'><div class='textbox'><h4>WORK-LINKED PLACEMENTS<\/h4><\/p>\n<p>So close to the business\u2026Undertaking work-linked placement from the first day.<\/p>\n<p><\/div><\/div>\n<p>&nbsp;<\/p>\n<div id='proslide-31' class='large-12 columns nopadding proslide' style='background-image: url(\"\/wp-content\/themes\/jesuitak\/img\/carrusel\/proyecto13.jpg\");'><div class='textbox'><h4>TUTORIALS AMONG EQUALS<\/h4><\/p>\n<p>We apply the \u201cDel Experto\u201d [Of the Expert] method, whereby those students that have already studied IVT and are now in AVT share their knowledge with their peers from other courses.<\/p>\n<p><\/div><\/div>\n<p>&nbsp;<\/p>\n<div id='proslide-32' class='large-12 columns nopadding proslide' style='background-image: url(\"\/wp-content\/themes\/jesuitak\/img\/carrusel\/proyecto14.jpg\");'><div class='textbox'><h4>VIRTUAL SUPPORT IN THE CLASSROOM<\/h4><\/p>\n<p>As a support tool for students, the IT department has used the Moodle platform to design high-quality online courses for each one of the subjects taught in IVT and AVT. The aim is to provide our students with a digital support for our face-to-face courses that will enable them not only to access the syllabus content, but also to communicate with teachers<br \/>\nand monitor their progress with their study assignments.<\/p>\n<p><\/div><\/div>\n<p>&nbsp;<\/p>\n<div id='proslide-33' class='large-12 columns nopadding proslide' style='background-image: url(\"\/wp-content\/themes\/jesuitak\/img\/carrusel\/proyecto15.jpg\");'><div class='textbox'><h4>DEVELOPMENT OF COMMUNICATION CAPABILITIES<\/h4><\/p>\n<p>Individual and group oral presentations are held to showcase the assignments carried out in the different areas. Their purpose is to teach students to express themselves in a professional and technical environment in which increasingly greater use is being made of IT media for accompanying a talk.<br \/>\nThe students show us their blogs, individual websites and the web tutorials they have created throughout the course as a way of expressing what they have learnt in class. The aim of these \u201cworkshops\u201d is to improve their use of language, their \u201ccomposure\u201d in front of an audience, their ability to teamwork while respecting other people\u2019s turn to speak<br \/>\nand making a proportional division of the presentation, improving and exercising their communications skills and, in short, developing their communication capabilities.<\/p>\n<p><\/div><\/div>\n<p>&nbsp;<\/p>\n<div id='proslide-34' class='large-12 columns nopadding proslide' style='background-image: url(\"\/wp-content\/themes\/jesuitak\/img\/carrusel\/proyecto16.jpg\");'><div class='textbox'><h4>RECYCLING AS A LAST RESORT, EVERYTHING SHOULD HAVE A SECOND CHANCE<\/h4><\/p>\n<p>Based on the notion that everything we learn should be put into practice in everyday life, a working party has been set up accordingly. Students are encouraged to bring all kinds of broken equipment to class and try to repair it. In addition, a collection basket has been provided so that anyone in the school community can use it to leave the \u201cjunk\u201d they no longer use, but which is \u201cvaluable\u201d for our students. The aim is for students to learn that theoretical content has a practical application, making them feel motivated and proud of themselves when they manage to tackle a real case, and do so successfully.<\/p>\n<p><\/div><\/div>\n<p>&nbsp;<\/p>\n<div id='proslide-35' class='large-12 columns nopadding proslide' style='background-image: url(\"\/wp-content\/themes\/jesuitak\/img\/carrusel\/proyecto17.jpg\");'><div class='textbox'><h4>PROGRAMAM\u00c9<\/h4><\/p>\n<p>ProgramaMe is a Spanish software programming competition for students enrolled on vocational training courses. Each student in an AVT Dual-Bilingual course takes part in the regional heat in Zaragoza, forming teams of three, and whose motivation goes beyond having a fun day-out doing what they like doing. They use their programming knowledge to prepare for it and improve their skills to overcome the challenges they are posed. Are you up for it?<\/p>\n<p><\/div><\/div>\n<p>&nbsp;<\/p>\n<div id='proslide-36' class='large-12 columns nopadding proslide' style='background-image: url(\"\/wp-content\/themes\/jesuitak\/img\/carrusel\/proyecto18.jpg\");'><div class='textbox'><h4>JOINING TOGETHER<\/h4><\/p>\n<p>Students in Year 1 of BVT in Electricity and Electronics and in the first years of IVT in Electrical and Automatic Installations share electricity workshop practicals.<\/p>\n<p><\/div><\/div>\n<p><div class='controls'><span id='proslide-control-19' class='proslide-control'>&#9673;<\/span><span id='proslide-control-20' class='proslide-control'>&#9673;<\/span><span id='proslide-control-21' class='proslide-control'>&#9673;<\/span><span id='proslide-control-22' class='proslide-control'>&#9673;<\/span><span id='proslide-control-23' class='proslide-control'>&#9673;<\/span><span id='proslide-control-24' class='proslide-control'>&#9673;<\/span><span id='proslide-control-25' class='proslide-control'>&#9673;<\/span><span id='proslide-control-26' class='proslide-control'>&#9673;<\/span><span id='proslide-control-27' class='proslide-control'>&#9673;<\/span><span id='proslide-control-28' class='proslide-control'>&#9673;<\/span><span id='proslide-control-29' class='proslide-control'>&#9673;<\/span><span id='proslide-control-30' class='proslide-control'>&#9673;<\/span><span id='proslide-control-31' class='proslide-control'>&#9673;<\/span><span id='proslide-control-32' class='proslide-control'>&#9673;<\/span><span id='proslide-control-33' class='proslide-control'>&#9673;<\/span><span id='proslide-control-34' class='proslide-control'>&#9673;<\/span><span id='proslide-control-35' class='proslide-control'>&#9673;<\/span><span id='proslide-control-36' class='proslide-control'>&#9673;<\/span><\/div><div  class='select'><select><option value='proslide-19'>KART CROSS DESIGN AND CONSTRUCTION<\/option><option value='proslide-20'>SHARING EXPERIENCES<\/option><option value='proslide-21'>BUSINESS IN THE CLASSROOM<\/option><option value='proslide-22'>ERASMUS+<\/option><option value='proslide-23'>KEY COMPETENCIES<\/option><option value='proslide-24'>WEEK DEDICATED TO SAINT IGNATIUS<\/option><option value='proslide-25'>DUAL TRAINING<\/option><option value='proslide-26'>HEALTHY BREAKFAST<\/option><option value='proslide-27'>VISITING MY FUTURE COMPANY<\/option><option value='proslide-28'>RIOJA SKILLS \u2013 SPAIN SKILLS<\/option><option value='proslide-29'>PROJECT-BASED WORK: BUILDING A ROBOTIC ARM<\/option><option value='proslide-30'>WORK-LINKED PLACEMENTS<\/option><option value='proslide-31'>TUTORIALS AMONG EQUALS<\/option><option value='proslide-32'>VIRTUAL SUPPORT IN THE CLASSROOM<\/option><option value='proslide-33'>DEVELOPMENT OF COMMUNICATION CAPABILITIES<\/option><option value='proslide-34'>RECYCLING AS A LAST RESORT, EVERYTHING SHOULD HAVE A SECOND CHANCE<\/option><option value='proslide-35'>PROGRAMAM\u00c9<\/option><option value='proslide-36'>JOINING TOGETHER<\/option><\/select> \/ Choose<\/div><\/div><\/section><\/p>","protected":false},"excerpt":{"rendered":"","protected":false},"author":1,"featured_media":2118,"parent":2184,"menu_order":40,"comment_status":"closed","ping_status":"closed","template":"","meta":{"_acf_changed":false,"footnotes":""},"acf":[],"yoast_head":"<!-- This site is optimized with the Yoast SEO Premium plugin v23.4 (Yoast SEO v24.2) - https:\/\/yoast.com\/wordpress\/plugins\/seo\/ -->\n<title>Projects - Jesuitas Logro\u00f1o<\/title>\n<meta name=\"robots\" content=\"index, follow, max-snippet:-1, max-image-preview:large, max-video-preview:-1\" \/>\n<link rel=\"canonical\" href=\"https:\/\/www.jesuitasrioja.org\/en\/education\/training-and-employment\/vocational-training\/proyectos\/\" \/>\n<meta property=\"og:locale\" content=\"en_US\" \/>\n<meta property=\"og:type\" content=\"article\" \/>\n<meta property=\"og:title\" content=\"Projects\" \/>\n<meta property=\"og:url\" content=\"https:\/\/www.jesuitasrioja.org\/en\/education\/training-and-employment\/vocational-training\/proyectos\/\" \/>\n<meta property=\"og:site_name\" content=\"Jesuitas Logro\u00f1o\" \/>\n<meta property=\"article:publisher\" content=\"https:\/\/www.facebook.com\/jesuitasrioja?locale=es_ES\" \/>\n<meta property=\"article:modified_time\" content=\"2019-02-20T11:09:00+00:00\" \/>\n<meta property=\"og:image\" content=\"https:\/\/www.jesuitasrioja.org\/wp-content\/uploads\/2018\/01\/B_Formacio\u0301nProfesional.jpg\" \/>\n\t<meta property=\"og:image:width\" content=\"2257\" \/>\n\t<meta property=\"og:image:height\" content=\"340\" \/>\n\t<meta property=\"og:image:type\" content=\"image\/jpeg\" \/>\n<meta name=\"twitter:card\" content=\"summary_large_image\" \/>\n<meta name=\"twitter:site\" content=\"@jesuitasrioja\" \/>\n<meta name=\"twitter:label1\" content=\"Est. reading time\" \/>\n\t<meta name=\"twitter:data1\" content=\"12 minutes\" \/>\n<script type=\"application\/ld+json\" class=\"yoast-schema-graph\">{\"@context\":\"https:\/\/schema.org\",\"@graph\":[{\"@type\":\"WebPage\",\"@id\":\"https:\/\/www.jesuitasrioja.org\/en\/education\/training-and-employment\/vocational-training\/proyectos\/\",\"url\":\"https:\/\/www.jesuitasrioja.org\/en\/education\/training-and-employment\/vocational-training\/proyectos\/\",\"name\":\"Projects - Jesuitas Logro\u00f1o\",\"isPartOf\":{\"@id\":\"https:\/\/www.jesuitasrioja.org\/#website\"},\"primaryImageOfPage\":{\"@id\":\"https:\/\/www.jesuitasrioja.org\/en\/education\/training-and-employment\/vocational-training\/proyectos\/#primaryimage\"},\"image\":{\"@id\":\"https:\/\/www.jesuitasrioja.org\/en\/education\/training-and-employment\/vocational-training\/proyectos\/#primaryimage\"},\"thumbnailUrl\":\"https:\/\/www.jesuitasrioja.org\/wp-content\/uploads\/2018\/01\/B_Formacio\u0301nProfesional.jpg\",\"datePublished\":\"2018-01-09T14:06:37+00:00\",\"dateModified\":\"2019-02-20T11:09:00+00:00\",\"breadcrumb\":{\"@id\":\"https:\/\/www.jesuitasrioja.org\/en\/education\/training-and-employment\/vocational-training\/proyectos\/#breadcrumb\"},\"inLanguage\":\"en-US\",\"potentialAction\":[{\"@type\":\"ReadAction\",\"target\":[\"https:\/\/www.jesuitasrioja.org\/en\/education\/training-and-employment\/vocational-training\/proyectos\/\"]}]},{\"@type\":\"ImageObject\",\"inLanguage\":\"en-US\",\"@id\":\"https:\/\/www.jesuitasrioja.org\/en\/education\/training-and-employment\/vocational-training\/proyectos\/#primaryimage\",\"url\":\"https:\/\/www.jesuitasrioja.org\/wp-content\/uploads\/2018\/01\/B_Formacio\u0301nProfesional.jpg\",\"contentUrl\":\"https:\/\/www.jesuitasrioja.org\/wp-content\/uploads\/2018\/01\/B_Formacio\u0301nProfesional.jpg\",\"width\":2257,\"height\":340},{\"@type\":\"BreadcrumbList\",\"@id\":\"https:\/\/www.jesuitasrioja.org\/en\/education\/training-and-employment\/vocational-training\/proyectos\/#breadcrumb\",\"itemListElement\":[{\"@type\":\"ListItem\",\"position\":1,\"name\":\"Portada\",\"item\":\"https:\/\/www.jesuitasrioja.org\/en\/inicio\/\"},{\"@type\":\"ListItem\",\"position\":2,\"name\":\"Education\",\"item\":\"https:\/\/www.jesuitasrioja.org\/en\/education\/\"},{\"@type\":\"ListItem\",\"position\":3,\"name\":\"Training and employment\",\"item\":\"https:\/\/www.jesuitasrioja.org\/en\/education\/training-and-employment\/\"},{\"@type\":\"ListItem\",\"position\":4,\"name\":\"Vocational Training\",\"item\":\"https:\/\/www.jesuitasrioja.org\/en\/education\/training-and-employment\/vocational-training\/\"},{\"@type\":\"ListItem\",\"position\":5,\"name\":\"Projects\"}]},{\"@type\":\"WebSite\",\"@id\":\"https:\/\/www.jesuitasrioja.org\/#website\",\"url\":\"https:\/\/www.jesuitasrioja.org\/\",\"name\":\"Jesuitas Logro\u00f1o\",\"description\":\"Centro Sagrado Coraz\u00f3n - Jesuitas Logro\u00f1o\",\"publisher\":{\"@id\":\"https:\/\/www.jesuitasrioja.org\/#organization\"},\"potentialAction\":[{\"@type\":\"SearchAction\",\"target\":{\"@type\":\"EntryPoint\",\"urlTemplate\":\"https:\/\/www.jesuitasrioja.org\/?s={search_term_string}\"},\"query-input\":{\"@type\":\"PropertyValueSpecification\",\"valueRequired\":true,\"valueName\":\"search_term_string\"}}],\"inLanguage\":\"en-US\"},{\"@type\":\"Organization\",\"@id\":\"https:\/\/www.jesuitasrioja.org\/#organization\",\"name\":\"Centro Sagrado Coraz\u00f3n Jesuitas\",\"url\":\"https:\/\/www.jesuitasrioja.org\/\",\"logo\":{\"@type\":\"ImageObject\",\"inLanguage\":\"en-US\",\"@id\":\"https:\/\/www.jesuitasrioja.org\/#\/schema\/logo\/image\/\",\"url\":\"https:\/\/www.jesuitasrioja.org\/wp-content\/uploads\/2020\/09\/Logo-completo-peque\u00f1o.png\",\"contentUrl\":\"https:\/\/www.jesuitasrioja.org\/wp-content\/uploads\/2020\/09\/Logo-completo-peque\u00f1o.png\",\"width\":300,\"height\":300,\"caption\":\"Centro Sagrado Coraz\u00f3n Jesuitas\"},\"image\":{\"@id\":\"https:\/\/www.jesuitasrioja.org\/#\/schema\/logo\/image\/\"},\"sameAs\":[\"https:\/\/www.facebook.com\/jesuitasrioja?locale=es_ES\",\"https:\/\/x.com\/jesuitasrioja\",\"https:\/\/www.instagram.com\/jesuitasrioja\/\"]}]}<\/script>\n<!-- \/ Yoast SEO Premium plugin. -->","yoast_head_json":{"title":"Projects - Jesuitas Logro\u00f1o","robots":{"index":"index","follow":"follow","max-snippet":"max-snippet:-1","max-image-preview":"max-image-preview:large","max-video-preview":"max-video-preview:-1"},"canonical":"https:\/\/www.jesuitasrioja.org\/en\/education\/training-and-employment\/vocational-training\/proyectos\/","og_locale":"en_US","og_type":"article","og_title":"Projects","og_url":"https:\/\/www.jesuitasrioja.org\/en\/education\/training-and-employment\/vocational-training\/proyectos\/","og_site_name":"Jesuitas Logro\u00f1o","article_publisher":"https:\/\/www.facebook.com\/jesuitasrioja?locale=es_ES","article_modified_time":"2019-02-20T11:09:00+00:00","og_image":[{"width":2257,"height":340,"url":"https:\/\/www.jesuitasrioja.org\/wp-content\/uploads\/2018\/01\/B_Formacio\u0301nProfesional.jpg","type":"image\/jpeg"}],"twitter_card":"summary_large_image","twitter_site":"@jesuitasrioja","twitter_misc":{"Est. reading time":"12 minutes"},"schema":{"@context":"https:\/\/schema.org","@graph":[{"@type":"WebPage","@id":"https:\/\/www.jesuitasrioja.org\/en\/education\/training-and-employment\/vocational-training\/proyectos\/","url":"https:\/\/www.jesuitasrioja.org\/en\/education\/training-and-employment\/vocational-training\/proyectos\/","name":"Projects - Jesuitas Logro\u00f1o","isPartOf":{"@id":"https:\/\/www.jesuitasrioja.org\/#website"},"primaryImageOfPage":{"@id":"https:\/\/www.jesuitasrioja.org\/en\/education\/training-and-employment\/vocational-training\/proyectos\/#primaryimage"},"image":{"@id":"https:\/\/www.jesuitasrioja.org\/en\/education\/training-and-employment\/vocational-training\/proyectos\/#primaryimage"},"thumbnailUrl":"https:\/\/www.jesuitasrioja.org\/wp-content\/uploads\/2018\/01\/B_Formacio\u0301nProfesional.jpg","datePublished":"2018-01-09T14:06:37+00:00","dateModified":"2019-02-20T11:09:00+00:00","breadcrumb":{"@id":"https:\/\/www.jesuitasrioja.org\/en\/education\/training-and-employment\/vocational-training\/proyectos\/#breadcrumb"},"inLanguage":"en-US","potentialAction":[{"@type":"ReadAction","target":["https:\/\/www.jesuitasrioja.org\/en\/education\/training-and-employment\/vocational-training\/proyectos\/"]}]},{"@type":"ImageObject","inLanguage":"en-US","@id":"https:\/\/www.jesuitasrioja.org\/en\/education\/training-and-employment\/vocational-training\/proyectos\/#primaryimage","url":"https:\/\/www.jesuitasrioja.org\/wp-content\/uploads\/2018\/01\/B_Formacio\u0301nProfesional.jpg","contentUrl":"https:\/\/www.jesuitasrioja.org\/wp-content\/uploads\/2018\/01\/B_Formacio\u0301nProfesional.jpg","width":2257,"height":340},{"@type":"BreadcrumbList","@id":"https:\/\/www.jesuitasrioja.org\/en\/education\/training-and-employment\/vocational-training\/proyectos\/#breadcrumb","itemListElement":[{"@type":"ListItem","position":1,"name":"Portada","item":"https:\/\/www.jesuitasrioja.org\/en\/inicio\/"},{"@type":"ListItem","position":2,"name":"Education","item":"https:\/\/www.jesuitasrioja.org\/en\/education\/"},{"@type":"ListItem","position":3,"name":"Training and employment","item":"https:\/\/www.jesuitasrioja.org\/en\/education\/training-and-employment\/"},{"@type":"ListItem","position":4,"name":"Vocational Training","item":"https:\/\/www.jesuitasrioja.org\/en\/education\/training-and-employment\/vocational-training\/"},{"@type":"ListItem","position":5,"name":"Projects"}]},{"@type":"WebSite","@id":"https:\/\/www.jesuitasrioja.org\/#website","url":"https:\/\/www.jesuitasrioja.org\/","name":"Jesuitas Logro\u00f1o","description":"Centro Sagrado Coraz\u00f3n - Jesuitas Logro\u00f1o","publisher":{"@id":"https:\/\/www.jesuitasrioja.org\/#organization"},"potentialAction":[{"@type":"SearchAction","target":{"@type":"EntryPoint","urlTemplate":"https:\/\/www.jesuitasrioja.org\/?s={search_term_string}"},"query-input":{"@type":"PropertyValueSpecification","valueRequired":true,"valueName":"search_term_string"}}],"inLanguage":"en-US"},{"@type":"Organization","@id":"https:\/\/www.jesuitasrioja.org\/#organization","name":"Centro Sagrado Coraz\u00f3n Jesuitas","url":"https:\/\/www.jesuitasrioja.org\/","logo":{"@type":"ImageObject","inLanguage":"en-US","@id":"https:\/\/www.jesuitasrioja.org\/#\/schema\/logo\/image\/","url":"https:\/\/www.jesuitasrioja.org\/wp-content\/uploads\/2020\/09\/Logo-completo-peque\u00f1o.png","contentUrl":"https:\/\/www.jesuitasrioja.org\/wp-content\/uploads\/2020\/09\/Logo-completo-peque\u00f1o.png","width":300,"height":300,"caption":"Centro Sagrado Coraz\u00f3n Jesuitas"},"image":{"@id":"https:\/\/www.jesuitasrioja.org\/#\/schema\/logo\/image\/"},"sameAs":["https:\/\/www.facebook.com\/jesuitasrioja?locale=es_ES","https:\/\/x.com\/jesuitasrioja","https:\/\/www.instagram.com\/jesuitasrioja\/"]}]}},"_links":{"self":[{"href":"https:\/\/www.jesuitasrioja.org\/en\/wp-json\/wp\/v2\/pages\/2116"}],"collection":[{"href":"https:\/\/www.jesuitasrioja.org\/en\/wp-json\/wp\/v2\/pages"}],"about":[{"href":"https:\/\/www.jesuitasrioja.org\/en\/wp-json\/wp\/v2\/types\/page"}],"author":[{"embeddable":true,"href":"https:\/\/www.jesuitasrioja.org\/en\/wp-json\/wp\/v2\/users\/1"}],"replies":[{"embeddable":true,"href":"https:\/\/www.jesuitasrioja.org\/en\/wp-json\/wp\/v2\/comments?post=2116"}],"version-history":[{"count":1,"href":"https:\/\/www.jesuitasrioja.org\/en\/wp-json\/wp\/v2\/pages\/2116\/revisions"}],"predecessor-version":[{"id":2610,"href":"https:\/\/www.jesuitasrioja.org\/en\/wp-json\/wp\/v2\/pages\/2116\/revisions\/2610"}],"up":[{"embeddable":true,"href":"https:\/\/www.jesuitasrioja.org\/en\/wp-json\/wp\/v2\/pages\/2184"}],"wp:featuredmedia":[{"embeddable":true,"href":"https:\/\/www.jesuitasrioja.org\/en\/wp-json\/wp\/v2\/media\/2118"}],"wp:attachment":[{"href":"https:\/\/www.jesuitasrioja.org\/en\/wp-json\/wp\/v2\/media?parent=2116"}],"curies":[{"name":"wp","href":"https:\/\/api.w.org\/{rel}","templated":true}]}}