{"id":2114,"date":"2018-01-17T08:53:11","date_gmt":"2018-01-17T08:53:11","guid":{"rendered":"http:\/\/www.jesuitasrioja.org\/politica-de-cookies\/"},"modified":"2022-02-17T16:53:43","modified_gmt":"2022-02-17T16:53:43","slug":"policy-on-cookies","status":"publish","type":"page","link":"https:\/\/www.jesuitasrioja.org\/en\/policy-on-cookies\/","title":{"rendered":"Cookies"},"content":{"rendered":"<p>A cookie is a file that is downloaded onto your computer when you access certain websites. Among other things, cookies allow a website to store and recover information on the browsing habits of a user or their computer and, depending on the information they contain and the way you use your computer, can be used to recognise the user.<\/p>\n<p>Cookies are essential for the proper operation of the Internet, offering countless advantages in the provision of interactive services, while facilitating the users&#8217; browsing experience and website usability.<\/p>\n<p>The information provided below will help you to understand the different types of cookies:<\/p>\n<table>\n<tbody>\n<tr>\n<td colspan=\"3\">\u00a0\u00a0\u00a0 \u00a0\u00a0\u00a0 \u00a0\u00a0\u00a0 \u00a0\u00a0\u00a0 <b><i>TYPES <\/i><\/b><b><i>\u00a0\u00a0\u00a0 <\/i><\/b><b><i>\u00a0\u00a0\u00a0 <\/i><\/b><b><i>\u00a0\u00a0\u00a0 <\/i><\/b><b><i>\u00a0\u00a0\u00a0 <\/i><\/b><b><i>OF COOKIES<\/i><\/b><\/p>\n<p>&nbsp;<\/td>\n<\/tr>\n<tr>\n<td rowspan=\"2\">&nbsp;<\/p>\n<p>&nbsp;<\/p>\n<p>&nbsp;<\/p>\n<p>&nbsp;<\/p>\n<p>&nbsp;<\/p>\n<p><i>ACCORDING <\/i><i>\u00a0\u00a0\u00a0 <\/i><i>\u00a0\u00a0\u00a0 <\/i><i>\u00a0\u00a0\u00a0 <\/i><i>\u00a0\u00a0\u00a0 <\/i><i>TO THE ENTITY THAT MANAGES THEM<\/i><\/p>\n<p>&nbsp;<\/td>\n<td>&nbsp;<\/p>\n<p>&nbsp;<\/p>\n<p>&nbsp;<\/p>\n<p><i>Own <\/i><i>\u00a0\u00a0\u00a0 <\/i><i>\u00a0\u00a0\u00a0 <\/i><i>\u00a0\u00a0\u00a0 <\/i><i>\u00a0\u00a0\u00a0 <\/i><i>cookies <\/i><\/p>\n<p>&nbsp;<\/td>\n<td>\u00a0\u00a0\u00a0 \u00a0\u00a0\u00a0 \u00a0\u00a0\u00a0 \u00a0\u00a0\u00a0 <i>These <\/i><i>\u00a0\u00a0\u00a0 <\/i><i>\u00a0\u00a0\u00a0 <\/i><i>\u00a0\u00a0\u00a0 <\/i><i>\u00a0\u00a0\u00a0 <\/i><i>cookies are gathered by the website publisher itself, in order to <\/i><i>\u00a0\u00a0\u00a0 <\/i><i>\u00a0\u00a0\u00a0 <\/i><i>\u00a0\u00a0\u00a0 <\/i><i>\u00a0\u00a0\u00a0 <\/i><i>provide the service requested by the user.<\/i><\/p>\n<p>&nbsp;<\/td>\n<\/tr>\n<tr>\n<td>&nbsp;<\/p>\n<p>&nbsp;<\/p>\n<p>&nbsp;<\/p>\n<p><i>Third-party <\/i><i>\u00a0\u00a0\u00a0 <\/i><i>\u00a0\u00a0\u00a0 <\/i><i>\u00a0\u00a0\u00a0 <\/i><i>\u00a0\u00a0\u00a0 <\/i><i>cookies<\/i><\/p>\n<p>&nbsp;<\/td>\n<td>\u00a0\u00a0\u00a0 \u00a0\u00a0\u00a0 \u00a0\u00a0\u00a0 \u00a0\u00a0\u00a0 <i>These <\/i><i>\u00a0\u00a0\u00a0 <\/i><i>\u00a0\u00a0\u00a0 <\/i><i>\u00a0\u00a0\u00a0 <\/i><i>\u00a0\u00a0\u00a0 <\/i><i>cookies are gathered and managed by a third party, and cannot be <\/i><i>\u00a0\u00a0\u00a0 <\/i><i>\u00a0\u00a0\u00a0 <\/i><i>\u00a0\u00a0\u00a0 <\/i><i>\u00a0\u00a0\u00a0 <\/i><i>considered our own cookies. <\/i><\/p>\n<p>&nbsp;<\/td>\n<\/tr>\n<tr>\n<td rowspan=\"2\">&nbsp;<\/p>\n<p>&nbsp;<\/p>\n<p>&nbsp;<\/p>\n<p>&nbsp;<\/p>\n<p>&nbsp;<\/p>\n<p><i>ACCORDING <\/i><i>\u00a0\u00a0\u00a0 <\/i><i>\u00a0\u00a0\u00a0 <\/i><i>\u00a0\u00a0\u00a0 <\/i><i>\u00a0\u00a0\u00a0 <\/i><i>TO THE AMOUNT OF TIME THEY REMAIN ACTIVE<\/i><\/p>\n<p>&nbsp;<\/td>\n<td>&nbsp;<\/p>\n<p>&nbsp;<\/p>\n<p>&nbsp;<\/p>\n<p><i>Session <\/i><i>\u00a0\u00a0\u00a0 <\/i><i>\u00a0\u00a0\u00a0 <\/i><i>\u00a0\u00a0\u00a0 <\/i><i>\u00a0\u00a0\u00a0 <\/i><i>cookies <\/i><\/p>\n<p>&nbsp;<\/td>\n<td>\u00a0\u00a0\u00a0 \u00a0\u00a0\u00a0 \u00a0\u00a0\u00a0 \u00a0\u00a0\u00a0 <i>These <\/i><i>\u00a0\u00a0\u00a0 <\/i><i>\u00a0\u00a0\u00a0 <\/i><i>\u00a0\u00a0\u00a0 <\/i><i>\u00a0\u00a0\u00a0 <\/i><i>cookies collect information for as long as the user browses the <\/i><i>\u00a0\u00a0\u00a0 <\/i><i>\u00a0\u00a0\u00a0 <\/i><i>\u00a0\u00a0\u00a0 <\/i><i>\u00a0\u00a0\u00a0 <\/i><i>webpage, in order to provide the requested service.<\/i><\/p>\n<p>&nbsp;<\/td>\n<\/tr>\n<tr>\n<td>&nbsp;<\/p>\n<p>&nbsp;<\/p>\n<p>&nbsp;<\/p>\n<p><i>Persistent <\/i><i>\u00a0\u00a0\u00a0 <\/i><i>\u00a0\u00a0\u00a0 <\/i><i>\u00a0\u00a0\u00a0 <\/i><i>\u00a0\u00a0\u00a0 <\/i><i>cookies<\/i><\/p>\n<p>&nbsp;<\/td>\n<td>\u00a0\u00a0\u00a0 \u00a0\u00a0\u00a0 \u00a0\u00a0\u00a0 \u00a0\u00a0\u00a0 <i>These <\/i><i>\u00a0\u00a0\u00a0 <\/i><i>\u00a0\u00a0\u00a0 <\/i><i>\u00a0\u00a0\u00a0 <\/i><i>\u00a0\u00a0\u00a0 <\/i><i>are stored in the terminal, and the information obtained will be <\/i><i>\u00a0\u00a0\u00a0 <\/i><i>\u00a0\u00a0\u00a0 <\/i><i>\u00a0\u00a0\u00a0 <\/i><i>\u00a0\u00a0\u00a0 <\/i><i>used by the entity in charge of the cookie to provide the <\/i><i>\u00a0\u00a0\u00a0 <\/i><i>\u00a0\u00a0\u00a0 <\/i><i>\u00a0\u00a0\u00a0 <\/i><i>\u00a0\u00a0\u00a0 <\/i><i>requested service<\/i><\/p>\n<p>&nbsp;<\/td>\n<\/tr>\n<tr>\n<td rowspan=\"5\">&nbsp;<\/p>\n<p>&nbsp;<\/p>\n<p>&nbsp;<\/p>\n<p>&nbsp;<\/p>\n<p>&nbsp;<\/p>\n<p><i>ACCORDING <\/i><i>\u00a0\u00a0\u00a0 <\/i><i>\u00a0\u00a0\u00a0 <\/i><i>\u00a0\u00a0\u00a0 <\/i><i>\u00a0\u00a0\u00a0 <\/i><i>TO THEIR PURPOSE<\/i><\/p>\n<p>&nbsp;<\/td>\n<td>&nbsp;<\/p>\n<p>&nbsp;<\/p>\n<p>&nbsp;<\/p>\n<p><i>Technical <\/i><i>\u00a0\u00a0\u00a0 <\/i><i>\u00a0\u00a0\u00a0 <\/i><i>\u00a0\u00a0\u00a0 <\/i><i>\u00a0\u00a0\u00a0 <\/i><i>cookies <\/i><\/p>\n<p>&nbsp;<\/td>\n<td>\u00a0\u00a0\u00a0 \u00a0\u00a0\u00a0 \u00a0\u00a0\u00a0 \u00a0\u00a0\u00a0 <i>These <\/i><i>\u00a0\u00a0\u00a0 <\/i><i>\u00a0\u00a0\u00a0 <\/i><i>\u00a0\u00a0\u00a0 <\/i><i>\u00a0\u00a0\u00a0 <\/i><i>are needed for the correct browsing of the web.<\/i><\/p>\n<p>&nbsp;<\/td>\n<\/tr>\n<tr>\n<td>&nbsp;<\/p>\n<p>&nbsp;<\/p>\n<p>&nbsp;<\/p>\n<p><i>Customised <\/i><i>\u00a0\u00a0\u00a0 <\/i><i>\u00a0\u00a0\u00a0 <\/i><i>\u00a0\u00a0\u00a0 <\/i><i>\u00a0\u00a0\u00a0 <\/i><i>cookies<\/i><\/p>\n<p>&nbsp;<\/td>\n<td>\u00a0\u00a0\u00a0 \u00a0\u00a0\u00a0 \u00a0\u00a0\u00a0 \u00a0\u00a0\u00a0 <i>These <\/i><i>\u00a0\u00a0\u00a0 <\/i><i>\u00a0\u00a0\u00a0 <\/i><i>\u00a0\u00a0\u00a0 <\/i><i>\u00a0\u00a0\u00a0 <\/i><i>allow the user to choose certain features (e.g. language) during <\/i><i>\u00a0\u00a0\u00a0 <\/i><i>\u00a0\u00a0\u00a0 <\/i><i>\u00a0\u00a0\u00a0 <\/i><i>\u00a0\u00a0\u00a0 <\/i><i>their browsing of the website<\/i><\/p>\n<p>&nbsp;<\/td>\n<\/tr>\n<tr>\n<td>&nbsp;<\/p>\n<p>&nbsp;<\/p>\n<p>&nbsp;<\/p>\n<p><i>Analytical <\/i><i>\u00a0\u00a0\u00a0 <\/i><i>\u00a0\u00a0\u00a0 <\/i><i>\u00a0\u00a0\u00a0 <\/i><i>\u00a0\u00a0\u00a0 <\/i><i>cookies<\/i><\/p>\n<p>&nbsp;<\/td>\n<td>\u00a0\u00a0\u00a0 \u00a0\u00a0\u00a0 \u00a0\u00a0\u00a0 \u00a0\u00a0\u00a0 <i>These <\/i><i>\u00a0\u00a0\u00a0 <\/i><i>\u00a0\u00a0\u00a0 <\/i><i>\u00a0\u00a0\u00a0 <\/i><i>\u00a0\u00a0\u00a0 <\/i><i>allow the provider of a service to associate browsing behaviour <\/i><i>\u00a0\u00a0\u00a0 <\/i><i>\u00a0\u00a0\u00a0 <\/i><i>\u00a0\u00a0\u00a0 <\/i><i>\u00a0\u00a0\u00a0 <\/i><i>with a user, in order to understand their use of the webpage and <\/i><i>\u00a0\u00a0\u00a0 <\/i><i>\u00a0\u00a0\u00a0 <\/i><i>\u00a0\u00a0\u00a0 <\/i><i>\u00a0\u00a0\u00a0 <\/i><i>to analyse statistics on the most-visited content, number of <\/i><i>\u00a0\u00a0\u00a0 <\/i><i>\u00a0\u00a0\u00a0 <\/i><i>\u00a0\u00a0\u00a0 <\/i><i>\u00a0\u00a0\u00a0 <\/i><i>visitors, etc. <\/i><\/p>\n<p>&nbsp;<\/td>\n<\/tr>\n<tr>\n<td>&nbsp;<\/p>\n<p>&nbsp;<\/p>\n<p>&nbsp;<\/p>\n<p><i>Publicity <\/i><i>\u00a0\u00a0\u00a0 <\/i><i>\u00a0\u00a0\u00a0 <\/i><i>\u00a0\u00a0\u00a0 <\/i><i>\u00a0\u00a0\u00a0 <\/i><i>cookies<\/i><\/p>\n<p>&nbsp;<\/td>\n<td>\u00a0\u00a0\u00a0 \u00a0\u00a0\u00a0 \u00a0\u00a0\u00a0 \u00a0\u00a0\u00a0 <i>These <\/i><i>\u00a0\u00a0\u00a0 <\/i><i>\u00a0\u00a0\u00a0 <\/i><i>\u00a0\u00a0\u00a0 <\/i><i>\u00a0\u00a0\u00a0 <\/i><i>allow the website publisher to include advertisements on their <\/i><i>\u00a0\u00a0\u00a0 <\/i><i>\u00a0\u00a0\u00a0 <\/i><i>\u00a0\u00a0\u00a0 <\/i><i>\u00a0\u00a0\u00a0 <\/i><i>webpage that are adapted to its content.<\/i><\/p>\n<p>&nbsp;<\/td>\n<\/tr>\n<tr>\n<td>&nbsp;<\/p>\n<p>&nbsp;<\/p>\n<p>&nbsp;<\/p>\n<p><i>Behavioural <\/i><i>\u00a0\u00a0\u00a0 <\/i><i>\u00a0\u00a0\u00a0 <\/i><i>\u00a0\u00a0\u00a0 <\/i><i>\u00a0\u00a0\u00a0 <\/i><i>publicity cookies<\/i><\/p>\n<p>&nbsp;<\/td>\n<td>\u00a0\u00a0\u00a0 \u00a0\u00a0\u00a0 \u00a0\u00a0\u00a0 \u00a0\u00a0\u00a0 <i>These <\/i><i>\u00a0\u00a0\u00a0 <\/i><i>\u00a0\u00a0\u00a0 <\/i><i>\u00a0\u00a0\u00a0 <\/i><i>\u00a0\u00a0\u00a0 <\/i><i>allow the website publisher to include advertisements on their <\/i><i>\u00a0\u00a0\u00a0 <\/i><i>\u00a0\u00a0\u00a0 <\/i><i>\u00a0\u00a0\u00a0 <\/i><i>\u00a0\u00a0\u00a0 <\/i><i>webpage that are adapted to the information obtained on the <\/i><i>\u00a0\u00a0\u00a0 <\/i><i>\u00a0\u00a0\u00a0 <\/i><i>\u00a0\u00a0\u00a0 <\/i><i>\u00a0\u00a0\u00a0 <\/i><i>user\u2019s browsing habits.<\/i><\/p>\n<p>&nbsp;<\/td>\n<\/tr>\n<\/tbody>\n<\/table>\n<p>As provided in Article 22.2 of Law 34\/2002, of 11th June, on Information Society Services and Electronic Commerce (LSSI-CE), <b>COLEGIO Y ESCUELA PROFESIONAL SAGRADO CORAZ\u00d3N<\/b> (<b>C.E.P SAGRADO CORAZ\u00d3N<\/b>) informs users of the cookies used on our website:<\/p>\n<table>\n<tbody>\n<tr>\n<td colspan=\"2\" rowspan=\"2\">&nbsp;<\/p>\n<p>&nbsp;<\/p>\n<p>&nbsp;<\/td>\n<td colspan=\"4\">&nbsp;<\/p>\n<p>&nbsp;<\/p>\n<p>&nbsp;<\/p>\n<p>&nbsp;<\/p>\n<p>&nbsp;<\/p>\n<p>&nbsp;<\/p>\n<p><b><i>TYPES <\/i><\/b><b><i>\u00a0\u00a0\u00a0 <\/i><\/b><b><i>\u00a0\u00a0\u00a0 <\/i><\/b><b><i>\u00a0\u00a0\u00a0 <\/i><\/b><b><i>OF COOKIES<\/i><\/b><\/p>\n<p>&nbsp;<\/td>\n<\/tr>\n<tr>\n<td>&nbsp;<\/p>\n<p>&nbsp;<\/p>\n<p>&nbsp;<\/p>\n<p><i>Own <\/i><i>\u00a0\u00a0\u00a0 <\/i><i>\u00a0\u00a0\u00a0 <\/i><i>\u00a0\u00a0\u00a0 <\/i><i>cookies<\/i><\/p>\n<p>&nbsp;<\/td>\n<td>&nbsp;<\/p>\n<p>&nbsp;<\/p>\n<p>&nbsp;<\/p>\n<p><i>Third-party <\/i><i>\u00a0\u00a0\u00a0 <\/i><i>\u00a0\u00a0\u00a0 <\/i><i>\u00a0\u00a0\u00a0 <\/i><i>cookies<\/i><\/p>\n<p>&nbsp;<\/td>\n<td>&nbsp;<\/p>\n<p>&nbsp;<\/p>\n<p>&nbsp;<\/p>\n<p><i>Session <\/i><i>\u00a0\u00a0\u00a0 <\/i><i>\u00a0\u00a0\u00a0 <\/i><i>\u00a0\u00a0\u00a0 <\/i><i>cookies<\/i><\/p>\n<p>&nbsp;<\/td>\n<td>&nbsp;<\/p>\n<p>&nbsp;<\/p>\n<p>&nbsp;<\/p>\n<p><i>Persistent <\/i><i>\u00a0\u00a0\u00a0 <\/i><i>\u00a0\u00a0\u00a0 <\/i><i>\u00a0\u00a0\u00a0 <\/i><i>cookies<\/i><\/p>\n<p>&nbsp;<\/td>\n<\/tr>\n<tr>\n<td rowspan=\"5\">&nbsp;<\/p>\n<p>&nbsp;<\/p>\n<p>&nbsp;<\/p>\n<p><b><i>PURPOSE<\/i><\/b><\/p>\n<p>&nbsp;<\/td>\n<td>&nbsp;<\/p>\n<p>&nbsp;<\/p>\n<p>&nbsp;<\/p>\n<p><i>Technical <\/i><i>\u00a0\u00a0\u00a0 <\/i><i>\u00a0\u00a0\u00a0 <\/i><i>\u00a0\u00a0\u00a0 <\/i><i>cookies<\/i><\/p>\n<p>&nbsp;<\/td>\n<td>&nbsp;<\/p>\n<p>&nbsp;<\/p>\n<p>&nbsp;<\/p>\n<p><i>x<\/i><\/p>\n<p>&nbsp;<\/td>\n<td>&nbsp;<\/p>\n<p>&nbsp;<\/p>\n<p>&nbsp;<\/p>\n<p>&nbsp;<\/p>\n<p>&nbsp;<\/td>\n<td>&nbsp;<\/p>\n<p>&nbsp;<\/p>\n<p>&nbsp;<\/p>\n<p>&nbsp;<\/p>\n<p>&nbsp;<\/td>\n<td>&nbsp;<\/p>\n<p>&nbsp;<\/p>\n<p>&nbsp;<\/p>\n<p><i>x<\/i><\/p>\n<p>&nbsp;<\/p>\n<p>&nbsp;<\/p>\n<p>&nbsp;<\/td>\n<\/tr>\n<tr>\n<td>&nbsp;<\/p>\n<p>&nbsp;<\/p>\n<p>&nbsp;<\/p>\n<p><i>Customised <\/i><i>\u00a0\u00a0\u00a0 <\/i><i>\u00a0\u00a0\u00a0 <\/i><i>\u00a0\u00a0\u00a0 <\/i><i>cookies<\/i><\/p>\n<p>&nbsp;<\/td>\n<td>&nbsp;<\/p>\n<p>&nbsp;<\/p>\n<p>&nbsp;<\/p>\n<p><i>X<\/i><\/p>\n<p>&nbsp;<\/td>\n<td>&nbsp;<\/p>\n<p>&nbsp;<\/p>\n<p>&nbsp;<\/td>\n<td>&nbsp;<\/p>\n<p>&nbsp;<\/p>\n<p>&nbsp;<\/td>\n<td>&nbsp;<\/p>\n<p>&nbsp;<\/p>\n<p>&nbsp;<\/p>\n<p><i>x<\/i><\/p>\n<p>&nbsp;<\/td>\n<\/tr>\n<tr>\n<td>&nbsp;<\/p>\n<p>&nbsp;<\/p>\n<p>&nbsp;<\/p>\n<p><i>Analytical <\/i><i>\u00a0\u00a0\u00a0 <\/i><i>\u00a0\u00a0\u00a0 <\/i><i>\u00a0\u00a0\u00a0 <\/i><i>cookies<\/i><\/p>\n<p>&nbsp;<\/td>\n<td>&nbsp;<\/p>\n<p>&nbsp;<\/p>\n<p>&nbsp;<\/p>\n<p>&nbsp;<\/p>\n<p>&nbsp;<\/td>\n<td>&nbsp;<\/p>\n<p>&nbsp;<\/p>\n<p>&nbsp;<\/p>\n<p><i>x<\/i><\/p>\n<p>&nbsp;<\/p>\n<p>&nbsp;<\/p>\n<p>&nbsp;<\/td>\n<td>&nbsp;<\/p>\n<p>&nbsp;<\/p>\n<p>&nbsp;<\/p>\n<p><i>x<\/i><\/p>\n<p>&nbsp;<\/td>\n<td>&nbsp;<\/p>\n<p>&nbsp;<\/p>\n<p>&nbsp;<\/p>\n<p><i>x<\/i><\/p>\n<p>&nbsp;<\/td>\n<\/tr>\n<tr>\n<td>&nbsp;<\/p>\n<p>&nbsp;<\/p>\n<p>&nbsp;<\/p>\n<p><i>Publicity <\/i><i>\u00a0\u00a0\u00a0 <\/i><i>\u00a0\u00a0\u00a0 <\/i><i>\u00a0\u00a0\u00a0 <\/i><i>cookies<\/i><\/p>\n<p>&nbsp;<\/td>\n<td>&nbsp;<\/p>\n<p>&nbsp;<\/p>\n<p>&nbsp;<\/td>\n<td>&nbsp;<\/p>\n<p>&nbsp;<\/p>\n<p>&nbsp;<\/td>\n<td>&nbsp;<\/p>\n<p>&nbsp;<\/p>\n<p>&nbsp;<\/td>\n<td>&nbsp;<\/p>\n<p>&nbsp;<\/p>\n<p>&nbsp;<\/td>\n<\/tr>\n<tr>\n<td>&nbsp;<\/p>\n<p>&nbsp;<\/p>\n<p>&nbsp;<\/p>\n<p><i>Behavioural <\/i><i>\u00a0\u00a0\u00a0 <\/i><i>\u00a0\u00a0\u00a0 <\/i><i>\u00a0\u00a0\u00a0 <\/i><i>publicity cookies<\/i><\/p>\n<p>&nbsp;<\/td>\n<td>&nbsp;<\/p>\n<p>&nbsp;<\/p>\n<p>&nbsp;<\/td>\n<td>&nbsp;<\/p>\n<p>&nbsp;<\/p>\n<p>&nbsp;<\/td>\n<td>&nbsp;<\/p>\n<p>&nbsp;<\/p>\n<p>&nbsp;<\/td>\n<td>&nbsp;<\/p>\n<p>&nbsp;<\/p>\n<p>&nbsp;<\/td>\n<\/tr>\n<\/tbody>\n<\/table>\n<p>You can disable the use of cookies whenever you think fit using the settings or configuration options on your browser. These allow you to block, restrict, disable or remove cookies. However, we would like to remind you that if you decide to change the settings on the cookies, the service provided by the website could be partially or totally impaired.<\/p>\n<p>We would like to inform you that you can configure the browser in such a way as to inform you about the reception of cookies, so as to prevent them from being installed on your hard disk, should you so desire.<\/p>\n<p>Below, we provide links for different browsers that can be used to complete this configuration:<\/p>\n<p><b><i>For Firefox, click here:<\/i><\/b><i> http:\/\/support.mozilla.org\/es\/kb\/habilitar-y-deshabilitar-cookies-que-los-sitios-we<\/i><\/p>\n<p><b><i>For Chrome, click here: <\/i><\/b><i>http:\/\/support.google.com\/chrome\/bin\/answer.py?hl=es&amp;answer=95647<\/i><\/p>\n<p><b><i>For Explorer, click here:<\/i><\/b><i> http:\/\/windows.microsoft.com\/es-es\/internet-explorer\/delete-manage-cookies#ie=ie-10<\/i><\/p>\n<p><b><i>For Safari, click here:<\/i><\/b><i> https:\/\/support.apple.com\/kb\/ph17191?locale=es_ES<\/i><\/p>\n<p><b><i>For Opera, click here:<\/i><\/b><i> http:\/\/help.opera.com\/Windows\/11.50\/es-ES\/cookies.html\u201d<\/i><\/p>\n<p><b>We use cookies from Google Analytics:<\/b><\/p>\n<p><b>Analysis<\/b><\/p>\n<p>We use the Google Analytics tool to anonymously measure the way the website is used, so as to improve your user experience.<\/p>\n<p><b>Google Analytics:<\/b> Stores cookies in order to be able to generate statistics on traffic and number of visitors to the website. Your use of this website constitutes acceptance of your information being used by Google. As a result, in order to exercise any of your rights in this regard, you must contact Google directly.<\/p>\n<p>Google Analytics cookies are stored in servers located in the United States, and are not shared with third parties, except in cases where doing so is necessary for the proper operation of the system or when the law obligates Google to do so. According to Google, your IP address is not stored.<\/p>\n<p>Google Inc. is a company participating in \u201cPrivacy Shield\u201d, which guarantees that all the transferred information will be treated with a level of protection in accordance with European regulations.<\/p>\n<p>You may consult detailed information on this aspect by clicking on the following link: https:\/\/support.google.com\/analytics\/answer\/6004245.<\/p>\n<p>If you so desire, you can use the Google Analytics opt-out plugin; by following their instructions, you can reject analytical cookies from this service in all browsers.<\/p>\n<p>You can find more information on this by clicking on the following link: https:\/\/tools.google.com\/dlpage\/gaoptout<\/p>","protected":false},"excerpt":{"rendered":"<p>A cookie is a file that is downloaded onto your computer when you access certain websites. Among other things, cookies allow a website to store and recover information on the browsing habits of a user or their computer and, depending on the information they contain and the way you use your computer, can be used [&hellip;]<\/p>\n","protected":false},"author":1,"featured_media":2115,"parent":0,"menu_order":1040,"comment_status":"closed","ping_status":"closed","template":"","meta":{"_acf_changed":false,"footnotes":""},"acf":[],"yoast_head":"<!-- This site is optimized with the Yoast SEO Premium plugin v23.4 (Yoast SEO v24.2) - https:\/\/yoast.com\/wordpress\/plugins\/seo\/ -->\n<title>Cookies - Jesuitas Logro\u00f1o<\/title>\n<meta name=\"robots\" content=\"index, follow, max-snippet:-1, max-image-preview:large, max-video-preview:-1\" \/>\n<link rel=\"canonical\" href=\"https:\/\/www.jesuitasrioja.org\/en\/policy-on-cookies\/\" \/>\n<meta property=\"og:locale\" content=\"en_US\" \/>\n<meta property=\"og:type\" content=\"article\" \/>\n<meta property=\"og:title\" content=\"Cookies\" \/>\n<meta property=\"og:description\" content=\"A cookie is a file that is downloaded onto your computer when you access certain websites. Among other things, cookies allow a website to store and recover information on the browsing habits of a user or their computer and, depending on the information they contain and the way you use your computer, can be used [&hellip;]\" \/>\n<meta property=\"og:url\" content=\"https:\/\/www.jesuitasrioja.org\/en\/policy-on-cookies\/\" \/>\n<meta property=\"og:site_name\" content=\"Jesuitas Logro\u00f1o\" \/>\n<meta property=\"article:publisher\" content=\"https:\/\/www.facebook.com\/jesuitasrioja?locale=es_ES\" \/>\n<meta property=\"article:modified_time\" content=\"2022-02-17T16:53:43+00:00\" \/>\n<meta property=\"og:image\" content=\"https:\/\/www.jesuitasrioja.org\/wp-content\/uploads\/2018\/01\/B_Documentos.jpg\" \/>\n\t<meta property=\"og:image:width\" content=\"2257\" \/>\n\t<meta property=\"og:image:height\" content=\"340\" \/>\n\t<meta property=\"og:image:type\" content=\"image\/jpeg\" \/>\n<meta name=\"twitter:card\" content=\"summary_large_image\" \/>\n<meta name=\"twitter:site\" content=\"@jesuitasrioja\" \/>\n<meta name=\"twitter:label1\" content=\"Est. reading time\" \/>\n\t<meta name=\"twitter:data1\" content=\"10 minutes\" \/>\n<script type=\"application\/ld+json\" class=\"yoast-schema-graph\">{\"@context\":\"https:\/\/schema.org\",\"@graph\":[{\"@type\":\"WebPage\",\"@id\":\"https:\/\/www.jesuitasrioja.org\/en\/policy-on-cookies\/\",\"url\":\"https:\/\/www.jesuitasrioja.org\/en\/policy-on-cookies\/\",\"name\":\"Cookies - Jesuitas Logro\u00f1o\",\"isPartOf\":{\"@id\":\"https:\/\/www.jesuitasrioja.org\/#website\"},\"primaryImageOfPage\":{\"@id\":\"https:\/\/www.jesuitasrioja.org\/en\/policy-on-cookies\/#primaryimage\"},\"image\":{\"@id\":\"https:\/\/www.jesuitasrioja.org\/en\/policy-on-cookies\/#primaryimage\"},\"thumbnailUrl\":\"https:\/\/www.jesuitasrioja.org\/wp-content\/uploads\/2018\/01\/B_Documentos.jpg\",\"datePublished\":\"2018-01-17T08:53:11+00:00\",\"dateModified\":\"2022-02-17T16:53:43+00:00\",\"breadcrumb\":{\"@id\":\"https:\/\/www.jesuitasrioja.org\/en\/policy-on-cookies\/#breadcrumb\"},\"inLanguage\":\"en-US\",\"potentialAction\":[{\"@type\":\"ReadAction\",\"target\":[\"https:\/\/www.jesuitasrioja.org\/en\/policy-on-cookies\/\"]}]},{\"@type\":\"ImageObject\",\"inLanguage\":\"en-US\",\"@id\":\"https:\/\/www.jesuitasrioja.org\/en\/policy-on-cookies\/#primaryimage\",\"url\":\"https:\/\/www.jesuitasrioja.org\/wp-content\/uploads\/2018\/01\/B_Documentos.jpg\",\"contentUrl\":\"https:\/\/www.jesuitasrioja.org\/wp-content\/uploads\/2018\/01\/B_Documentos.jpg\",\"width\":2257,\"height\":340},{\"@type\":\"BreadcrumbList\",\"@id\":\"https:\/\/www.jesuitasrioja.org\/en\/policy-on-cookies\/#breadcrumb\",\"itemListElement\":[{\"@type\":\"ListItem\",\"position\":1,\"name\":\"Portada\",\"item\":\"https:\/\/www.jesuitasrioja.org\/en\/inicio\/\"},{\"@type\":\"ListItem\",\"position\":2,\"name\":\"Cookies\"}]},{\"@type\":\"WebSite\",\"@id\":\"https:\/\/www.jesuitasrioja.org\/#website\",\"url\":\"https:\/\/www.jesuitasrioja.org\/\",\"name\":\"Jesuitas Logro\u00f1o\",\"description\":\"Centro Sagrado Coraz\u00f3n - Jesuitas Logro\u00f1o\",\"publisher\":{\"@id\":\"https:\/\/www.jesuitasrioja.org\/#organization\"},\"potentialAction\":[{\"@type\":\"SearchAction\",\"target\":{\"@type\":\"EntryPoint\",\"urlTemplate\":\"https:\/\/www.jesuitasrioja.org\/?s={search_term_string}\"},\"query-input\":{\"@type\":\"PropertyValueSpecification\",\"valueRequired\":true,\"valueName\":\"search_term_string\"}}],\"inLanguage\":\"en-US\"},{\"@type\":\"Organization\",\"@id\":\"https:\/\/www.jesuitasrioja.org\/#organization\",\"name\":\"Centro Sagrado Coraz\u00f3n Jesuitas\",\"url\":\"https:\/\/www.jesuitasrioja.org\/\",\"logo\":{\"@type\":\"ImageObject\",\"inLanguage\":\"en-US\",\"@id\":\"https:\/\/www.jesuitasrioja.org\/#\/schema\/logo\/image\/\",\"url\":\"https:\/\/www.jesuitasrioja.org\/wp-content\/uploads\/2020\/09\/Logo-completo-peque\u00f1o.png\",\"contentUrl\":\"https:\/\/www.jesuitasrioja.org\/wp-content\/uploads\/2020\/09\/Logo-completo-peque\u00f1o.png\",\"width\":300,\"height\":300,\"caption\":\"Centro Sagrado Coraz\u00f3n Jesuitas\"},\"image\":{\"@id\":\"https:\/\/www.jesuitasrioja.org\/#\/schema\/logo\/image\/\"},\"sameAs\":[\"https:\/\/www.facebook.com\/jesuitasrioja?locale=es_ES\",\"https:\/\/x.com\/jesuitasrioja\",\"https:\/\/www.instagram.com\/jesuitasrioja\/\"]}]}<\/script>\n<!-- \/ Yoast SEO Premium plugin. -->","yoast_head_json":{"title":"Cookies - Jesuitas Logro\u00f1o","robots":{"index":"index","follow":"follow","max-snippet":"max-snippet:-1","max-image-preview":"max-image-preview:large","max-video-preview":"max-video-preview:-1"},"canonical":"https:\/\/www.jesuitasrioja.org\/en\/policy-on-cookies\/","og_locale":"en_US","og_type":"article","og_title":"Cookies","og_description":"A cookie is a file that is downloaded onto your computer when you access certain websites. Among other things, cookies allow a website to store and recover information on the browsing habits of a user or their computer and, depending on the information they contain and the way you use your computer, can be used [&hellip;]","og_url":"https:\/\/www.jesuitasrioja.org\/en\/policy-on-cookies\/","og_site_name":"Jesuitas Logro\u00f1o","article_publisher":"https:\/\/www.facebook.com\/jesuitasrioja?locale=es_ES","article_modified_time":"2022-02-17T16:53:43+00:00","og_image":[{"width":2257,"height":340,"url":"https:\/\/www.jesuitasrioja.org\/wp-content\/uploads\/2018\/01\/B_Documentos.jpg","type":"image\/jpeg"}],"twitter_card":"summary_large_image","twitter_site":"@jesuitasrioja","twitter_misc":{"Est. reading time":"10 minutes"},"schema":{"@context":"https:\/\/schema.org","@graph":[{"@type":"WebPage","@id":"https:\/\/www.jesuitasrioja.org\/en\/policy-on-cookies\/","url":"https:\/\/www.jesuitasrioja.org\/en\/policy-on-cookies\/","name":"Cookies - Jesuitas Logro\u00f1o","isPartOf":{"@id":"https:\/\/www.jesuitasrioja.org\/#website"},"primaryImageOfPage":{"@id":"https:\/\/www.jesuitasrioja.org\/en\/policy-on-cookies\/#primaryimage"},"image":{"@id":"https:\/\/www.jesuitasrioja.org\/en\/policy-on-cookies\/#primaryimage"},"thumbnailUrl":"https:\/\/www.jesuitasrioja.org\/wp-content\/uploads\/2018\/01\/B_Documentos.jpg","datePublished":"2018-01-17T08:53:11+00:00","dateModified":"2022-02-17T16:53:43+00:00","breadcrumb":{"@id":"https:\/\/www.jesuitasrioja.org\/en\/policy-on-cookies\/#breadcrumb"},"inLanguage":"en-US","potentialAction":[{"@type":"ReadAction","target":["https:\/\/www.jesuitasrioja.org\/en\/policy-on-cookies\/"]}]},{"@type":"ImageObject","inLanguage":"en-US","@id":"https:\/\/www.jesuitasrioja.org\/en\/policy-on-cookies\/#primaryimage","url":"https:\/\/www.jesuitasrioja.org\/wp-content\/uploads\/2018\/01\/B_Documentos.jpg","contentUrl":"https:\/\/www.jesuitasrioja.org\/wp-content\/uploads\/2018\/01\/B_Documentos.jpg","width":2257,"height":340},{"@type":"BreadcrumbList","@id":"https:\/\/www.jesuitasrioja.org\/en\/policy-on-cookies\/#breadcrumb","itemListElement":[{"@type":"ListItem","position":1,"name":"Portada","item":"https:\/\/www.jesuitasrioja.org\/en\/inicio\/"},{"@type":"ListItem","position":2,"name":"Cookies"}]},{"@type":"WebSite","@id":"https:\/\/www.jesuitasrioja.org\/#website","url":"https:\/\/www.jesuitasrioja.org\/","name":"Jesuitas Logro\u00f1o","description":"Centro Sagrado Coraz\u00f3n - Jesuitas Logro\u00f1o","publisher":{"@id":"https:\/\/www.jesuitasrioja.org\/#organization"},"potentialAction":[{"@type":"SearchAction","target":{"@type":"EntryPoint","urlTemplate":"https:\/\/www.jesuitasrioja.org\/?s={search_term_string}"},"query-input":{"@type":"PropertyValueSpecification","valueRequired":true,"valueName":"search_term_string"}}],"inLanguage":"en-US"},{"@type":"Organization","@id":"https:\/\/www.jesuitasrioja.org\/#organization","name":"Centro Sagrado Coraz\u00f3n Jesuitas","url":"https:\/\/www.jesuitasrioja.org\/","logo":{"@type":"ImageObject","inLanguage":"en-US","@id":"https:\/\/www.jesuitasrioja.org\/#\/schema\/logo\/image\/","url":"https:\/\/www.jesuitasrioja.org\/wp-content\/uploads\/2020\/09\/Logo-completo-peque\u00f1o.png","contentUrl":"https:\/\/www.jesuitasrioja.org\/wp-content\/uploads\/2020\/09\/Logo-completo-peque\u00f1o.png","width":300,"height":300,"caption":"Centro Sagrado Coraz\u00f3n Jesuitas"},"image":{"@id":"https:\/\/www.jesuitasrioja.org\/#\/schema\/logo\/image\/"},"sameAs":["https:\/\/www.facebook.com\/jesuitasrioja?locale=es_ES","https:\/\/x.com\/jesuitasrioja","https:\/\/www.instagram.com\/jesuitasrioja\/"]}]}},"_links":{"self":[{"href":"https:\/\/www.jesuitasrioja.org\/en\/wp-json\/wp\/v2\/pages\/2114"}],"collection":[{"href":"https:\/\/www.jesuitasrioja.org\/en\/wp-json\/wp\/v2\/pages"}],"about":[{"href":"https:\/\/www.jesuitasrioja.org\/en\/wp-json\/wp\/v2\/types\/page"}],"author":[{"embeddable":true,"href":"https:\/\/www.jesuitasrioja.org\/en\/wp-json\/wp\/v2\/users\/1"}],"replies":[{"embeddable":true,"href":"https:\/\/www.jesuitasrioja.org\/en\/wp-json\/wp\/v2\/comments?post=2114"}],"version-history":[{"count":2,"href":"https:\/\/www.jesuitasrioja.org\/en\/wp-json\/wp\/v2\/pages\/2114\/revisions"}],"predecessor-version":[{"id":6076,"href":"https:\/\/www.jesuitasrioja.org\/en\/wp-json\/wp\/v2\/pages\/2114\/revisions\/6076"}],"wp:featuredmedia":[{"embeddable":true,"href":"https:\/\/www.jesuitasrioja.org\/en\/wp-json\/wp\/v2\/media\/2115"}],"wp:attachment":[{"href":"https:\/\/www.jesuitasrioja.org\/en\/wp-json\/wp\/v2\/media?parent=2114"}],"curies":[{"name":"wp","href":"https:\/\/api.w.org\/{rel}","templated":true}]}}